{"id":615,"date":"2021-06-10T01:31:37","date_gmt":"2021-06-10T01:31:37","guid":{"rendered":"https:\/\/miramar.tur.ar\/?page_id=615"},"modified":"2022-08-09T18:08:28","modified_gmt":"2022-08-09T18:08:28","slug":"centinela-del-mar","status":"publish","type":"page","link":"https:\/\/miramar.tur.ar\/index.php\/centinela-del-mar\/","title":{"rendered":"Centinela del Mar"},"content":{"rendered":"<p>[et_pb_section fb_built=\u00bb1&#8243; fullwidth=\u00bbon\u00bb _builder_version=\u00bb3.22&#8243; animation_style=\u00bbslide\u00bb animation_direction=\u00bbtop\u00bb animation_intensity_slide=\u00bb2%\u00bb animation_starting_opacity=\u00bb100%\u00bb][et_pb_fullwidth_header title=\u00bbCentinela del Mar\u00bb content_max_width=\u00bb800px\u00bb _builder_version=\u00bb4.9.4&#8243; title_level=\u00bbh2&#8243; title_font=\u00bbABeeZee||||||||\u00bb title_font_size=\u00bb60px\u00bb title_line_height=\u00bb1.2em\u00bb content_font=\u00bb||||||||\u00bb content_font_size=\u00bb20px\u00bb content_line_height=\u00bb1.8em\u00bb background_color=\u00bbrgba(255, 255, 255, 0)\u00bb use_background_color_gradient=\u00bbon\u00bb background_color_gradient_start=\u00bbrgba(0,0,0,0.75)\u00bb background_color_gradient_end=\u00bbrgba(0,0,0,0)\u00bb background_color_gradient_direction=\u00bb90deg\u00bb background_color_gradient_overlays_image=\u00bbon\u00bb background_image=\u00bbhttps:\/\/miramar.tur.ar\/wp-content\/uploads\/2021\/06\/CENTINELA-DEL-MAR-Pesca-desde-playa-scaled.jpg\u00bb custom_button_one=\u00bbon\u00bb button_one_text_size=\u00bb18px\u00bb button_one_bg_color=\u00bb#02d002&#8243; button_one_border_width=\u00bb8px\u00bb button_one_border_color=\u00bb#02d002&#8243; button_one_border_radius=\u00bb0px\u00bb button_one_letter_spacing=\u00bb1px\u00bb button_one_font=\u00bbLato|700|||||||\u00bb button_one_use_icon=\u00bboff\u00bb custom_button_two=\u00bbon\u00bb button_two_text_size=\u00bb18px\u00bb button_two_text_color=\u00bb#353740&#8243; button_two_bg_color=\u00bb#ffffff\u00bb button_two_border_width=\u00bb8px\u00bb button_two_border_color=\u00bb#ffffff\u00bb button_two_border_radius=\u00bb0px\u00bb button_two_letter_spacing=\u00bb1px\u00bb button_two_font=\u00bbLato|700|||||||\u00bb button_two_use_icon=\u00bboff\u00bb custom_margin=\u00bb|||\u00bb custom_padding=\u00bb8%||8%|\u00bb button_one_letter_spacing_hover=\u00bb1px\u00bb button_two_letter_spacing_hover=\u00bb1px\u00bb locked=\u00bboff\u00bb button_one_text_size__hover_enabled=\u00bboff\u00bb button_two_text_size__hover_enabled=\u00bboff\u00bb button_one_text_color__hover_enabled=\u00bboff\u00bb button_two_text_color__hover_enabled=\u00bboff\u00bb button_one_border_width__hover_enabled=\u00bboff\u00bb button_two_border_width__hover_enabled=\u00bboff\u00bb button_one_border_color__hover_enabled=\u00bboff\u00bb button_two_border_color__hover_enabled=\u00bboff\u00bb button_one_border_radius__hover_enabled=\u00bboff\u00bb button_two_border_radius__hover_enabled=\u00bboff\u00bb button_one_letter_spacing__hover_enabled=\u00bbon\u00bb button_one_letter_spacing__hover=\u00bb1px\u00bb button_two_letter_spacing__hover_enabled=\u00bbon\u00bb button_two_letter_spacing__hover=\u00bb1px\u00bb button_one_bg_color__hover_enabled=\u00bboff\u00bb button_two_bg_color__hover_enabled=\u00bboff\u00bb][\/et_pb_fullwidth_header][\/et_pb_section][et_pb_section fb_built=\u00bb1&#8243; admin_label=\u00bbOur Farmers Section\u00bb _builder_version=\u00bb3.22&#8243; custom_padding=\u00bb100px||62px|||\u00bb][et_pb_row admin_label=\u00bbOur Farmers Area\u00bb _builder_version=\u00bb3.25&#8243;][et_pb_column type=\u00bb4_4&#8243; _builder_version=\u00bb3.25&#8243; custom_padding=\u00bb|||\u00bb custom_padding__hover=\u00bb|||\u00bb][et_pb_text _builder_version=\u00bb4.9.4&#8243; _module_preset=\u00bbdefault\u00bb custom_margin=\u00bb||-19px|||\u00bb custom_padding=\u00bb||0px|||\u00bb]<\/p>\n<p><strong>CENTINELA DEL MAR<\/strong><\/p>\n<p><strong> <\/strong><\/p>\n<p><strong><\/strong><\/p>\n<p>[\/et_pb_text][et_pb_divider _builder_version=\u00bb4.9.4&#8243; _module_preset=\u00bbdefault\u00bb custom_margin=\u00bb10px||10px|||\u00bb][\/et_pb_divider][et_pb_text _builder_version=\u00bb4.9.4&#8243; _module_preset=\u00bbdefault\u00bb custom_margin=\u00bb||3px|||\u00bb custom_padding=\u00bb||21px|||\u00bb]<\/p>\n<p><strong>Actividad Principal:<\/strong> Parador Ecol\u00f3gico. En proceso de declaraci\u00f3n reserva natural.<\/p>\n<p>&nbsp;<\/p>\n<p>&nbsp;<\/p>\n<p>[\/et_pb_text][et_pb_text _builder_version=\u00bb4.9.4&#8243; _module_preset=\u00bbdefault\u00bb custom_margin=\u00bb||3px|||\u00bb custom_padding=\u00bb||4px|||\u00bb]<\/p>\n<p>Centinela del Mar es una peque\u00f1a localidad costera, situada al sur del Partido de General, al<br \/>cual se accede desde Miramar, por dos v\u00edas de comunicaci\u00f3n. Una de ellas es tomar la ruta 77,<br \/>luego la 88 hasta el acceso donde se divisa un peque\u00f1o silo, a pocos kil\u00f3metros del l\u00edmite con<br \/>el Partido de Lober\u00eda.<br \/>Luego se toma hacia la izquierda un camino de tosca y tras unos 15 kil\u00f3metros se llega al<br \/>destino.<br \/>Otra opci\u00f3n es ir desde la villa balnearia de Mar del Sud, por un trayecto de tierra con una<br \/>extensi\u00f3n de 35 kil\u00f3metros.<\/p>\n<p>&nbsp;<\/p>\n<p><strong> <\/strong><\/p>\n<p><strong><\/strong><\/p>\n<p>[\/et_pb_text][et_pb_gallery gallery_ids=\u00bb1892,1018,1019,1020,1021,1022,1023,1024&#8243; posts_number=\u00bb10&#8243; orientation=\u00bbportrait\u00bb show_title_and_caption=\u00bboff\u00bb show_pagination=\u00bboff\u00bb zoom_icon_color=\u00bb#FFFFFF\u00bb hover_overlay_color=\u00bbRGBA(0,148,170,0.43)\u00bb hover_icon=\u00bb%%363%%\u00bb _builder_version=\u00bb4.9.4&#8243; _module_preset=\u00bbdefault\u00bb hover_enabled=\u00bb0&#8243; sticky_enabled=\u00bb0&#8243;][\/et_pb_gallery][\/et_pb_column][\/et_pb_row][et_pb_row column_structure=\u00bb1_2,1_2&#8243; _builder_version=\u00bb4.9.4&#8243; _module_preset=\u00bbdefault\u00bb][et_pb_column type=\u00bb1_2&#8243; _builder_version=\u00bb4.9.4&#8243; _module_preset=\u00bbdefault\u00bb][et_pb_text _builder_version=\u00bb4.9.4&#8243; _module_preset=\u00bbdefault\u00bb]<\/p>\n<p style=\"text-align: justify;\"><strong>CARACTER\u00cdSTICAS<\/strong><br \/>Sus playas pr\u00e1cticamente v\u00edrgenes, solitarias y alejadas del ruido de las ciudades, posee todas las caracter\u00edsticas para disfrutar de un particular entorno en contacto pleno con la naturaleza.<br \/>El valor paisaj\u00edstico para la explotaci\u00f3n eco-tur\u00edstica de bajo impacto puede representar un interesante recurso econ\u00f3mico local, siempre que respete la intangibilidad necesaria que deben mantener muchos de sus sectores para lograr su sustentabilidad a largo plazo.<br \/>Por otra parte, el patrimonio hist\u00f3rico-cultural local es objeto de un creciente inter\u00e9s dada su trascendencia como legado identitario local, regional y nacional.<br \/>Estos ecosistemas litorales de alta relevancia biol\u00f3gica, preservan comunidades faun\u00edsticas y flor\u00edsticas aut\u00f3ctonas de la costa pampeana austral, incluyendo especies end\u00e9micas (por ej. la \u00abLagartija de las Dunas\u00bb; Liolaemus multimaculatus, declarada Monumento Natural de la Provincia de Buenos Aires en el marco de la Ley 10.907).<br \/>Actualmente existe un proyecto de Reserva Natural, que aguarda ser sancionado, el cual garantizar\u00eda la protecci\u00f3n de los restos f\u00f3siles que all\u00ed se encuentran y que son de gran importancia para comprender el pasado y la evoluci\u00f3n de las especies de la regi\u00f3n.<\/p>\n<p>[\/et_pb_text][\/et_pb_column][et_pb_column type=\u00bb1_2&#8243; _builder_version=\u00bb4.9.4&#8243; _module_preset=\u00bbdefault\u00bb][et_pb_text _builder_version=\u00bb4.9.4&#8243; _module_preset=\u00bbdefault\u00bb]<\/p>\n<p style=\"text-align: justify;\"><strong>SERVICIOS<\/strong><br \/>Centinela del Mar cuenta con un peque\u00f1o parador \u201cLa Lagartija\u201d, que recibe a los visitantes en lo que era la vieja usina. All\u00ed sus propietarios ofrecen bebidas y gastronom\u00eda b\u00e1sica, junto a un peque\u00f1o alojamiento para quienes desean pasar la noche.<br \/>All\u00ed hay un peque\u00f1o espacio, donde se exhiben objetos, fotograf\u00edas de pueblos originarios de la zona, entre ellos se destaca la comunidad Tehuelche.<br \/>Por otra parte, se encuentra la vieja escuela primaria 16 \u201cAlfonsina Storni\u201d, junto a un jard\u00edn.<br \/>Ambos fueron cerrados por falta de alumnos y sus instalaciones est\u00e1n siendo renovadas para que all\u00ed funcione una estaci\u00f3n cient\u00edfica, proyecto que encabeza el municipio junto a la Fundaci\u00f3n Azara, ya que se trata de un sitio paleontol\u00f3gico y arqueol\u00f3gico por excelencia, elegido por reconocidos investigadores. Cuenta con una capilla y un viejo hotel que funcion\u00f3 aproximadamente hasta finales de la d\u00e9cada del \u201980.<br \/>Como parte del paisaje edilicio, se destacan una serie de casas de veraneo, entre ellas un pintoresco y restaurado vag\u00f3n de tren.<\/p>\n<p>[\/et_pb_text][\/et_pb_column][\/et_pb_row][et_pb_row column_structure=\u00bb1_2,1_2&#8243; _builder_version=\u00bb4.9.4&#8243; _module_preset=\u00bbdefault\u00bb][et_pb_column type=\u00bb1_2&#8243; _builder_version=\u00bb4.9.4&#8243; _module_preset=\u00bbdefault\u00bb][et_pb_text _builder_version=\u00bb4.9.4&#8243; _module_preset=\u00bbdefault\u00bb]<\/p>\n<p><strong>ACTIVIDADES DE INTER\u00c9S<\/strong><br \/>Centinela del Mar ha comenzado a ser centro de una serie de encuentros vecinales y pe\u00f1as folcl\u00f3ricas que atrae un nutrido p\u00fablico durante la temporada estival, pugnando por conservar las tradiciones ancestrales, visitado por artistas pampeanos y patag\u00f3nicos.<br \/>Tradicionalmente se realiza all\u00ed, un encuentro de comunidades originarias, donde entre otros temas se reivindica los derechos ind\u00edgenas y se destacan los valores de conservaci\u00f3n de la flora y fauna aut\u00f3ctona.<\/p>\n<p><span style=\"font-size: x-small;\"><em>FUENTES: Faceebook: Proyecto Reserva Natural Centinela del Mar\/\/ Direcci\u00f3n de Promoci\u00f3n<\/em><\/span><br \/><span style=\"font-size: x-small;\"><em>Tur\u00edstica \u2013 Secretaria de Turismo, Cultura y Deporte (Municipio de General Alvarado).-<\/em><\/span><\/p>\n<p>[\/et_pb_text][\/et_pb_column][et_pb_column type=\u00bb1_2&#8243; _builder_version=\u00bb4.9.4&#8243; _module_preset=\u00bbdefault\u00bb][\/et_pb_column][\/et_pb_row][\/et_pb_section]<\/p>\n","protected":false},"excerpt":{"rendered":"<p>[et_pb_section fb_built=\u00bb1&#8243; fullwidth=\u00bbon\u00bb _builder_version=\u00bb3.22&#8243; animation_style=\u00bbslide\u00bb animation_direction=\u00bbtop\u00bb animation_intensity_slide=\u00bb2%\u00bb animation_starting_opacity=\u00bb100%\u00bb][et_pb_fullwidth_header title=\u00bbCentinela del Mar\u00bb content_max_width=\u00bb800px\u00bb _builder_version=\u00bb4.9.4&#8243; title_level=\u00bbh2&#8243; title_font=\u00bbABeeZee||||||||\u00bb title_font_size=\u00bb60px\u00bb title_line_height=\u00bb1.2em\u00bb content_font=\u00bb||||||||\u00bb content_font_size=\u00bb20px\u00bb content_line_height=\u00bb1.8em\u00bb background_color=\u00bbrgba(255, 255, 255, 0)\u00bb use_background_color_gradient=\u00bbon\u00bb background_color_gradient_start=\u00bbrgba(0,0,0,0.75)\u00bb background_color_gradient_end=\u00bbrgba(0,0,0,0)\u00bb background_color_gradient_direction=\u00bb90deg\u00bb background_color_gradient_overlays_image=\u00bbon\u00bb background_image=\u00bbhttps:\/\/miramar.tur.ar\/wp-content\/uploads\/2021\/06\/CENTINELA-DEL-MAR-Pesca-desde-playa-scaled.jpg\u00bb custom_button_one=\u00bbon\u00bb button_one_text_size=\u00bb18px\u00bb button_one_bg_color=\u00bb#02d002&#8243; button_one_border_width=\u00bb8px\u00bb button_one_border_color=\u00bb#02d002&#8243; button_one_border_radius=\u00bb0px\u00bb button_one_letter_spacing=\u00bb1px\u00bb button_one_font=\u00bbLato|700|||||||\u00bb button_one_use_icon=\u00bboff\u00bb custom_button_two=\u00bbon\u00bb button_two_text_size=\u00bb18px\u00bb button_two_text_color=\u00bb#353740&#8243; button_two_bg_color=\u00bb#ffffff\u00bb button_two_border_width=\u00bb8px\u00bb button_two_border_color=\u00bb#ffffff\u00bb button_two_border_radius=\u00bb0px\u00bb button_two_letter_spacing=\u00bb1px\u00bb button_two_font=\u00bbLato|700|||||||\u00bb button_two_use_icon=\u00bboff\u00bb custom_margin=\u00bb|||\u00bb custom_padding=\u00bb8%||8%|\u00bb button_one_letter_spacing_hover=\u00bb1px\u00bb button_two_letter_spacing_hover=\u00bb1px\u00bb locked=\u00bboff\u00bb button_one_text_size__hover_enabled=\u00bboff\u00bb [&hellip;]<\/p>\n","protected":false},"author":2,"featured_media":0,"parent":0,"menu_order":0,"comment_status":"closed","ping_status":"closed","template":"","meta":{"_et_pb_use_builder":"on","_et_pb_old_content":"","_et_gb_content_width":"","footnotes":""},"class_list":["post-615","page","type-page","status-publish","hentry"],"_links":{"self":[{"href":"https:\/\/miramar.tur.ar\/index.php\/wp-json\/wp\/v2\/pages\/615","targetHints":{"allow":["GET"]}}],"collection":[{"href":"https:\/\/miramar.tur.ar\/index.php\/wp-json\/wp\/v2\/pages"}],"about":[{"href":"https:\/\/miramar.tur.ar\/index.php\/wp-json\/wp\/v2\/types\/page"}],"author":[{"embeddable":true,"href":"https:\/\/miramar.tur.ar\/index.php\/wp-json\/wp\/v2\/users\/2"}],"replies":[{"embeddable":true,"href":"https:\/\/miramar.tur.ar\/index.php\/wp-json\/wp\/v2\/comments?post=615"}],"version-history":[{"count":7,"href":"https:\/\/miramar.tur.ar\/index.php\/wp-json\/wp\/v2\/pages\/615\/revisions"}],"predecessor-version":[{"id":1893,"href":"https:\/\/miramar.tur.ar\/index.php\/wp-json\/wp\/v2\/pages\/615\/revisions\/1893"}],"wp:attachment":[{"href":"https:\/\/miramar.tur.ar\/index.php\/wp-json\/wp\/v2\/media?parent=615"}],"curies":[{"name":"wp","href":"https:\/\/api.w.org\/{rel}","templated":true}]}}