{"id":6107,"date":"2024-12-03T15:15:51","date_gmt":"2024-12-03T15:15:51","guid":{"rendered":"https:\/\/miramar.tur.ar\/?page_id=6107"},"modified":"2024-12-04T16:03:54","modified_gmt":"2024-12-04T16:03:54","slug":"senderos-urbanos","status":"publish","type":"page","link":"https:\/\/miramar.tur.ar\/index.php\/senderos-urbanos\/","title":{"rendered":"Senderos Urbanos"},"content":{"rendered":"<p>[et_pb_section fb_built=\u00bb1&#8243; _builder_version=\u00bb4.9.4&#8243; _module_preset=\u00bbdefault\u00bb background_color=\u00bb#0A95AA\u00bb custom_padding=\u00bb||0px|||\u00bb][et_pb_row _builder_version=\u00bb4.9.4&#8243; _module_preset=\u00bbdefault\u00bb custom_padding=\u00bb||15px|||\u00bb][et_pb_column type=\u00bb4_4&#8243; _builder_version=\u00bb4.9.4&#8243; _module_preset=\u00bbdefault\u00bb][et_pb_image src=\u00bbhttps:\/\/miramar.tur.ar\/wp-content\/uploads\/2024\/12\/logo-eco-senderos.png\u00bb title_text=\u00bblogo eco senderos\u00bb _builder_version=\u00bb4.9.4&#8243; _module_preset=\u00bbdefault\u00bb width=\u00bb42%\u00bb max_width=\u00bb70%\u00bb module_alignment=\u00bbcenter\u00bb hover_enabled=\u00bb0&#8243; sticky_enabled=\u00bb0&#8243;][\/et_pb_image][\/et_pb_column][\/et_pb_row][\/et_pb_section][et_pb_section fb_built=\u00bb1&#8243; _builder_version=\u00bb4.9.4&#8243; _module_preset=\u00bbdefault\u00bb background_color=\u00bb#FFFFFF\u00bb hover_enabled=\u00bb0&#8243; sticky_enabled=\u00bb0&#8243;][et_pb_row column_structure=\u00bb1_2,1_2&#8243; _builder_version=\u00bb4.9.4&#8243; _module_preset=\u00bbdefault\u00bb custom_padding=\u00bb55px||5px|||\u00bb][et_pb_column type=\u00bb1_2&#8243; _builder_version=\u00bb4.9.4&#8243; _module_preset=\u00bbdefault\u00bb][et_pb_text _builder_version=\u00bb4.9.4&#8243; _module_preset=\u00bbdefault\u00bb]<\/p>\n<p><span style=\"color: #000000;\">La pr\u00e1ctica del eco senderismo, promueve el cuidado del ambiente, el respeto por la naturaleza y es una actividad sustentable que permite conocer la geograf\u00eda y la historia del lugar. A trav\u00e9s de estos recorridos que se pueden realizar de manera autoguiada o bien en compa\u00f1\u00eda de profesionales <\/span><span style=\"color: #ffffff;\"><span style=\"color: #000000;\">especializados en patrimonio biol\u00f3gico, ambiental y paisaj\u00edstico de Miramar y nuestra regi\u00f3n.<\/span><br \/><span style=\"color: #000000;\">Entre las actividades propuestas se proponen la contemplaci\u00f3n del mar, la geograf\u00eda costera, conocer m\u00e1s sobre el perfil hist\u00f3rico urbano, Parque Cultural, Parque de los Patricios y paisajes del paseo Costanero Norte.<\/span><br \/><\/span><\/p>\n<p>[\/et_pb_text][\/et_pb_column][et_pb_column type=\u00bb1_2&#8243; _builder_version=\u00bb4.9.4&#8243; _module_preset=\u00bbdefault\u00bb][et_pb_text _builder_version=\u00bb4.9.4&#8243; _module_preset=\u00bbdefault\u00bb]<\/p>\n<p style=\"text-align: justify;\"><span style=\"color: #000000;\">Tambi\u00e9n se brindar\u00e1n charlas sobre aviturismo, ya que la costa Atl\u00e1ntica <\/span><span style=\"color: #ffffff;\"><span style=\"color: #000000;\">Bonaerense posee una diversa variedad de especies de aves, que se podr\u00e1n contemplar y <\/span><\/span><span style=\"color: #000000;\">fotografiar.<\/span><br \/><span style=\"color: #000000;\">Los circuitos cuentan con buena accesibilidad y los recorridos poseen baja dificultad y con la finalidad de realizar caminatas tranquilas, utilizando los senderos establecidos.<\/span><br \/><span style=\"color: #000000;\">La interpretaci\u00f3n ambiental y cultural, son una herramienta extraordinaria de aprendizaje, impulsando a trav\u00e9s de los conversatorios la conservaci\u00f3n y la prevenci\u00f3n ambiental, por lo tanto son ideales para realizar en familia o bien en compa\u00f1\u00eda de personas con los mismos intereses de cuidado y preservaci\u00f3n del entorno natural y cultural.<\/span><\/p>\n<p>[\/et_pb_text][\/et_pb_column][\/et_pb_row][\/et_pb_section][et_pb_section fb_built=\u00bb1&#8243; _builder_version=\u00bb4.9.4&#8243; _module_preset=\u00bbdefault\u00bb background_color=\u00bb#FFFFFF\u00bb hover_enabled=\u00bb0&#8243; sticky_enabled=\u00bb0&#8243; disabled_on=\u00bbon|on|off\u00bb][et_pb_row column_structure=\u00bb1_3,1_3,1_3&#8243; use_custom_gutter=\u00bbon\u00bb gutter_width=\u00bb1&#8243; _builder_version=\u00bb4.9.4&#8243; _module_preset=\u00bbdefault\u00bb width=\u00bb97%\u00bb max_width=\u00bb2560px\u00bb custom_padding=\u00bb||5px|||\u00bb][et_pb_column type=\u00bb1_3&#8243; _builder_version=\u00bb4.9.4&#8243; _module_preset=\u00bbdefault\u00bb][et_pb_image src=\u00bbhttps:\/\/miramar.tur.ar\/wp-content\/uploads\/2024\/12\/Ecos-Senderos-Urbanos-1-scaled.jpg\u00bb title_text=\u00bbEcos Senderos Urbanos-grande\u00bb url=\u00bbhttps:\/\/miramar.tur.ar\/wp-content\/uploads\/2024\/12\/Ecos-Senderos-Urbanos-1.pdf\u00bb _builder_version=\u00bb4.9.4&#8243; _module_preset=\u00bbdefault\u00bb hover_enabled=\u00bb0&#8243; background_enable_image=\u00bboff\u00bb sticky_enabled=\u00bb0&#8243;][\/et_pb_image][\/et_pb_column][et_pb_column type=\u00bb1_3&#8243; _builder_version=\u00bb4.9.4&#8243; _module_preset=\u00bbdefault\u00bb][et_pb_image src=\u00bbhttps:\/\/miramar.tur.ar\/wp-content\/uploads\/2024\/12\/Ecos-Senderos-Urbanos-2-scaled.jpg\u00bb title_text=\u00bbEcos Senderos Urbanos 2&#8243; url=\u00bbhttps:\/\/miramar.tur.ar\/wp-content\/uploads\/2024\/12\/Ecos-Senderos-Urbanos-2.pdf\u00bb _builder_version=\u00bb4.9.4&#8243; _module_preset=\u00bbdefault\u00bb hover_enabled=\u00bb0&#8243; sticky_enabled=\u00bb0&#8243;][\/et_pb_image][\/et_pb_column][et_pb_column type=\u00bb1_3&#8243; _builder_version=\u00bb4.9.4&#8243; _module_preset=\u00bbdefault\u00bb][et_pb_image src=\u00bbhttps:\/\/miramar.tur.ar\/wp-content\/uploads\/2024\/12\/Ecos-Senderos-Urbanos-3-scaled.jpg\u00bb title_text=\u00bbEcos Senderos Urbanos 3&#8243; url=\u00bbhttps:\/\/miramar.tur.ar\/wp-content\/uploads\/2024\/12\/Ecos-Senderos-Urbanos-3.pdf\u00bb _builder_version=\u00bb4.9.4&#8243; _module_preset=\u00bbdefault\u00bb hover_enabled=\u00bb0&#8243; sticky_enabled=\u00bb0&#8243;][\/et_pb_image][\/et_pb_column][\/et_pb_row][\/et_pb_section][et_pb_section fb_built=\u00bb1&#8243; _builder_version=\u00bb4.9.4&#8243; _module_preset=\u00bbdefault\u00bb background_color=\u00bb#FFFFFF\u00bb hover_enabled=\u00bb0&#8243; sticky_enabled=\u00bb0&#8243; locked=\u00bboff\u00bb disabled_on=\u00bboff|off|on\u00bb custom_padding=\u00bb||||false|false\u00bb][et_pb_row _builder_version=\u00bb4.9.4&#8243; _module_preset=\u00bbdefault\u00bb width=\u00bb100%\u00bb max_width=\u00bb1254px\u00bb hover_enabled=\u00bb0&#8243; sticky_enabled=\u00bb0&#8243; use_custom_gutter=\u00bbon\u00bb gutter_width=\u00bb1&#8243;][et_pb_column _builder_version=\u00bb4.9.4&#8243; _module_preset=\u00bbdefault\u00bb type=\u00bb4_4&#8243;][et_pb_image src=\u00bbhttps:\/\/miramar.tur.ar\/wp-content\/uploads\/2024\/12\/Ecos-Senderos-Urbanos-1-scaled.jpg\u00bb _builder_version=\u00bb4.9.4&#8243; _module_preset=\u00bbdefault\u00bb title_text=\u00bbEcos Senderos Urbanos 1&#8243; hover_enabled=\u00bb0&#8243; sticky_enabled=\u00bb0&#8243; align=\u00bbcenter\u00bb force_fullwidth=\u00bbon\u00bb url=\u00bbhttps:\/\/miramar.tur.ar\/wp-content\/uploads\/2024\/12\/Ecos-Senderos-Urbanos-1.pdf\u00bb][\/et_pb_image][et_pb_image src=\u00bbhttps:\/\/miramar.tur.ar\/wp-content\/uploads\/2024\/12\/Ecos-Senderos-Urbanos-2-scaled.jpg\u00bb _builder_version=\u00bb4.9.4&#8243; _module_preset=\u00bbdefault\u00bb title_text=\u00bbEcos Senderos Urbanos 2&#8243; hover_enabled=\u00bb0&#8243; sticky_enabled=\u00bb0&#8243; align=\u00bbcenter\u00bb force_fullwidth=\u00bbon\u00bb url=\u00bbhttps:\/\/miramar.tur.ar\/wp-content\/uploads\/2024\/12\/Ecos-Senderos-Urbanos-2.pdf\u00bb][\/et_pb_image][et_pb_image src=\u00bbhttps:\/\/miramar.tur.ar\/wp-content\/uploads\/2024\/12\/Ecos-Senderos-Urbanos-3-scaled.jpg\u00bb _builder_version=\u00bb4.9.4&#8243; _module_preset=\u00bbdefault\u00bb title_text=\u00bbEcos Senderos Urbanos 3&#8243; hover_enabled=\u00bb0&#8243; sticky_enabled=\u00bb0&#8243; align=\u00bbcenter\u00bb force_fullwidth=\u00bbon\u00bb url=\u00bbhttps:\/\/miramar.tur.ar\/wp-content\/uploads\/2024\/12\/Ecos-Senderos-Urbanos-3.pdf\u00bb][\/et_pb_image][\/et_pb_column][\/et_pb_row][\/et_pb_section]<\/p>\n","protected":false},"excerpt":{"rendered":"<p>[et_pb_section fb_built=\u00bb1&#8243; _builder_version=\u00bb4.9.4&#8243; _module_preset=\u00bbdefault\u00bb background_color=\u00bb#0A95AA\u00bb custom_padding=\u00bb||0px|||\u00bb][et_pb_row _builder_version=\u00bb4.9.4&#8243; _module_preset=\u00bbdefault\u00bb custom_padding=\u00bb||15px|||\u00bb][et_pb_column type=\u00bb4_4&#8243; _builder_version=\u00bb4.9.4&#8243; _module_preset=\u00bbdefault\u00bb][et_pb_image src=\u00bbhttps:\/\/miramar.tur.ar\/wp-content\/uploads\/2024\/12\/logo-eco-senderos.png\u00bb title_text=\u00bblogo eco senderos\u00bb _builder_version=\u00bb4.9.4&#8243; _module_preset=\u00bbdefault\u00bb width=\u00bb42%\u00bb max_width=\u00bb70%\u00bb module_alignment=\u00bbcenter\u00bb hover_enabled=\u00bb0&#8243; sticky_enabled=\u00bb0&#8243;][\/et_pb_image][\/et_pb_column][\/et_pb_row][\/et_pb_section][et_pb_section fb_built=\u00bb1&#8243; _builder_version=\u00bb4.9.4&#8243; _module_preset=\u00bbdefault\u00bb background_color=\u00bb#FFFFFF\u00bb hover_enabled=\u00bb0&#8243; sticky_enabled=\u00bb0&#8243;][et_pb_row column_structure=\u00bb1_2,1_2&#8243; _builder_version=\u00bb4.9.4&#8243; _module_preset=\u00bbdefault\u00bb custom_padding=\u00bb55px||5px|||\u00bb][et_pb_column type=\u00bb1_2&#8243; _builder_version=\u00bb4.9.4&#8243; _module_preset=\u00bbdefault\u00bb][et_pb_text _builder_version=\u00bb4.9.4&#8243; _module_preset=\u00bbdefault\u00bb] La pr\u00e1ctica del eco senderismo, promueve el cuidado del ambiente, el respeto por la naturaleza y es [&hellip;]<\/p>\n","protected":false},"author":2,"featured_media":0,"parent":0,"menu_order":0,"comment_status":"closed","ping_status":"closed","template":"","meta":{"_et_pb_use_builder":"on","_et_pb_old_content":"","_et_gb_content_width":"","footnotes":""},"class_list":["post-6107","page","type-page","status-publish","hentry"],"_links":{"self":[{"href":"https:\/\/miramar.tur.ar\/index.php\/wp-json\/wp\/v2\/pages\/6107","targetHints":{"allow":["GET"]}}],"collection":[{"href":"https:\/\/miramar.tur.ar\/index.php\/wp-json\/wp\/v2\/pages"}],"about":[{"href":"https:\/\/miramar.tur.ar\/index.php\/wp-json\/wp\/v2\/types\/page"}],"author":[{"embeddable":true,"href":"https:\/\/miramar.tur.ar\/index.php\/wp-json\/wp\/v2\/users\/2"}],"replies":[{"embeddable":true,"href":"https:\/\/miramar.tur.ar\/index.php\/wp-json\/wp\/v2\/comments?post=6107"}],"version-history":[{"count":24,"href":"https:\/\/miramar.tur.ar\/index.php\/wp-json\/wp\/v2\/pages\/6107\/revisions"}],"predecessor-version":[{"id":6157,"href":"https:\/\/miramar.tur.ar\/index.php\/wp-json\/wp\/v2\/pages\/6107\/revisions\/6157"}],"wp:attachment":[{"href":"https:\/\/miramar.tur.ar\/index.php\/wp-json\/wp\/v2\/media?parent=6107"}],"curies":[{"name":"wp","href":"https:\/\/api.w.org\/{rel}","templated":true}]}}