{"id":608,"date":"2021-06-10T01:25:06","date_gmt":"2021-06-10T01:25:06","guid":{"rendered":"https:\/\/miramar.tur.ar\/?page_id=608"},"modified":"2023-03-02T13:54:03","modified_gmt":"2023-03-02T13:54:03","slug":"mechongue","status":"publish","type":"page","link":"https:\/\/miramar.tur.ar\/index.php\/mechongue\/","title":{"rendered":"Mechongue"},"content":{"rendered":"<p>[et_pb_section fb_built=\u00bb1&#8243; fullwidth=\u00bbon\u00bb _builder_version=\u00bb3.22&#8243; animation_style=\u00bbslide\u00bb animation_direction=\u00bbtop\u00bb animation_intensity_slide=\u00bb2%\u00bb animation_starting_opacity=\u00bb100%\u00bb][et_pb_fullwidth_header title=\u00bbMechongu\u00e9\u00bb content_max_width=\u00bb800px\u00bb _builder_version=\u00bb4.9.4&#8243; title_level=\u00bbh2&#8243; title_font=\u00bbAsap Condensed||||||||\u00bb title_font_size=\u00bb60px\u00bb title_line_height=\u00bb1.2em\u00bb content_font=\u00bb||||||||\u00bb content_font_size=\u00bb20px\u00bb content_line_height=\u00bb1.8em\u00bb background_color=\u00bbrgba(255, 255, 255, 0)\u00bb use_background_color_gradient=\u00bbon\u00bb background_color_gradient_start=\u00bbrgba(0,0,0,0.75)\u00bb background_color_gradient_end=\u00bbrgba(0,0,0,0)\u00bb background_color_gradient_direction=\u00bb90deg\u00bb background_color_gradient_overlays_image=\u00bbon\u00bb background_image=\u00bbhttps:\/\/miramar.tur.ar\/wp-content\/uploads\/2021\/06\/MECHONGUE-01-18.jpg\u00bb custom_button_one=\u00bbon\u00bb button_one_text_size=\u00bb18px\u00bb button_one_bg_color=\u00bb#02d002&#8243; button_one_border_width=\u00bb8px\u00bb button_one_border_color=\u00bb#02d002&#8243; button_one_border_radius=\u00bb0px\u00bb button_one_letter_spacing=\u00bb1px\u00bb button_one_font=\u00bbLato|700|||||||\u00bb button_one_use_icon=\u00bboff\u00bb custom_button_two=\u00bbon\u00bb button_two_text_size=\u00bb18px\u00bb button_two_text_color=\u00bb#353740&#8243; button_two_bg_color=\u00bb#ffffff\u00bb button_two_border_width=\u00bb8px\u00bb button_two_border_color=\u00bb#ffffff\u00bb button_two_border_radius=\u00bb0px\u00bb button_two_letter_spacing=\u00bb1px\u00bb button_two_font=\u00bbLato|700|||||||\u00bb button_two_use_icon=\u00bboff\u00bb custom_margin=\u00bb|||\u00bb custom_padding=\u00bb8%||8%|\u00bb button_one_letter_spacing_hover=\u00bb1px\u00bb button_two_letter_spacing_hover=\u00bb1px\u00bb locked=\u00bboff\u00bb button_one_text_size__hover_enabled=\u00bboff\u00bb button_two_text_size__hover_enabled=\u00bboff\u00bb button_one_text_color__hover_enabled=\u00bboff\u00bb button_two_text_color__hover_enabled=\u00bboff\u00bb button_one_border_width__hover_enabled=\u00bboff\u00bb button_two_border_width__hover_enabled=\u00bboff\u00bb button_one_border_color__hover_enabled=\u00bboff\u00bb button_two_border_color__hover_enabled=\u00bboff\u00bb button_one_border_radius__hover_enabled=\u00bboff\u00bb button_two_border_radius__hover_enabled=\u00bboff\u00bb button_one_letter_spacing__hover_enabled=\u00bbon\u00bb button_one_letter_spacing__hover=\u00bb1px\u00bb button_two_letter_spacing__hover_enabled=\u00bbon\u00bb button_two_letter_spacing__hover=\u00bb1px\u00bb button_one_bg_color__hover_enabled=\u00bboff\u00bb button_two_bg_color__hover_enabled=\u00bboff\u00bb][\/et_pb_fullwidth_header][\/et_pb_section][et_pb_section fb_built=\u00bb1&#8243; admin_label=\u00bbOur Farmers Section\u00bb _builder_version=\u00bb3.22&#8243; custom_padding=\u00bb100px||0px|||\u00bb][et_pb_row admin_label=\u00bbOur Farmers Area\u00bb _builder_version=\u00bb3.25&#8243;][et_pb_column type=\u00bb4_4&#8243; _builder_version=\u00bb3.25&#8243; custom_padding=\u00bb|||\u00bb custom_padding__hover=\u00bb|||\u00bb][et_pb_text _builder_version=\u00bb4.9.4&#8243; _module_preset=\u00bbdefault\u00bb custom_margin=\u00bb||-19px|||\u00bb custom_padding=\u00bb0px||0px|||\u00bb inline_fonts=\u00bbAsap Condensed\u00bb]<\/p>\n<p><span style=\"font-family: 'Asap Condensed'; font-weight: normal; font-size: x-large;\"><strong>MECHONGU\u00c9<\/strong><\/span><\/p>\n<p><strong> <\/strong><\/p>\n<p><strong><\/strong><\/p>\n<p>[\/et_pb_text][et_pb_divider _builder_version=\u00bb4.9.4&#8243; _module_preset=\u00bbdefault\u00bb custom_margin=\u00bb10px||10px|||\u00bb][\/et_pb_divider][et_pb_text _builder_version=\u00bb4.9.4&#8243; _module_preset=\u00bbdefault\u00bb custom_margin=\u00bb||3px|||\u00bb custom_padding=\u00bb||0px|||\u00bb]<\/p>\n<p><strong>Actividad Principal:<\/strong> Agr\u00edcola &#8211; Ganadera<\/p>\n<p>&nbsp;<\/p>\n<p>&nbsp;<\/p>\n<p>[\/et_pb_text][\/et_pb_column][\/et_pb_row][et_pb_row column_structure=\u00bb3_5,2_5&#8243; admin_label=\u00bbOur Farmers Area\u00bb _builder_version=\u00bb3.25&#8243; custom_padding=\u00bb||0px|||\u00bb][et_pb_column type=\u00bb3_5&#8243; _builder_version=\u00bb3.25&#8243; custom_padding=\u00bb|||\u00bb custom_padding__hover=\u00bb|||\u00bb][et_pb_text _builder_version=\u00bb4.9.4&#8243; _module_preset=\u00bbdefault\u00bb custom_margin=\u00bb||3px|||\u00bb custom_padding=\u00bb||0px|||\u00bb]<\/p>\n<p>Peque\u00f1a pero pujante localidad, se encuentra ubicada en el oeste del Partido de<br \/>General Alvarado. Se halla inmersa en una regi\u00f3n caracterizada por una estructura<br \/>productiva netamente primaria, es decir, generadora de materias primas que surgen de<br \/>las actividades agr\u00edcolas y ganaderas.<br \/>Los datos hist\u00f3ricos indican que el Se\u00f1or Mart\u00edn de Alzaga, reconocido como el<br \/>gestor del asentamiento poblacional, decidi\u00f3 ponerle el mismo nombre de<br \/>\u00abMECHONGU\u00c9\u00bb, en honor de su hija Mercedes. El lugar elegido para la nueva localidad, se<br \/>debi\u00f3 a su ubicaci\u00f3n estrat\u00e9gica, como punto intermedio entre Lober\u00eda, Balcarce y<br \/>Miramar.<br \/>El mismo Mart\u00edn de Alzaga, propietario por aquel entonces propietario de varios<br \/>establecimientos agropecuarios de la zona, fue quien efectu\u00f3 las m\u00faltiples gestiones que<br \/>culminaron con la llegada del ferrocarril en el a\u00f1o 1911.<br \/>Pero hubo de esperarse un tiempo m\u00e1s antes de que el poder ejecutivo de la<br \/>Provincia de Buenos Aires resolviera aprobar el proyecto del nuevo pueblo, hecho que<br \/>ocurri\u00f3 finalmente el 22 de enero de 1927.<\/p>\n<p><strong> <\/strong><\/p>\n<p><strong><\/strong><\/p>\n<p>[\/et_pb_text][\/et_pb_column][et_pb_column type=\u00bb2_5&#8243; _builder_version=\u00bb3.25&#8243; custom_padding=\u00bb|||\u00bb custom_padding__hover=\u00bb|||\u00bb][et_pb_image src=\u00bbhttps:\/\/miramar.tur.ar\/wp-content\/uploads\/2021\/06\/MECHONGUE-01-23.jpg\u00bb title_text=\u00bbMECHONGUE 01 (23)\u00bb _builder_version=\u00bb4.9.4&#8243; _module_preset=\u00bbdefault\u00bb][\/et_pb_image][\/et_pb_column][\/et_pb_row][\/et_pb_section][et_pb_section fb_built=\u00bb1&#8243; _builder_version=\u00bb4.9.4&#8243; _module_preset=\u00bbdefault\u00bb][et_pb_row _builder_version=\u00bb4.9.4&#8243; _module_preset=\u00bbdefault\u00bb][et_pb_column type=\u00bb4_4&#8243; _builder_version=\u00bb4.9.4&#8243; _module_preset=\u00bbdefault\u00bb][et_pb_gallery gallery_ids=\u00bb643,644,645,646,648,649,650,1895&#8243; gallery_orderby=\u00bbrand\u00bb posts_number=\u00bb8&#8243; orientation=\u00bbportrait\u00bb show_title_and_caption=\u00bboff\u00bb show_pagination=\u00bboff\u00bb zoom_icon_color=\u00bb#FFFFFF\u00bb hover_overlay_color=\u00bbRGBA(0,148,170,0.38)\u00bb hover_icon=\u00bb%%363%%\u00bb _builder_version=\u00bb4.9.4&#8243; _module_preset=\u00bbdefault\u00bb][\/et_pb_gallery][\/et_pb_column][\/et_pb_row][et_pb_row column_structure=\u00bb1_2,1_2&#8243; _builder_version=\u00bb4.9.4&#8243; _module_preset=\u00bbdefault\u00bb][et_pb_column type=\u00bb1_2&#8243; _builder_version=\u00bb4.9.4&#8243; _module_preset=\u00bbdefault\u00bb][et_pb_text _builder_version=\u00bb4.9.4&#8243; _module_preset=\u00bbdefault\u00bb]<\/p>\n<p>Mart\u00edn de Alzaga, propietario de varios establecimientos agropecuarios, luch\u00f3<br \/>incansablemente para lograr la llegada del Ferrocarril, la cual se hizo realidad el 12 de mayo de 1911.<br \/>Este hecho, junto a la aparici\u00f3n de los primeros comercios, marc\u00f3 el punto de partida para el desarrollo y crecimiento de la localidad.<\/p>\n<p>[\/et_pb_text][\/et_pb_column][et_pb_column type=\u00bb1_2&#8243; _builder_version=\u00bb4.9.4&#8243; _module_preset=\u00bbdefault\u00bb][et_pb_text _builder_version=\u00bb4.9.4&#8243; _module_preset=\u00bbdefault\u00bb]<\/p>\n<p>El pueblo evolucion\u00f3 lentamente, y se impuso el nombre \u201cMechongu\u00e9\u201d, en honor a Mercedes, la hija del se\u00f1or Mart\u00edn de Alzaga.<br \/>M\u00e1s adelante, en 1924, se fund\u00f3 la escuela N\u00ba 9, con categor\u00eda rural.<br \/>En 1925, el se\u00f1or Marcelino Pel\u00e1ez, se present\u00f3 ante el gobierno de la provincia de Buenos aires, proyectando el replanteo del pueblo de Mechongu\u00e9, el cual fue aprobado el 22 de mayo de 1927<\/p>\n<p>[\/et_pb_text][\/et_pb_column][\/et_pb_row][et_pb_row column_structure=\u00bb1_2,1_2&#8243; _builder_version=\u00bb4.9.4&#8243; _module_preset=\u00bbdefault\u00bb][et_pb_column type=\u00bb1_2&#8243; _builder_version=\u00bb4.9.4&#8243; _module_preset=\u00bbdefault\u00bb][et_pb_text _builder_version=\u00bb4.9.4&#8243; _module_preset=\u00bbdefault\u00bb inline_fonts=\u00bbAsap Condensed\u00bb]<\/p>\n<p><span style=\"font-family: 'Asap Condensed'; font-weight: normal; font-size: large;\"><strong>Llega el tren, nace la peque\u00f1a colonia<\/strong><\/span><\/p>\n<p style=\"text-align: justify;\">La enorme fertilidad de sus tierras har\u00e1 que los principales estancieros comiencen a gestionar la llegada del ferrocarril. Tanto los herederos de Mart\u00edn de \u00c1lzaga ,fallecido en 1892 como su esposa Ernestina P\u00e9rez y el mismo Marcelino Pel\u00e1ez, donaron las tierras sobre las que se construy\u00f3 la estaci\u00f3n y los primeros terrenos que conformaron el pueblo.<br \/>Finalmente el 12 de mayo de 1911 se produjo la llegada de la primera m\u00e1quina tom\u00e1ndose esta fecha como la fecha fundacional de Mechongu\u00e9. Sin embargo la estaci\u00f3n no obtuvo el certificado de v\u00eda libre, como se denomina en la jerga al derecho de circular, hasta el 12 de octubre del mismo a\u00f1o.<br \/>Las obras continuaron y la estaci\u00f3n fue concluida oficialmente en 1920, fecha en que se terminaron de construir los galpones y las segundas v\u00edas.<br \/>Las edificaciones de Mechongu\u00e9 no fueron instaladas frente a la plaza como estaba previsto en los planos iniciales, sino que con el tiempo fueron distribuy\u00e9ndose principalmente en las proximidades de la estaci\u00f3n ferrocarril<br \/>Durante la d\u00e9cada del setenta dej\u00f3 de funcionar el servicio de tren de pasajeros.<br \/>Espor\u00e1dicamente pod\u00eda contemplarse alg\u00fan que otro carguero.<br \/>Luego de su restauraci\u00f3n en 1996, funcionan en las instalaciones de la estaci\u00f3n ferroviaria, el Museo y Biblioteca municipal.<\/p>\n<p>[\/et_pb_text][\/et_pb_column][et_pb_column type=\u00bb1_2&#8243; _builder_version=\u00bb4.9.4&#8243; _module_preset=\u00bbdefault\u00bb][et_pb_text _builder_version=\u00bb4.9.4&#8243; _module_preset=\u00bbdefault\u00bb inline_fonts=\u00bbAsap Condensed\u00bb]<\/p>\n<p><span style=\"font-family: 'Asap Condensed'; font-weight: normal; font-size: large;\"><strong>ATRACTIVOS<\/strong><\/span><\/p>\n<p><strong>\u201cAlmac\u00e9n de Spadari\u201d o \u201cEl viejo Almac\u00e9n\u201d<\/strong><\/p>\n<p style=\"text-align: justify;\">Cayetano Spadari, en el a\u00f1o 1926 abri\u00f3 su primer negocio llamado \u201cEl Chimborazo\u201d en el lugar, donde hoy se levanta la casa de la familia Ibargoyen.<br \/>En el a\u00f1o 1930 se construir\u00e1 lo que ser\u00eda el almac\u00e9n de Spadari- Sainz, el cual se conoce en la actualidad como \u201cEl Viejo Almac\u00e9n\u201d.<br \/>El negocio surgi\u00f3 como una venta de vitrolas, discos y bombones, fue creciendo y se convirti\u00f3 en un t\u00edpico almac\u00e9n de ramos generales donde se pod\u00eda encontrar desde az\u00facar a pecheras, sogas, o anteojeras para los caballos.<\/p>\n<p style=\"text-align: justify;\">El negocio cerr\u00f3 sus puertas a fines de 2021, despues de casi 100 a\u00f1os. A\u00fan se conservan en la vereda, dos antiguos surtidores en desuso, que en su momento fueron expendedores de queros\u00e9n y combustible para maquinarias rurales de la zona.<\/p>\n<p>[\/et_pb_text][\/et_pb_column][\/et_pb_row][et_pb_row column_structure=\u00bb1_2,1_2&#8243; _builder_version=\u00bb4.9.4&#8243; _module_preset=\u00bbdefault\u00bb][et_pb_column type=\u00bb1_2&#8243; _builder_version=\u00bb4.9.4&#8243; _module_preset=\u00bbdefault\u00bb][et_pb_text _builder_version=\u00bb4.9.4&#8243; _module_preset=\u00bbdefault\u00bb custom_padding=\u00bb||0px|||\u00bb inline_fonts=\u00bbAsap Condensed\u00bb]<\/p>\n<p><span style=\"font-family: 'Asap Condensed'; font-weight: normal; font-size: large;\"><strong>Plaza Independencia<\/strong><\/span><\/p>\n<p style=\"text-align: justify;\">Es un espacio verde de recreaci\u00f3n donde la comunidad disfruta del aire libre y all\u00ed se realizan los festejos de carnaval.<br \/>En su interior se emplazan monumentos a la Madre, a Per\u00f3n y Evita, y al cantor del pueblo \u201cTito Ramos\u201d. A su alrededor est\u00e1n la Iglesia y gruta Nuestra Se\u00f1ora de Lourdes, como as\u00ed tambi\u00e9n el Centro Cultural y la Delegaci\u00f3n Municipal. Es un espacio verde de recreaci\u00f3n donde la comunidad disfruta de los festejos de carnaval. En su interior se emplazan monumentos a la Madre, a Per\u00f3n y Evita, y al cantor del pueblo \u201cTito Ramos\u201d.<br \/>A su alrededor est\u00e1n la Iglesia y gruta Nuestra Se\u00f1ora de Lourdes, como as\u00ed tambi\u00e9n el Centro Cultural y la Delegaci\u00f3n Municipal.<\/p>\n<p>[\/et_pb_text][\/et_pb_column][et_pb_column type=\u00bb1_2&#8243; _builder_version=\u00bb4.9.4&#8243; _module_preset=\u00bbdefault\u00bb][et_pb_text _builder_version=\u00bb4.9.4&#8243; _module_preset=\u00bbdefault\u00bb inline_fonts=\u00bbAsap Condensed\u00bb]<\/p>\n<p><span style=\"font-family: 'Asap Condensed'; font-weight: normal; font-size: large;\"><strong>\u00a0Museo Y Estaci\u00f3n Ferroviaria<\/strong><\/span><\/p>\n<p style=\"text-align: justify;\">Desde el a\u00f1o 1994, comenz\u00f3 a funcionar el \u201cGrupo Cultural\u201d, integrado por las se\u00f1oras Haydee de San Mart\u00edn, Marta Campos, Mirta D`Onofrio, Marta Yoerg, Mar\u00eda Marta Cousillas y Mar\u00eda del Carmen Luchetta.<br \/>Entre los proyectos, estaba el encontrar un lugar donde se pudieran desarrollar las manifestaciones culturales de la localidad, crear una biblioteca, y promover a los artesanoslocales.<br \/>Este \u201cGrupo Cultural\u201d, se encargaba de organizar fiestas artesanales y solicitaron el espacio en la Estaci\u00f3n Ferroviaria, para instalar all\u00ed, el museo y la biblioteca.<br \/>El 16 de septiembre de 1996, se constituy\u00f3 la Asociaci\u00f3n civil denominada \u201cAmigos del Museo y Biblioteca de Mechongu\u00e9\u201d y se firm\u00f3 un convenio con la Municipalidad de General Alvarado, por el cual recibi\u00f3 la llave de la antigua estaci\u00f3n y comenzaron as\u00ed, con los arreglos.<br \/>El 20 de septiembre del mismo a\u00f1o, ya se hab\u00eda concretado la restauraci\u00f3n y puesta en valor, del \u00e1rea donde funcionar\u00eda el museo y la biblioteca.<\/p>\n<p>[\/et_pb_text][\/et_pb_column][\/et_pb_row][et_pb_row _builder_version=\u00bb4.9.4&#8243; _module_preset=\u00bbdefault\u00bb custom_padding=\u00bb||2px|||\u00bb][et_pb_column type=\u00bb4_4&#8243; _builder_version=\u00bb4.9.4&#8243; _module_preset=\u00bbdefault\u00bb][et_pb_divider _builder_version=\u00bb4.9.4&#8243; _module_preset=\u00bbdefault\u00bb][\/et_pb_divider][\/et_pb_column][\/et_pb_row][et_pb_row column_structure=\u00bb1_2,1_2&#8243; _builder_version=\u00bb4.9.4&#8243; _module_preset=\u00bbdefault\u00bb][et_pb_column type=\u00bb1_2&#8243; _builder_version=\u00bb4.9.4&#8243; _module_preset=\u00bbdefault\u00bb][et_pb_text _builder_version=\u00bb4.9.4&#8243; _module_preset=\u00bbdefault\u00bb custom_padding=\u00bb||0px|||\u00bb inline_fonts=\u00bbAsap Condensed\u00bb]<\/p>\n<p><span style=\"font-family: 'Asap Condensed'; font-weight: normal; font-size: large;\"><strong>Capilla Nuestra Se\u00f1ora de Lourdes<\/strong><\/span><\/p>\n<p style=\"text-align: justify;\">La virgen siempre ha estado presente en los or\u00edgenes del pueblo, siendo la patrona de la localidad.<br \/>La Primera capilla tuvo lugar en uno de los salones de la escuela N\u00ba 9, por iniciativa de la se\u00f1ora Amalia Ferreyra. All\u00ed las religiosas capucchinas y las religiosas de \u201cLa Eufemia\u201d, realizaron los primeros oficios religiosos, de manera anual, pero luego debido a la adhesi\u00f3n de la comunidad, se efectuaron de forma mensual.<br \/>Cuando la obra \u201cMadre Eufemia Otamendi\u201d, construy\u00f3 el edificio el instituto juan XXIII, se cre\u00f3 tambi\u00e9n un oratorio, que cumpli\u00f3 en ese momento, la funci\u00f3n de iglesia.<\/p>\n<p>&nbsp;<\/p>\n<p>[\/et_pb_text][\/et_pb_column][et_pb_column type=\u00bb1_2&#8243; _builder_version=\u00bb4.9.4&#8243; _module_preset=\u00bbdefault\u00bb][et_pb_text _builder_version=\u00bb4.9.4&#8243; _module_preset=\u00bbdefault\u00bb custom_margin=\u00bb34px|||||\u00bb]<\/p>\n<p>Otra demostraci\u00f3n de que la acci\u00f3n apost\u00f3lica hab\u00eda echado ra\u00edces en Mechongu\u00e9, fue la construcci\u00f3n de la gruta en homenaje a la virgen de Lourdes, patrona del pueblo.<br \/>Nuestra Se\u00f1ora de Lourdes, fue declarada patrona de Mechongu\u00e9 por iniciativa de numerosos vecinos en enero de 1975, fue dise\u00f1ada por el arquitecto Miguel Dellepiane La capilla fue Inaugurada en 1993, posee detalles de fina terminaci\u00f3n como el sagrario, cuyas rayeras del altar fueron hechas por el orfebre Juan Marra. El Cristo del Altar Mayor es una escultura alemana del siglo XIX.<br \/>La realizaci\u00f3n del mobiliario y detalles interiores cont\u00f3 con la participaci\u00f3n de alumnos de talleres protegidos que construyeron bancos y reclinatorios adem\u00e1s de trabajos de herrer\u00eda. La gruta de Lourdes se encuentra pr\u00f3xima al templo, siendo un espacio singular para la oraci\u00f3n.<\/p>\n<p>[\/et_pb_text][\/et_pb_column][\/et_pb_row][et_pb_row _builder_version=\u00bb4.9.4&#8243; _module_preset=\u00bbdefault\u00bb custom_padding=\u00bb||2px|||\u00bb][et_pb_column type=\u00bb4_4&#8243; _builder_version=\u00bb4.9.4&#8243; _module_preset=\u00bbdefault\u00bb][et_pb_divider _builder_version=\u00bb4.9.4&#8243; _module_preset=\u00bbdefault\u00bb][\/et_pb_divider][\/et_pb_column][\/et_pb_row][et_pb_row column_structure=\u00bb1_2,1_2&#8243; _builder_version=\u00bb4.9.4&#8243; _module_preset=\u00bbdefault\u00bb][et_pb_column type=\u00bb1_2&#8243; _builder_version=\u00bb4.9.4&#8243; _module_preset=\u00bbdefault\u00bb][et_pb_text _builder_version=\u00bb4.9.4&#8243; _module_preset=\u00bbdefault\u00bb custom_padding=\u00bb||0px|||\u00bb inline_fonts=\u00bbAsap Condensed\u00bb]<\/p>\n<p><span style=\"font-family: 'Asap Condensed'; font-weight: normal; font-size: large;\"><strong>Circuitos<\/strong><\/span><\/p>\n<p><span style=\"font-size: 14px;\">Circuito aer\u00f3bico ubicado en el predio lindero al Museo de la estaci\u00f3n Ferrocarril Paseo saludable con una extensi\u00f3n de 600 m, con aparatos para realizar ejercicio.<\/span><\/p>\n<p>&nbsp;<\/p>\n<p>[\/et_pb_text][\/et_pb_column][et_pb_column type=\u00bb1_2&#8243; _builder_version=\u00bb4.9.4&#8243; _module_preset=\u00bbdefault\u00bb][et_pb_text _builder_version=\u00bb4.9.4&#8243; _module_preset=\u00bbdefault\u00bb custom_margin=\u00bb1px|||||\u00bb inline_fonts=\u00bbAsap Condensed\u00bb]<\/p>\n<p><span style=\"font-family: 'Asap Condensed'; font-weight: normal; font-size: large;\"><strong>Club Social y Deportivo Mechongu\u00e9.<\/strong><\/span><\/p>\n<p style=\"text-align: justify;\">El 22 de diciembre de 1926 naci\u00f3 el Club Social y Deportivo Mechongu\u00e9 y fue designado como presidente de la primera comisi\u00f3n el se\u00f1or Manuel Labra.<br \/>El club tuvo un crecimiento sostenido y constante, fue el encargado de organizar las primeras romer\u00edas y bailes de carnaval, construy\u00f3 las primeras canchas de bochas y m\u00e1s adelante, adquiri\u00f3 un aparato de radio para el entretenimiento y distracci\u00f3n de sus socios.<br \/>Durante la d\u00e9cada del 70 fue construido el actual edificio. La instituci\u00f3n es la encargada de organizar, a\u00f1o tras a\u00f1o la Fiesta del Camionero y el Agricultor\u201d<\/p>\n<p>[\/et_pb_text][\/et_pb_column][\/et_pb_row][et_pb_row column_structure=\u00bb1_2,1_2&#8243; _builder_version=\u00bb4.9.4&#8243; _module_preset=\u00bbdefault\u00bb][et_pb_column type=\u00bb1_2&#8243; _builder_version=\u00bb4.9.4&#8243; _module_preset=\u00bbdefault\u00bb][et_pb_text _builder_version=\u00bb4.9.4&#8243; _module_preset=\u00bbdefault\u00bb custom_padding=\u00bb||0px|||\u00bb inline_fonts=\u00bbAsap Condensed\u00bb]<\/p>\n<p><strong><span style=\"font-family: 'Asap Condensed'; font-size: large;\">Gastronom\u00eda<\/span><br \/><\/strong><br \/><em><strong>LA TERMINAL<\/strong><\/em> calle 1 e\/ 6 y 8 \u2013 Pastas artesanales, helados, cafeter\u00eda. Para comer in situ y para llevar.<br \/><em>Contacto: Patricia Cabrera Tel: 02266- 15677077<br \/><\/em><br \/><em><strong>LOS AMIGOS<\/strong><\/em> Calle 1 Esq. 104<br \/><em>Contacto: 02266-493287\/ 0223-155131385<br \/><\/em>Restaurante cocina regional<\/p>\n<p><em><strong>MI HOGAR<\/strong><\/em> calle 1 Esq. 6 &#8211; Parrilla<br \/><em>Contacto: 02266-493380<\/em><\/p>\n<p>&nbsp;<\/p>\n<p>[\/et_pb_text][\/et_pb_column][et_pb_column type=\u00bb1_2&#8243; _builder_version=\u00bb4.9.4&#8243; _module_preset=\u00bbdefault\u00bb][\/et_pb_column][\/et_pb_row][\/et_pb_section]<\/p>\n","protected":false},"excerpt":{"rendered":"<p>[et_pb_section fb_built=\u00bb1&#8243; fullwidth=\u00bbon\u00bb _builder_version=\u00bb3.22&#8243; animation_style=\u00bbslide\u00bb animation_direction=\u00bbtop\u00bb animation_intensity_slide=\u00bb2%\u00bb animation_starting_opacity=\u00bb100%\u00bb][et_pb_fullwidth_header title=\u00bbMechongu\u00e9\u00bb content_max_width=\u00bb800px\u00bb _builder_version=\u00bb4.9.4&#8243; title_level=\u00bbh2&#8243; title_font=\u00bbAsap Condensed||||||||\u00bb title_font_size=\u00bb60px\u00bb title_line_height=\u00bb1.2em\u00bb content_font=\u00bb||||||||\u00bb content_font_size=\u00bb20px\u00bb content_line_height=\u00bb1.8em\u00bb background_color=\u00bbrgba(255, 255, 255, 0)\u00bb use_background_color_gradient=\u00bbon\u00bb background_color_gradient_start=\u00bbrgba(0,0,0,0.75)\u00bb background_color_gradient_end=\u00bbrgba(0,0,0,0)\u00bb background_color_gradient_direction=\u00bb90deg\u00bb background_color_gradient_overlays_image=\u00bbon\u00bb background_image=\u00bbhttps:\/\/miramar.tur.ar\/wp-content\/uploads\/2021\/06\/MECHONGUE-01-18.jpg\u00bb custom_button_one=\u00bbon\u00bb button_one_text_size=\u00bb18px\u00bb button_one_bg_color=\u00bb#02d002&#8243; button_one_border_width=\u00bb8px\u00bb button_one_border_color=\u00bb#02d002&#8243; button_one_border_radius=\u00bb0px\u00bb button_one_letter_spacing=\u00bb1px\u00bb button_one_font=\u00bbLato|700|||||||\u00bb button_one_use_icon=\u00bboff\u00bb custom_button_two=\u00bbon\u00bb button_two_text_size=\u00bb18px\u00bb button_two_text_color=\u00bb#353740&#8243; button_two_bg_color=\u00bb#ffffff\u00bb button_two_border_width=\u00bb8px\u00bb button_two_border_color=\u00bb#ffffff\u00bb button_two_border_radius=\u00bb0px\u00bb button_two_letter_spacing=\u00bb1px\u00bb button_two_font=\u00bbLato|700|||||||\u00bb button_two_use_icon=\u00bboff\u00bb custom_margin=\u00bb|||\u00bb custom_padding=\u00bb8%||8%|\u00bb button_one_letter_spacing_hover=\u00bb1px\u00bb button_two_letter_spacing_hover=\u00bb1px\u00bb locked=\u00bboff\u00bb button_one_text_size__hover_enabled=\u00bboff\u00bb button_two_text_size__hover_enabled=\u00bboff\u00bb [&hellip;]<\/p>\n","protected":false},"author":2,"featured_media":0,"parent":0,"menu_order":0,"comment_status":"closed","ping_status":"closed","template":"","meta":{"_et_pb_use_builder":"on","_et_pb_old_content":"","_et_gb_content_width":"","footnotes":""},"class_list":["post-608","page","type-page","status-publish","hentry"],"_links":{"self":[{"href":"https:\/\/miramar.tur.ar\/index.php\/wp-json\/wp\/v2\/pages\/608","targetHints":{"allow":["GET"]}}],"collection":[{"href":"https:\/\/miramar.tur.ar\/index.php\/wp-json\/wp\/v2\/pages"}],"about":[{"href":"https:\/\/miramar.tur.ar\/index.php\/wp-json\/wp\/v2\/types\/page"}],"author":[{"embeddable":true,"href":"https:\/\/miramar.tur.ar\/index.php\/wp-json\/wp\/v2\/users\/2"}],"replies":[{"embeddable":true,"href":"https:\/\/miramar.tur.ar\/index.php\/wp-json\/wp\/v2\/comments?post=608"}],"version-history":[{"count":15,"href":"https:\/\/miramar.tur.ar\/index.php\/wp-json\/wp\/v2\/pages\/608\/revisions"}],"predecessor-version":[{"id":2695,"href":"https:\/\/miramar.tur.ar\/index.php\/wp-json\/wp\/v2\/pages\/608\/revisions\/2695"}],"wp:attachment":[{"href":"https:\/\/miramar.tur.ar\/index.php\/wp-json\/wp\/v2\/media?parent=608"}],"curies":[{"name":"wp","href":"https:\/\/api.w.org\/{rel}","templated":true}]}}