{"id":601,"date":"2021-06-10T01:17:22","date_gmt":"2021-06-10T01:17:22","guid":{"rendered":"https:\/\/miramar.tur.ar\/?page_id=601"},"modified":"2023-03-02T14:00:30","modified_gmt":"2023-03-02T14:00:30","slug":"mar-del-sud","status":"publish","type":"page","link":"https:\/\/miramar.tur.ar\/index.php\/mar-del-sud\/","title":{"rendered":"Mar del Sud"},"content":{"rendered":"<p>[et_pb_section fb_built=\u00bb1&#8243; fullwidth=\u00bbon\u00bb _builder_version=\u00bb3.22&#8243; animation_style=\u00bbslide\u00bb animation_direction=\u00bbtop\u00bb animation_intensity_slide=\u00bb2%\u00bb animation_starting_opacity=\u00bb100%\u00bb][et_pb_fullwidth_header title=\u00bbMar del Sud\u00bb content_max_width=\u00bb800px\u00bb _builder_version=\u00bb4.9.4&#8243; title_level=\u00bbh2&#8243; title_font=\u00bbAsap Condensed||||||||\u00bb title_font_size=\u00bb60px\u00bb title_line_height=\u00bb1.2em\u00bb content_font=\u00bb||||||||\u00bb content_font_size=\u00bb20px\u00bb content_line_height=\u00bb1.8em\u00bb background_color=\u00bbrgba(255, 255, 255, 0)\u00bb use_background_color_gradient=\u00bbon\u00bb background_color_gradient_start=\u00bbrgba(0,0,0,0.75)\u00bb background_color_gradient_end=\u00bbrgba(0,0,0,0)\u00bb background_color_gradient_direction=\u00bb90deg\u00bb background_color_gradient_overlays_image=\u00bbon\u00bb background_image=\u00bbhttps:\/\/miramar.tur.ar\/wp-content\/uploads\/2021\/06\/IMG_3189-1-scaled.jpg\u00bb custom_button_one=\u00bbon\u00bb button_one_text_size=\u00bb18px\u00bb button_one_bg_color=\u00bb#02d002&#8243; button_one_border_width=\u00bb8px\u00bb button_one_border_color=\u00bb#02d002&#8243; button_one_border_radius=\u00bb0px\u00bb button_one_letter_spacing=\u00bb1px\u00bb button_one_font=\u00bbLato|700|||||||\u00bb button_one_use_icon=\u00bboff\u00bb custom_button_two=\u00bbon\u00bb button_two_text_size=\u00bb18px\u00bb button_two_text_color=\u00bb#353740&#8243; button_two_bg_color=\u00bb#ffffff\u00bb button_two_border_width=\u00bb8px\u00bb button_two_border_color=\u00bb#ffffff\u00bb button_two_border_radius=\u00bb0px\u00bb button_two_letter_spacing=\u00bb1px\u00bb button_two_font=\u00bbLato|700|||||||\u00bb button_two_use_icon=\u00bboff\u00bb custom_margin=\u00bb|||\u00bb custom_padding=\u00bb8%||8%|\u00bb button_one_letter_spacing_hover=\u00bb1px\u00bb button_two_letter_spacing_hover=\u00bb1px\u00bb locked=\u00bboff\u00bb button_one_text_size__hover_enabled=\u00bboff\u00bb button_two_text_size__hover_enabled=\u00bboff\u00bb button_one_text_color__hover_enabled=\u00bboff\u00bb button_two_text_color__hover_enabled=\u00bboff\u00bb button_one_border_width__hover_enabled=\u00bboff\u00bb button_two_border_width__hover_enabled=\u00bboff\u00bb button_one_border_color__hover_enabled=\u00bboff\u00bb button_two_border_color__hover_enabled=\u00bboff\u00bb button_one_border_radius__hover_enabled=\u00bboff\u00bb button_two_border_radius__hover_enabled=\u00bboff\u00bb button_one_letter_spacing__hover_enabled=\u00bbon\u00bb button_one_letter_spacing__hover=\u00bb1px\u00bb button_two_letter_spacing__hover_enabled=\u00bbon\u00bb button_two_letter_spacing__hover=\u00bb1px\u00bb button_one_bg_color__hover_enabled=\u00bboff\u00bb button_two_bg_color__hover_enabled=\u00bboff\u00bb][\/et_pb_fullwidth_header][\/et_pb_section][et_pb_section fb_built=\u00bb1&#8243; admin_label=\u00bbOur Farmers Section\u00bb _builder_version=\u00bb3.22&#8243; custom_padding=\u00bb100px||0px|||\u00bb][et_pb_row admin_label=\u00bbOur Farmers Area\u00bb _builder_version=\u00bb3.25&#8243; custom_padding=\u00bb||0px|||\u00bb][et_pb_column type=\u00bb4_4&#8243; _builder_version=\u00bb3.25&#8243; custom_padding=\u00bb|||\u00bb custom_padding__hover=\u00bb|||\u00bb][et_pb_text _builder_version=\u00bb4.9.4&#8243; _module_preset=\u00bbdefault\u00bb text_font=\u00bbAsap Condensed||||||||\u00bb custom_margin=\u00bb||-19px|||\u00bb custom_padding=\u00bb||0px|||\u00bb]<\/p>\n<h2><strong>MAR DEL SUD<\/strong><\/h2>\n<p>&nbsp;<\/p>\n<p>&nbsp;<\/p>\n<p>[\/et_pb_text][et_pb_divider _builder_version=\u00bb4.9.4&#8243; _module_preset=\u00bbdefault\u00bb custom_margin=\u00bb10px||10px|||\u00bb][\/et_pb_divider][et_pb_text _builder_version=\u00bb4.9.4&#8243; _module_preset=\u00bbdefault\u00bb custom_margin=\u00bb||3px|||\u00bb custom_padding=\u00bb||0px|||\u00bb]<\/p>\n<p><strong>Actividad Principal.<\/strong> Rural,Turismo<\/p>\n<p>&nbsp;<\/p>\n<p>&nbsp;<\/p>\n<p>[\/et_pb_text][\/et_pb_column][\/et_pb_row][et_pb_row column_structure=\u00bb2_3,1_3&#8243; admin_label=\u00bbOur Farmers Area\u00bb _builder_version=\u00bb3.25&#8243;][et_pb_column type=\u00bb2_3&#8243; _builder_version=\u00bb3.25&#8243; custom_padding=\u00bb|||\u00bb custom_padding__hover=\u00bb|||\u00bb][et_pb_text _builder_version=\u00bb4.9.4&#8243; _module_preset=\u00bbdefault\u00bb custom_margin=\u00bb||3px|||\u00bb custom_padding=\u00bb||0px|||\u00bb]<\/p>\n<p>Esta hermosa villa balnearia es uno de los lugares de mayor trayectoria hist\u00f3rica<br \/>del Partido de General Alvarado. Sus comienzos se remontan al a\u00f1o 1834, cuando todo<br \/>este territorio formaba parte de la zona lim\u00edtrofe con el territorio de los indios, al sur de<br \/>los fuertes de Tandil y Azul. En ese a\u00f1o la familia Otamendi adquiere 12 leguas cuadradas<br \/>al sur de la Sierra del Volc\u00e1n, abarcando gran parte de lo que hoy es el Partido de Gral.<br \/>Alvarado.<br \/>Se ha establecido recientemente la fecha del 04 de Febrero de 1889 como la<br \/>fundaci\u00f3n de MAR DEL SUD, al norte del arroyo \u201cLa Carolina\u201d, en un \u00e1rea<br \/>aproximadamente de 60 hect\u00e1reas compradas a Fernando Juli\u00e1n Otamendi por los Sres.<br \/>Juan Bautista Otamendi, el Ingeniero R\u00f3mulo Otamendi, Jos\u00e9 Mar\u00eda Calaza, Santiago<br \/>Baravino, Julio Galona y el Dr. Rafael Herrera Vega, quienes son los principales<br \/>precursores.<\/p>\n<p><strong> <\/strong><\/p>\n<p><strong><\/strong><\/p>\n<p>[\/et_pb_text][\/et_pb_column][et_pb_column type=\u00bb1_3&#8243; _builder_version=\u00bb3.25&#8243; custom_padding=\u00bb|||\u00bb custom_padding__hover=\u00bb|||\u00bb][et_pb_image src=\u00bbhttps:\/\/miramar.tur.ar\/wp-content\/uploads\/2021\/06\/Mar-del-Sud-aereo.jpg\u00bb title_text=\u00bbMar del Sud aereo\u00bb _builder_version=\u00bb4.9.4&#8243; _module_preset=\u00bbdefault\u00bb][\/et_pb_image][\/et_pb_column][\/et_pb_row][\/et_pb_section][et_pb_section fb_built=\u00bb1&#8243; _builder_version=\u00bb4.9.4&#8243; _module_preset=\u00bbdefault\u00bb custom_padding=\u00bb0px|||||\u00bb][et_pb_row _builder_version=\u00bb4.9.4&#8243; _module_preset=\u00bbdefault\u00bb][et_pb_column type=\u00bb4_4&#8243; _builder_version=\u00bb4.9.4&#8243; _module_preset=\u00bbdefault\u00bb][et_pb_gallery gallery_ids=\u00bb656,657,658,659,1142,1143,1144,1145&#8243; posts_number=\u00bb8&#8243; orientation=\u00bbportrait\u00bb show_title_and_caption=\u00bboff\u00bb show_pagination=\u00bboff\u00bb zoom_icon_color=\u00bb#FFFFFF\u00bb hover_overlay_color=\u00bbRGBA(10,149,170,0.72)\u00bb hover_icon=\u00bb%%363%%\u00bb _builder_version=\u00bb4.9.4&#8243; _module_preset=\u00bbdefault\u00bb][\/et_pb_gallery][\/et_pb_column][\/et_pb_row][et_pb_row column_structure=\u00bb1_2,1_2&#8243; _builder_version=\u00bb4.9.4&#8243; _module_preset=\u00bbdefault\u00bb custom_margin=\u00bb35px|auto||auto||\u00bb][et_pb_column type=\u00bb1_2&#8243; _builder_version=\u00bb4.9.4&#8243; _module_preset=\u00bbdefault\u00bb][et_pb_text _builder_version=\u00bb4.9.4&#8243; _module_preset=\u00bbdefault\u00bb custom_margin=\u00bb1px||1px||true|\u00bb inline_fonts=\u00bbAsap Condensed\u00bb]<\/p>\n<p><span style=\"font-family: 'Asap Condensed'; font-weight: normal; font-size: large;\"><strong>\u201cBoulevard Atlantic Hotel\u201d<\/strong><\/span><br \/><span>Ya antes de 1880 comienza a forjarse la idea de fundar un pueblo balneario que se convierta en el \u00abGran Balneario Argentino\u00bb (pedido denegado en 1890 por el gobierno de Ju\u00e1rez Cellman) Para esto se contrata a t\u00e9cnicos alemanes, para que ubiquen el mejor lugar de la Costa Atl\u00e1ntica, y luego de un minucioso an\u00e1lisis, eligen a la actual Mar del Sud, por cumplir con todos los requisitos para ser la ciudad balnearia ideal.<\/span><br \/><span>Empezaron entonces a construir un hotel, cuya denominaci\u00f3n seria \u00abHOTEL MAR DEL SUD\u00bb, pero fue destruido por el avance de los m\u00e9danos, quedando a\u00fan hoy algunos vestigios de las primeras construcciones. Un a\u00f1o m\u00e1s tarde Femando J. Otamendi, entusiasmado con la idea de crear ese gran balneario, realiza el loteo de sus tierras al sur del Arroyo \u201cLa Carolina\u201d, fundando as\u00ed el pueblo de \u201cBoulevard Atl\u00e1ntico\u201d, al lado de\u00a0Mar\u00a0del\u00a0Sud\u00a0y que con el tiempo<\/span><br \/><span>toma su nombre. Encarga el parcelamiento y la venta de los lotes al Banco Constructor de La Plata.<\/span><br \/><span>Se construye por aquel entonces un gran hotel de estilo europeo sin precedentes en la Costa Atl\u00e1ntica y uno de los primeros en la Argentina que atrajo a gran cantidad de turistas de todas partes.\u00a0<\/span><\/p>\n<p>[\/et_pb_text][\/et_pb_column][et_pb_column type=\u00bb1_2&#8243; _builder_version=\u00bb4.9.4&#8243; _module_preset=\u00bbdefault\u00bb][et_pb_text _builder_version=\u00bb4.9.4&#8243; _module_preset=\u00bbdefault\u00bb custom_margin=\u00bb21px|||||\u00bb]<\/p>\n<p>Esta imponente edificaci\u00f3n, s\u00edmbolo e imagen de Mar del Sur, ubicada en su principal avenida y a 100 metros de la playa, fue construida en la d\u00e9cada de 1880 y junto a sus<br \/>contempor\u00e1neos (los hoteles \u00abBristol\u00bb de Mar del Plata y \u00abEd\u00e9n\u00bb en la Provincia de C\u00f3rdoba), constituyen los primeros hoteles de lujo que tuvo el pa\u00eds, siendo uno de los pocos testimonios\u00a0del\u00a0turismo de esa \u00e9poca, lo que le da aun mayor valor hist\u00f3rico.<\/p>\n<p>El edificio de estilo Franc\u00e9s, constaba de dos plantas, 100 habitaciones, gran sal\u00f3n comedor, sala de cinemat\u00f3grafo y dependencias.<br \/>En noviembre de 1988, la edificaci\u00f3n es declarada de inter\u00e9s hist\u00f3rico municipal por la Municipalidad de General Alvarado, iniciativa destinada a la protecci\u00f3n de una parte inseparable del Patrimonio Cultural e Hist\u00f3rico del Partido de General Alvarado.<br \/>Su importancia desde el punto de vista arquitect\u00f3nico y cultural transforma al Boulevard Atlantic Hotel en un verdadero atractivo para todas las edades, pudiendo admirar actualmente los visitantes su aspecto exterior.<\/p>\n<p>[\/et_pb_text][\/et_pb_column][\/et_pb_row][et_pb_row column_structure=\u00bb1_2,1_2&#8243; _builder_version=\u00bb4.9.4&#8243; _module_preset=\u00bbdefault\u00bb custom_margin=\u00bb35px|auto||auto||\u00bb custom_padding=\u00bb88px|||||\u00bb][et_pb_column type=\u00bb1_2&#8243; _builder_version=\u00bb4.9.4&#8243; _module_preset=\u00bbdefault\u00bb][et_pb_text _builder_version=\u00bb4.9.4&#8243; _module_preset=\u00bbdefault\u00bb min_height=\u00bb161.6px\u00bb custom_margin=\u00bb1px||1px||true|\u00bb inline_fonts=\u00bbAsap Condensed\u00bb]<\/p>\n<p><span style=\"font-family: 'Asap Condensed'; font-weight: normal; font-size: large;\"><strong>\u201cLa Casa de las Caracolas\u201d<\/strong><\/span><br \/>Uno de los emprendimientos m\u00e1s originales, surgidos de la imaginaci\u00f3n de Herv\u00e9 E. Paul, un turista y posterior residente de Mar del Sur, quien comenz\u00f3 en el a\u00f1o 1984 a revestir su casa de veraneo totalmente de caracoles componiendo figuras geom\u00e9tricas y dibujos alusivos con estos elementos recuperados de las playas cercanas, tarea que le demand\u00f3 12 a\u00f1os de trabajo y dedicaci\u00f3n.<\/p>\n<p>[\/et_pb_text][\/et_pb_column][et_pb_column type=\u00bb1_2&#8243; _builder_version=\u00bb4.9.4&#8243; _module_preset=\u00bbdefault\u00bb][et_pb_image src=\u00bbhttps:\/\/miramar.tur.ar\/wp-content\/uploads\/2022\/05\/fasa-caracoles-mar-del-sur.jpg\u00bb title_text=\u00bbfasa caracoles mar del sur\u00bb _builder_version=\u00bb4.9.4&#8243; _module_preset=\u00bbdefault\u00bb][\/et_pb_image][\/et_pb_column][\/et_pb_row][et_pb_row column_structure=\u00bb1_2,1_2&#8243; _builder_version=\u00bb4.9.4&#8243; _module_preset=\u00bbdefault\u00bb custom_margin=\u00bb35px|auto||auto||\u00bb custom_padding=\u00bb27px||3px|||\u00bb][et_pb_column type=\u00bb1_2&#8243; _builder_version=\u00bb4.9.4&#8243; _module_preset=\u00bbdefault\u00bb][et_pb_text _builder_version=\u00bb4.9.4&#8243; _module_preset=\u00bbdefault\u00bb min_height=\u00bb161.6px\u00bb custom_margin=\u00bb1px||1px||true|\u00bb inline_fonts=\u00bbAsap Condensed\u00bb]<\/p>\n<p><span style=\"font-family: 'Asap Condensed'; font-weight: normal; font-size: large;\"><strong>Rocas Negras<\/strong><\/span><br \/>Se ubica a tan solo a 2 km. del centro de Mar del Sud. Su nombre est\u00e1 dado por la coloraci\u00f3n de sus rocas, incrustadas con infinidad de mejillones de color negro, de an\u00e9monas, hipocampos (caballitos de mar), peque\u00f1os cangrejos y moluscos. Esta playa es muy conocida por la abundante pesca, siendo un atractivo permanente para los amantes de este deporte.<br \/><span>Asimismo, puede observarse emplazada sobre la playa, una imagen de la Virgen Mar\u00eda, resultando un paisaje \u00fanico, donde los fieles se acercan a dar sus ofrendas.<\/span><\/p>\n<p>[\/et_pb_text][\/et_pb_column][et_pb_column type=\u00bb1_2&#8243; _builder_version=\u00bb4.9.4&#8243; _module_preset=\u00bbdefault\u00bb][et_pb_text _builder_version=\u00bb4.9.4&#8243; _module_preset=\u00bbdefault\u00bb inline_fonts=\u00bbAsap Condensed\u00bb]<\/p>\n<p><span style=\"font-family: 'Asap Condensed'; font-weight: normal; font-size: large;\"><strong>El Remanso<\/strong><\/span><br \/>Se encuentra sobre la costa norte de Mar del Sud, aproximadamente a 2 km. del arroyo \u00abLa Carolina\u00bb. Se pueden practicar diferentes deportes playeros y sin lugar a dudas el que m\u00e1s se destaca es la pesca.<\/p>\n<p>[\/et_pb_text][\/et_pb_column][\/et_pb_row][et_pb_row column_structure=\u00bb1_2,1_2&#8243; _builder_version=\u00bb4.9.4&#8243; _module_preset=\u00bbdefault\u00bb][et_pb_column type=\u00bb1_2&#8243; _builder_version=\u00bb4.9.4&#8243; _module_preset=\u00bbdefault\u00bb][et_pb_text _builder_version=\u00bb4.9.4&#8243; _module_preset=\u00bbdefault\u00bb custom_margin=\u00bb81px|||||\u00bb inline_fonts=\u00bbAsap Condensed\u00bb]<\/p>\n<p><strong><span style=\"font-family: 'Asap Condensed'; font-size: large;\">Esculturas<\/span><br \/><\/strong><br \/>En el a\u00f1o 2021, se emplazaron las esculturas donadas por la familia del reconocido artista italiano Gennaro de Tommaso, (1941-2016), nacido en N\u00e1poles y residente de Argentina desde el a\u00f1o 1966.<br \/>Las mismas, fueron donadas con la intenci\u00f3n de integrarlas al patrimonio cultural de la comunidad marsure\u00f1a y que a su vez, puedan ser apreciadas tambi\u00e9n por los visitantes y turistas.<\/p>\n<p>[\/et_pb_text][\/et_pb_column][et_pb_column type=\u00bb1_2&#8243; _builder_version=\u00bb4.9.4&#8243; _module_preset=\u00bbdefault\u00bb][et_pb_image src=\u00bbhttps:\/\/miramar.tur.ar\/wp-content\/uploads\/2022\/05\/ESCULTURAS.jpg\u00bb title_text=\u00bbESCULTURAS\u00bb _builder_version=\u00bb4.9.4&#8243; _module_preset=\u00bbdefault\u00bb][\/et_pb_image][\/et_pb_column][\/et_pb_row][et_pb_row column_structure=\u00bb1_2,1_2&#8243; _builder_version=\u00bb4.9.4&#8243; _module_preset=\u00bbdefault\u00bb custom_margin=\u00bb35px|auto||auto||\u00bb custom_padding=\u00bb2px|||||\u00bb][et_pb_column type=\u00bb1_2&#8243; _builder_version=\u00bb4.9.4&#8243; _module_preset=\u00bbdefault\u00bb][et_pb_text _builder_version=\u00bb4.9.4&#8243; _module_preset=\u00bbdefault\u00bb min_height=\u00bb161.6px\u00bb custom_margin=\u00bb1px||1px||true|\u00bb inline_fonts=\u00bbAsap Condensed\u00bb]<\/p>\n<p><span style=\"font-family: 'Asap Condensed'; font-weight: normal; font-size: large;\"><strong>\u201cLa Eufemia\u201d<\/strong><\/span><br \/>Esta estancia, que hace honor a D\u00f1a. Eufemia de Otamendi, est\u00e1 ubicado en el cruce del camino hacia San Jos\u00e9 y Centinela del Mar (6 km al Oeste de Mar del Sud). En la misma se encuentra la Capilla de la Divina Pastora, una escuela rural y un peque\u00f1o cementerio de los primeros pobladores de la regi\u00f3n.<\/p>\n<p>[\/et_pb_text][et_pb_divider _builder_version=\u00bb4.9.4&#8243; _module_preset=\u00bbdefault\u00bb hover_enabled=\u00bb0&#8243; sticky_enabled=\u00bb0&#8243;][\/et_pb_divider][et_pb_text _builder_version=\u00bb4.9.4&#8243; _module_preset=\u00bbdefault\u00bb min_height=\u00bb161.6px\u00bb custom_margin=\u00bb1px||1px||true|\u00bb inline_fonts=\u00bbAsap Condensed\u00bb]<\/p>\n<p><span style=\"font-family: 'Asap Condensed'; font-weight: normal; font-size: xx-large;\"><strong>CERVECER\u00cdA ARTESANAL<\/strong><\/span><br \/><span>En el a\u00f1o 2005 una familia de emprendedores comenz\u00f3 a elaborar cerveza de manera artesanal y desde el a\u00f1o 2016, comienzan a comercializar a escala local y regional. La calidad del producto est\u00e1 dada por ser elaborada exclusivamente con malta de cebada, l\u00fapulo, levadura y agua de la zona.<\/span><\/p>\n<p>[\/et_pb_text][\/et_pb_column][et_pb_column type=\u00bb1_2&#8243; _builder_version=\u00bb4.9.4&#8243; _module_preset=\u00bbdefault\u00bb][et_pb_text _builder_version=\u00bb4.9.4&#8243; _module_preset=\u00bbdefault\u00bb inline_fonts=\u00bbAsap Condensed\u00bb]<\/p>\n<p><span style=\"font-family: 'Asap Condensed'; font-weight: normal; font-size: large;\"><strong>Teatro del Sur<\/strong><\/span><br \/>Fue construido en el a\u00f1o 2014 por la Fundaci\u00f3n Teatro del Sur, cuenta con una \u00a0sala de 2000 metros cuadrados con una capacidad para 150 personas, el mismo est\u00e1 considerado uno de los 10 mejores teatros independientes de la Argentina. Tiene un\u00a0 dise\u00f1o en forma de cubo y posee la caracter\u00edstica de modificarse de acuerdo a la necesidad del espect\u00e1culo.<br \/>Ubicado en Calle 31 esquina 102, Villa Balnearia Mar del Sud<br \/>Rese\u00f1a: La Fundaci\u00f3n Teatro del Sur fue fundada en los a\u00f1os 90 en la Ciudad de Buenos Aires. Su objetivo inicial (que se mantiene a\u00fan hoy) fue la b\u00fasqueda de nuevos lenguajes teatrales y la inserci\u00f3n de las artes esc\u00e9nicas en el mundo.<br \/>Desde el 10 de enero del 2016, se mud\u00f3 a la villa balnearia de Mar del Sud (a 17 km de Miramar, Partido de General Alvarado) y abri\u00f3 sus puertas con el PRIMER FESTIVAL DE LAS ARTES EN MAR DEL SUD, 2016, con una variada programaci\u00f3n de Teatro, Cine, M\u00fasica, Danza. Pasaron por all\u00ed: Esther Goris, Ra\u00fal Serrano, Dalila Real y Los Cometa Bras, Claudio Pazos, Cecilia Hopkins, M\u00f3nica Cabrera,<br \/>Pompeyo Audivert, entre otros. El teatro cuenta con 17 metros de frente y 48 mts de profundidad, lo que admite m\u00faltiples posibilidades de armado de platea y escenario, permitiendo la presentaci\u00f3n de diversos tipos de espect\u00e1culos.<\/p>\n<p>El objetivo actual sigue siendo la b\u00fasqueda de nuevos lenguajes teatrales, la inserci\u00f3n de nuestras artes en el mundo, sin olvidar el aspecto pedag\u00f3gico, dado que nuestro objetivo es tambi\u00e9n incluir en el proceso creativo a las nuevas generaciones y adem\u00e1s, desarrollar un centro de producci\u00f3n con artistas diversos, inscriptos dentro de una est\u00e9tica no realista.<\/p>\n<p>El Director de la Fundaci\u00f3n es Alberto F\u00e9lix Alberto quien decidi\u00f3 radicarse en Mar del Sud y donar a la villa el nuevo espacio, construido en parte con el aporte del Instituto Nacional del Teatro y contando con el apoyo permanente del Gobierno de General Alvarado.<\/p>\n<p>[\/et_pb_text][\/et_pb_column][\/et_pb_row][\/et_pb_section]<\/p>\n","protected":false},"excerpt":{"rendered":"<p>[et_pb_section fb_built=\u00bb1&#8243; fullwidth=\u00bbon\u00bb _builder_version=\u00bb3.22&#8243; animation_style=\u00bbslide\u00bb animation_direction=\u00bbtop\u00bb animation_intensity_slide=\u00bb2%\u00bb animation_starting_opacity=\u00bb100%\u00bb][et_pb_fullwidth_header title=\u00bbMar del Sud\u00bb content_max_width=\u00bb800px\u00bb _builder_version=\u00bb4.9.4&#8243; title_level=\u00bbh2&#8243; title_font=\u00bbAsap Condensed||||||||\u00bb title_font_size=\u00bb60px\u00bb title_line_height=\u00bb1.2em\u00bb content_font=\u00bb||||||||\u00bb content_font_size=\u00bb20px\u00bb content_line_height=\u00bb1.8em\u00bb background_color=\u00bbrgba(255, 255, 255, 0)\u00bb use_background_color_gradient=\u00bbon\u00bb background_color_gradient_start=\u00bbrgba(0,0,0,0.75)\u00bb background_color_gradient_end=\u00bbrgba(0,0,0,0)\u00bb background_color_gradient_direction=\u00bb90deg\u00bb background_color_gradient_overlays_image=\u00bbon\u00bb background_image=\u00bbhttps:\/\/miramar.tur.ar\/wp-content\/uploads\/2021\/06\/IMG_3189-1-scaled.jpg\u00bb custom_button_one=\u00bbon\u00bb button_one_text_size=\u00bb18px\u00bb button_one_bg_color=\u00bb#02d002&#8243; button_one_border_width=\u00bb8px\u00bb button_one_border_color=\u00bb#02d002&#8243; button_one_border_radius=\u00bb0px\u00bb button_one_letter_spacing=\u00bb1px\u00bb button_one_font=\u00bbLato|700|||||||\u00bb button_one_use_icon=\u00bboff\u00bb custom_button_two=\u00bbon\u00bb button_two_text_size=\u00bb18px\u00bb button_two_text_color=\u00bb#353740&#8243; button_two_bg_color=\u00bb#ffffff\u00bb button_two_border_width=\u00bb8px\u00bb button_two_border_color=\u00bb#ffffff\u00bb button_two_border_radius=\u00bb0px\u00bb button_two_letter_spacing=\u00bb1px\u00bb button_two_font=\u00bbLato|700|||||||\u00bb button_two_use_icon=\u00bboff\u00bb custom_margin=\u00bb|||\u00bb custom_padding=\u00bb8%||8%|\u00bb button_one_letter_spacing_hover=\u00bb1px\u00bb button_two_letter_spacing_hover=\u00bb1px\u00bb locked=\u00bboff\u00bb [&hellip;]<\/p>\n","protected":false},"author":2,"featured_media":0,"parent":0,"menu_order":0,"comment_status":"closed","ping_status":"closed","template":"","meta":{"_et_pb_use_builder":"on","_et_pb_old_content":"","_et_gb_content_width":"","footnotes":""},"class_list":["post-601","page","type-page","status-publish","hentry"],"_links":{"self":[{"href":"https:\/\/miramar.tur.ar\/index.php\/wp-json\/wp\/v2\/pages\/601","targetHints":{"allow":["GET"]}}],"collection":[{"href":"https:\/\/miramar.tur.ar\/index.php\/wp-json\/wp\/v2\/pages"}],"about":[{"href":"https:\/\/miramar.tur.ar\/index.php\/wp-json\/wp\/v2\/types\/page"}],"author":[{"embeddable":true,"href":"https:\/\/miramar.tur.ar\/index.php\/wp-json\/wp\/v2\/users\/2"}],"replies":[{"embeddable":true,"href":"https:\/\/miramar.tur.ar\/index.php\/wp-json\/wp\/v2\/comments?post=601"}],"version-history":[{"count":15,"href":"https:\/\/miramar.tur.ar\/index.php\/wp-json\/wp\/v2\/pages\/601\/revisions"}],"predecessor-version":[{"id":2701,"href":"https:\/\/miramar.tur.ar\/index.php\/wp-json\/wp\/v2\/pages\/601\/revisions\/2701"}],"wp:attachment":[{"href":"https:\/\/miramar.tur.ar\/index.php\/wp-json\/wp\/v2\/media?parent=601"}],"curies":[{"name":"wp","href":"https:\/\/api.w.org\/{rel}","templated":true}]}}