{"id":5680,"date":"2024-08-27T20:33:33","date_gmt":"2024-08-27T20:33:33","guid":{"rendered":"https:\/\/miramar.tur.ar\/?page_id=5680"},"modified":"2024-09-18T12:30:31","modified_gmt":"2024-09-18T12:30:31","slug":"concurso","status":"publish","type":"page","link":"https:\/\/miramar.tur.ar\/index.php\/concurso\/","title":{"rendered":"concurso"},"content":{"rendered":"<p>[et_pb_section fb_built=\u00bb1&#8243; _builder_version=\u00bb4.9.4&#8243; _module_preset=\u00bbdefault\u00bb][et_pb_row column_structure=\u00bb1_2,1_2&#8243; _builder_version=\u00bb4.9.4&#8243; _module_preset=\u00bbdefault\u00bb][et_pb_column type=\u00bb1_2&#8243; _builder_version=\u00bb4.9.4&#8243; _module_preset=\u00bbdefault\u00bb][et_pb_text _builder_version=\u00bb4.9.4&#8243; _module_preset=\u00bbdefault\u00bb text_font_size=\u00bb26px\u00bb hover_enabled=\u00bb0&#8243; sticky_enabled=\u00bb0&#8243;]<\/p>\n<p><strong>Bases y condiciones del concurso<\/strong><br \/><strong> Proyecto mi Destino<\/strong><\/p>\n<p>[\/et_pb_text][\/et_pb_column][et_pb_column type=\u00bb1_2&#8243; _builder_version=\u00bb4.9.4&#8243; _module_preset=\u00bbdefault\u00bb][et_pb_button button_url=\u00bbhttps:\/\/drive.google.com\/file\/d\/1cZpeh0GWG8qpn1DLQyXHAVWmWwuIP2Nv\/view?usp=sharing\u00bb button_text=\u00bbDescargar  pdf\u00bb _builder_version=\u00bb4.9.4&#8243; _module_preset=\u00bbdefault\u00bb custom_button=\u00bbon\u00bb button_text_color=\u00bb#FFFFFF\u00bb button_bg_color=\u00bb#0A95AA\u00bb hover_enabled=\u00bb0&#8243; sticky_enabled=\u00bb0&#8243;][\/et_pb_button][\/et_pb_column][\/et_pb_row][et_pb_row _builder_version=\u00bb4.9.4&#8243; _module_preset=\u00bbdefault\u00bb][et_pb_column type=\u00bb4_4&#8243; _builder_version=\u00bb4.9.4&#8243; _module_preset=\u00bbdefault\u00bb][et_pb_text _builder_version=\u00bb4.9.4&#8243; _module_preset=\u00bbdefault\u00bb hover_enabled=\u00bb0&#8243; sticky_enabled=\u00bb0&#8243;]<\/p>\n<p><strong>Instituto Mixto de Turismo<\/strong><br \/><strong>Secretar\u00eda de Turismo y Deportes<\/strong><br \/><strong>Municipalidad de General Alvarado<\/strong><\/p>\n<p>El Instituto Mixto de Turismo de General Alvarado (IMT), dependiente de la Secretar\u00eda<br \/>de Turismo y Deportes del Partido de General Alvarado, en adelante el \u201cOrganizador\u201d,<br \/>tiene como fin coordinar, incentivar e impulsar las acciones para la promoci\u00f3n tur\u00edstica de<br \/>Miramar y las localidades que componen el Partido de General Alvarado.<br \/>En este sentido, el \u201cOrganizador\u201d, quiere promover el intercambio y la discusi\u00f3n de<br \/>ideas que contribuyan a la promoci\u00f3n de los destinos tur\u00edsticos de nuestro distrito, con un<br \/>enfoque transversal de desarrollo sostenible, integraci\u00f3n regional, inclusi\u00f3n, seguridad<br \/>integral y sustentabilidad ambiental, en relaci\u00f3n al desarrollo de la actividad tur\u00edstica<br \/>local.<br \/>El IMT, como \u201cOrganizador\u201d, es consciente del gran talento existente entre los j\u00f3venes<br \/>de nuestra comunidad y convoca a estudiantes de Educaci\u00f3n Secundaria Superior,<br \/>Centros Educativos Nivel Secundario y alumnos de Centros de Formaci\u00f3n Laboral que<br \/>ofrezcan cursos relacionados a la actividad tur\u00edstica, domiciliados en el Distrito de General<br \/>Alvarado a un concurso de ideas que puedan ayudar a fortalecer la oferta existente y la<br \/>promoci\u00f3n del turismo de nuestro destino.<br \/>Objetivo del Concurso<br \/>El concurso \u201cProyecto mi Destino\u201d tiene como objetivo recoger la visi\u00f3n de los\/as<br \/>estudiantes secundarios sobre la realizaci\u00f3n de un Proyecto Tur\u00edstico apto para ser<br \/>desarrollado en cualquiera de los Destinos Tur\u00edsticos de nuestro distrito y premiar a las<br \/>propuestas que se distingan.<br \/>Se premiar\u00e1 un (1) Proyecto Tur\u00edstico y se har\u00e1 una menci\u00f3n especial.<br \/>Plazos y procesos de inscripci\u00f3n<br \/>\u2022 Lanzamiento del concurso: 22 de agosto de 2024.<br \/>\u2022 Inscripci\u00f3n de Equipos Participantes: 22 de agosto al 04 de octubre de 2024.<br \/>\u2022 Nombramiento del Comit\u00e9 Evaluador: 07 de octubre de 2024.<br \/>\u2022 Fecha l\u00edmite para env\u00edo del Proyecto Tur\u00edstico: 10 de noviembre de 2024.<br \/>\u2022 Per\u00edodo de evaluaci\u00f3n: 11 al 14 de noviembre de 2024.<br \/>\u2022 Comunicaci\u00f3n de los proyectos ganadores: 15 de noviembre de 2024.<br \/>La inscripci\u00f3n de los Equipos Participantes deber\u00e1 hacerse a trav\u00e9s del formulario<br \/>habilitado para el concurso \u201cProyecto mi Destino\u201d a trav\u00e9s del siguiente link:<br \/>https:\/\/forms.gle\/iCnRhkahdrixqdXa9<\/p>\n<p>El proceso de inscripci\u00f3n resultar\u00e1 finalizado cuando todos\/as los\/las integrantes del<br \/>equipo env\u00eden el formulario completo, adjuntando el comprobante que acredite su<br \/>situaci\u00f3n de estudiante regular de la Instituci\u00f3n educativa correspondiente.<br \/>El correo electr\u00f3nico imtgeneralalvarado@gmail.com, estar\u00e1 habilitado para consultas.<br \/>Modalidad<br \/>Los Equipos Participantes, compuestos por un m\u00ednimo de TRES (3) y m\u00e1ximo de CINCO (5)<br \/>personas, deber\u00e1n presentar Proyecto Tur\u00edstico, teniendo como ejes transversales:<br \/>\u2022 La posible realizaci\u00f3n en nuestro distrito en el corto plazo.<br \/>\u2022 La sustentabilidad ambiental.<br \/>\u2022 Que el objetivo del proyecto, contemple la seguridad de los destinatarios.<br \/>Requisitos formales del Proyecto Tur\u00edstico<br \/>El Proyecto Tur\u00edstico:<br \/>\u2022 Debe ser in\u00e9dito, innovador y creativo<br \/>\u2022 No podr\u00e1 haber sido premiado en ning\u00fan otro concurso. Si en forma previa a la<br \/>resoluci\u00f3n de este certamen, el relato presentado resultase premiado en otro<br \/>concurso, dicho acontecer deber\u00e1 ser comunicado fehacientemente y de<br \/>inmediato por sus autores\/as al \u201cOrganizador\u201d.<br \/>\u2022 El proyecto tur\u00edstico a presentar deber\u00e1 constar de los siguientes items:<\/p>\n<p>\uf0a7 T\u00edtulo<br \/>\uf0a7 Introducci\u00f3n<br \/>\uf0a7 Fundamentaci\u00f3n<br \/>\uf0a7 Objetivos generales<br \/>\uf0a7 Objetivos espec\u00edficos<br \/>\uf0a7 Descripci\u00f3n del Proyecto<br \/>\uf0a7 Impacto del Proyecto<br \/>\uf0a7 Cronograma de acci\u00f3n<br \/>\uf0a7 Control y seguimiento del impacto del Proyecto en la comunidad.<br \/>Se enviar\u00e1 en formato PDF a la direcci\u00f3n de correo electr\u00f3nico:<br \/>imtgeneralalvarado@gmail.com<br \/>El proyecto estar\u00e1 escrito con fuente de texto Arial, en cuerpo de 12 puntos y m\u00e1rgenes<br \/>Normal (2,5 cm superior e inferior y 3 cm izquierda y derecha), los que adjudica Word por<br \/>defecto. El interlineado deber\u00e1 ser de 1,5.<br \/>\uf0b7 el DOCUMENTO DESCRIPTIVO, deber\u00e1 tener una extensi\u00f3n de al menos diez<br \/>carillas (10) y no m\u00e1s de cuarenta (40) carillas.<\/p>\n<p>\uf0b7 Podr\u00e1 incluir para su mejor comprensi\u00f3n, anexos de fotos o cualquier otro<br \/>material gr\u00e1fico, los cuales no computar\u00e1n para el l\u00edmite de palabras del punto<br \/>anterior.<br \/>\uf0b7 Para asegurar la integridad de las evaluaciones an\u00f3nimas los\/as autores\/as<br \/>deber\u00e1n elegir un nombre para el EQUIPO y no incluir cualquier indicio de autor\u00eda<br \/>(nombres y apellidos, correo electr\u00f3nico, establecimiento educativo, etc) en el<br \/>documento. Esta informaci\u00f3n ser\u00e1 proporcionada \u00fanicamente a trav\u00e9s del<br \/>formulario de inscripci\u00f3n.<br \/>\uf0b7 Idioma: todos los documentos que se presenten en el marco del Concurso deber\u00e1n<br \/>estar escritos en idioma espa\u00f1ol.<br \/>Requisitos formales del Equipo Participante<br \/>El Equipo Participante deber\u00e1 estar compuesto por:<br \/>\uf0b7 Entre TRES (3) y CINCO (5) estudiantes, que deber\u00e1n estar cursando los \u00faltimos<br \/>tres (3), a\u00f1os de la Escuela de Educaci\u00f3n Secundaria y ser alumno regular de una<br \/>Instituci\u00f3n Educativa del Partido de General Alvarado (excluyente) y acreditarlo<br \/>mediante certificado expedido por la mencionada Instituci\u00f3n Educativa.<br \/>\uf0b7 UN (1) docente, de la instituci\u00f3n, que cumplir\u00e1 el rol de coordinador del Equipo y<br \/>deber\u00e1 ser, al momento de la inscripci\u00f3n, docente de la Instituci\u00f3n Educativa y<br \/>acreditarlo mediante certificado expedido por la misma.<br \/>\uf0b7 Podr\u00e1 tambi\u00e9n formar parte una persona adicional, en car\u00e1cter de Asesor Externo,<br \/>que no reviste obligaci\u00f3n de pertenecer a la Instituci\u00f3n Educativa, pero que<br \/>deber\u00e1 contar con nota de autorizaci\u00f3n de la misma, y cumplir con el resto de los<br \/>requisitos de participaci\u00f3n.<br \/>\uf0b7 Todos miembros del Equipo Participante deber\u00e1n identificarse con sus nombres y<br \/>apellidos, y n\u00famero de documento de identidad, y podr\u00e1n presentar como<br \/>m\u00e1ximo un Proyecto Tur\u00edstico.<\/p>\n<p>\uf0b7 No podr\u00e1n participar de esta convocatoria funcionarios\/as municipales, ni<br \/>miembros del IMT, as\u00ed como tampoco familiares directos de los mencionados.<\/p>\n<p>Evaluaci\u00f3n<br \/>La evaluaci\u00f3n de los Proyectos Tur\u00edsticos presentados estar\u00e1 a cargo de un Comit\u00e9<br \/>Evaluador conformado por CINCO (5) miembros, integrado por: el se\u00f1or Intendente<br \/>Municipal o a quien \u00e9ste designe, un miembro del IMT, un representante del Colegio de<br \/>Arquitectos, un integrante de Inspecci\u00f3n de Escuelas y un Profesional en Turismo.<br \/>El Comit\u00e9 Evaluador:<br \/>\u2022 Actuar\u00e1 con independencia y de acuerdo con las presentes Bases y Condiciones, y<br \/>no tendr\u00e1n acceso a los datos personales de quienes integren los Equipos<br \/>Participantes.<br \/>\u2022 Tomar\u00e1 en consideraci\u00f3n todos los Proyectos Tur\u00edsticos presentados, siempre y<br \/>cuando est\u00e9n de conformidad con las presentes Bases y Condiciones.<\/p>\n<p>\u2022 No admitir\u00e1 a concurso ninguna propuesta enviada fuera de plazo.<br \/>\u2022 Actuar\u00e1 colegiadamente, tomar\u00e1 los acuerdos por mayor\u00eda simple de votos y su<br \/>decisi\u00f3n ser\u00e1 inapelable.<br \/>\u2022 Recibir\u00e1 los documentos a calificar en anonimato.<br \/>\u2022 Podr\u00e1 declarar el Concurso desierto si considerase que ninguna de las obras<br \/>presentadas re\u00fane la debida calidad.<br \/>Criterios de evaluaci\u00f3n<br \/>El COMIT\u00c9 EVALUADOR tendr\u00e1 en cuenta los siguientes criterios para determinar a los\/as<br \/>ganadores\/as, de acuerdo a la ponderaci\u00f3n que a continuaci\u00f3n en cada uno se indica:<br \/>\u2022 Prolijidad, claridad y est\u00e9tica del Documento Descriptivo (10%)<br \/>\u2022 Originalidad del Proyecto (20%)<br \/>\u2022 Factibilidad de Implementaci\u00f3n del Proyecto (20%)<br \/>\u2022 Impacto en la comunidad residente (25%)<br \/>\u2022 Mejora que el Proyecto le aporta al Destino en la valoraci\u00f3n del Turista (25%)<br \/>\u2022 Criterio libre (10%)<br \/>La elecci\u00f3n de los\/as ganadores\/as que realice el Comit\u00e9 Evaluador deber\u00e1 determinarse<br \/>de acuerdo a los criterios indicados en las presentes Bases y Condiciones, y quedar\u00e1n<br \/>reflejados en el documento de selecci\u00f3n de los\/as ganadores\/as, as\u00ed como tambi\u00e9n las<br \/>motivaciones del veredicto.<br \/>Ganadores<br \/>Los Equipos Participantes ganadores recibir\u00e1n:<br \/>Un CERTIFICADO DE RECONOCIMIENTO, entregado por el se\u00f1or intendente municipal, a<br \/>cada integrante, en un acto con fecha y lugar a definir.<br \/>La posibilidad de presentar su Proyecto Tur\u00edstico ganador a la comunidad, en el marco de<br \/>los festejos de la Inauguraci\u00f3n de la temporada 2024\/2025<br \/>Un PREMIO a cargo del Instituto Mixto de Turismo (IMT), para los integrantes de los<br \/>equipos que resultaren seleccionados, consistente en:<br \/>a. 1\u00b0 Puesto: Un viaje a un destino dentro de la provincia de Buenos Aires, para el equipo<br \/>ganador.<br \/>b. Menci\u00f3n especial.<br \/>Las Instituciones Educativas representadas recibir\u00e1n:<br \/>Un CERTIFICADO DE RECONOCIMIENTO, a ser entregado por el se\u00f1or intendente<br \/>municipal o quien \u00e9ste designe, fecha y lugar a confirmar.<br \/>Un PREMIO a cargo del IMT, consistente en:<br \/>a. 1\u00b0 Puesto: Un SMART TV de \u201c50\u201d<br \/>b. Menci\u00f3n especial.<\/p>\n<p>Responsabilidad y aceptaci\u00f3n de bases<br \/>\u2022 La participaci\u00f3n en el Concurso es libre y gratuita e implica la aceptaci\u00f3n y<br \/>cumplimiento total de las Bases y Condiciones.<br \/>\u2022 Cuando circunstancias no previstas as\u00ed lo justifiquen, el \u201cOrganizador\u201d (IMT) podr\u00e1<br \/>postergar y\/o modificar la fecha de finalizaci\u00f3n del concurso. El \u201cOrganizador\u201d,<br \/>comunicar\u00e1 estas circunstancias al p\u00fablico en general por los mismos medios por<br \/>los que se dieron a conocer estas Bases y Condiciones.<br \/>\u2022 El incumplimiento de los requisitos establecidos en las Bases y Condiciones dar\u00e1<br \/>lugar a la exclusi\u00f3n del participante del presente concurso, y no podr\u00e1 ser tenido<br \/>en cuenta por el COMIT\u00c9 EVALUADOR.<br \/>\u2022 Los\/as participantes son los\/as \u00fanicos\/as responsables del contenido por ellos<br \/>presentado. S\u00f3lo ser\u00e1n tomados en cuenta para el presente Concurso aquellos<br \/>Proyectos que no posean contenido contrario a las leyes, o que su contenido se<br \/>considere, ofensivo, discriminatorio, obsceno, nocivo, amenazador, ofensivo, u<br \/>otra caracter\u00edstica que se considere inaceptable, susceptible de causar riesgos o<br \/>da\u00f1os de imagen, materiales o morales al \u201cOrganizador\u201d a los participantes y\/o a<br \/>terceros.<br \/>\u2022 En caso de existir dudas o discrepancias en la interpretaci\u00f3n de alguna de las<br \/>presentes bases, el \u201cOrganizador\u201d (IMT) realizar\u00e1 una interpretaci\u00f3n atendiendo al<br \/>esp\u00edritu y finalidad para la cual se ha creado el presente concurso.<br \/>\u2022 Las Bases y Condiciones del presente concurso estar\u00e1n disponibles durante el<br \/>periodo en el que est\u00e9 vigente el mismo en la p\u00e1gina web: www.miramar.tur.ar.<br \/>Protecci\u00f3n de datos y cesi\u00f3n de derechos<br \/>\u2022 Al inscribirse al presente Concurso, se autoriza al Organizador a la utilizaci\u00f3n con<br \/>finalidades divulgativas de la informaci\u00f3n (gr\u00e1fica y textual) y otros elementos<br \/>facilitados, garantizando que cuentan con los derechos necesarios sobre este<br \/>material.<br \/>\u2022 El Organizador se reserva el derecho de hacer uso de todas las im\u00e1genes<br \/>registradas en el marco del Concurso, tanto fotogr\u00e1ficas como de video para su<br \/>uso en materiales gr\u00e1ficos, y en distintos medios de difusi\u00f3n.<br \/>\u2022 La publicaci\u00f3n de las fotograf\u00edas antes mencionadas se realiza en los t\u00e9rminos del<br \/>art\u00edculo 31, segundo p\u00e1rrafo de la Ley de Propiedad Intelectual N\u00b0 11.723, el cual<br \/>establece que \u201c&#8230;Es libre la publicaci\u00f3n del retrato cuando se relacione con fines<br \/>cient\u00edficos, did\u00e1cticos y en general culturales, o con hechos o acontecimientos de<br \/>inter\u00e9s p\u00fablico o que se hubieren desarrollado en p\u00fablico\u201d.<br \/>\u2022 Los\/as participantes ceden gratuitamente al Organizador los derechos editoriales<br \/>de reproducci\u00f3n, distribuci\u00f3n, transformaci\u00f3n y comunicaci\u00f3n p\u00fablica; con<br \/>derecho de cita. Autorizan en el marco del Concurso al Organizador a su uso y<br \/>exhibici\u00f3n por cualquier medio electr\u00f3nico y\/o audiovisual y\/o gr\u00e1fico, incluido<br \/>internet y pantallas de telefon\u00eda celular m\u00f3vil en cualquier y todo lugar, as\u00ed como<br \/>el derecho a usar el\/los nombre\/s, fotograf\u00edas (fijas o en movimiento), imagen y<br \/>semejanza, para fines comerciales, institucionales y\/o publicitarios. En el caso que<br \/>los Proyectos utilizaran propiedad intelectual de terceros\/as, los\/as participantes<br \/>declaran estar autorizados\/as para su uso y liberan al Organizador por los<br \/>reclamos que estos terceros\/as pudieran hacer, siendo que cada participante es<\/p>\n<p>exclusivo responsable de infracciones a la legislaci\u00f3n vigente en materia de<br \/>derecho de autor\/a.<br \/>\u2022 En caso de advertirse plagio, el Organizador podr\u00e1 rechazar el Proyecto en<br \/>cualquier etapa del Concurso.<br \/>\u2022 La aceptaci\u00f3n de las presentes Bases y Condiciones implica el consentimiento de<br \/>los\/as participantes para que el Organizador registre en las bases de datos de la<br \/>organizaci\u00f3n, los datos personales relativos a nombre, n\u00famero de tel\u00e9fono,<br \/>direcci\u00f3n de correo electr\u00f3nico, domicilio, documento nacional de identidad, y<br \/>todos los datos proporcionados en el concurso, con la finalidad de ser usados<br \/>\u00fanicamente en el marco del presente Concurso.<br \/>\u2022 La aceptaci\u00f3n de las presentes Bases y Condiciones implica el consentimiento de<br \/>los\/as ganadores\/as para que el Organizador utilice sus datos (nombres, apellidos<br \/>u otros que los\/as participantes aporten), as\u00ed como de su propia imagen (fotograf\u00eda<br \/>o video) y voz, para la realizaci\u00f3n de cualquier actividad publicitaria, promocional o<br \/>de marketing relacionada con el presente Concurso, as\u00ed como a procesar dichos<br \/>datos para traslados y alojamiento, y actividades relacionadas con el mismo.<br \/>\u2022 Caducidad: los datos recabados ser\u00e1n destruidos o archivados cuando hayan<br \/>dejado de ser estrictamente necesarios o pertinentes a los fines del presente<br \/>Concurso.<br \/>\u2022 El Organizador adoptar\u00e1 las medidas necesarias para garantizar la seguridad y<br \/>confidencialidad de los datos personales recabados, de modo de evitar su<br \/>adulteraci\u00f3n, p\u00e9rdida, consulta o tratamiento no autorizado, y que permita<br \/>detectar desviaciones, intencionales o no, de informaci\u00f3n, ya sea que los riesgos<br \/>provengan de la acci\u00f3n humana o del medio t\u00e9cnico<br \/>Reservas del Organizador<br \/>\u2022 El Organizador podr\u00e1 suspender y\/o postergar el Concurso, por razones de fuerza<br \/>mayor, sin que esto origine responsabilidad alguna para el Organizador.<br \/>\u2022 El Organizador no ser\u00e1 responsable por cualquier da\u00f1o que pudieran sufrir los<br \/>participantes en el marco del Concurso.<\/p>\n<p>[\/et_pb_text][\/et_pb_column][\/et_pb_row][\/et_pb_section]<\/p>\n","protected":false},"excerpt":{"rendered":"<p>[et_pb_section fb_built=\u00bb1&#8243; _builder_version=\u00bb4.9.4&#8243; _module_preset=\u00bbdefault\u00bb][et_pb_row column_structure=\u00bb1_2,1_2&#8243; _builder_version=\u00bb4.9.4&#8243; _module_preset=\u00bbdefault\u00bb][et_pb_column type=\u00bb1_2&#8243; _builder_version=\u00bb4.9.4&#8243; _module_preset=\u00bbdefault\u00bb][et_pb_text _builder_version=\u00bb4.9.4&#8243; _module_preset=\u00bbdefault\u00bb text_font_size=\u00bb26px\u00bb hover_enabled=\u00bb0&#8243; sticky_enabled=\u00bb0&#8243;] Bases y condiciones del concurso Proyecto mi Destino [\/et_pb_text][\/et_pb_column][et_pb_column type=\u00bb1_2&#8243; _builder_version=\u00bb4.9.4&#8243; _module_preset=\u00bbdefault\u00bb][et_pb_button button_url=\u00bbhttps:\/\/drive.google.com\/file\/d\/1cZpeh0GWG8qpn1DLQyXHAVWmWwuIP2Nv\/view?usp=sharing\u00bb button_text=\u00bbDescargar pdf\u00bb _builder_version=\u00bb4.9.4&#8243; _module_preset=\u00bbdefault\u00bb custom_button=\u00bbon\u00bb button_text_color=\u00bb#FFFFFF\u00bb button_bg_color=\u00bb#0A95AA\u00bb hover_enabled=\u00bb0&#8243; sticky_enabled=\u00bb0&#8243;][\/et_pb_button][\/et_pb_column][\/et_pb_row][et_pb_row _builder_version=\u00bb4.9.4&#8243; _module_preset=\u00bbdefault\u00bb][et_pb_column type=\u00bb4_4&#8243; _builder_version=\u00bb4.9.4&#8243; _module_preset=\u00bbdefault\u00bb][et_pb_text _builder_version=\u00bb4.9.4&#8243; _module_preset=\u00bbdefault\u00bb hover_enabled=\u00bb0&#8243; sticky_enabled=\u00bb0&#8243;] Instituto Mixto de TurismoSecretar\u00eda de Turismo y DeportesMunicipalidad de [&hellip;]<\/p>\n","protected":false},"author":2,"featured_media":0,"parent":0,"menu_order":0,"comment_status":"closed","ping_status":"closed","template":"","meta":{"_et_pb_use_builder":"on","_et_pb_old_content":"","_et_gb_content_width":"","footnotes":""},"class_list":["post-5680","page","type-page","status-publish","hentry"],"_links":{"self":[{"href":"https:\/\/miramar.tur.ar\/index.php\/wp-json\/wp\/v2\/pages\/5680","targetHints":{"allow":["GET"]}}],"collection":[{"href":"https:\/\/miramar.tur.ar\/index.php\/wp-json\/wp\/v2\/pages"}],"about":[{"href":"https:\/\/miramar.tur.ar\/index.php\/wp-json\/wp\/v2\/types\/page"}],"author":[{"embeddable":true,"href":"https:\/\/miramar.tur.ar\/index.php\/wp-json\/wp\/v2\/users\/2"}],"replies":[{"embeddable":true,"href":"https:\/\/miramar.tur.ar\/index.php\/wp-json\/wp\/v2\/comments?post=5680"}],"version-history":[{"count":9,"href":"https:\/\/miramar.tur.ar\/index.php\/wp-json\/wp\/v2\/pages\/5680\/revisions"}],"predecessor-version":[{"id":5748,"href":"https:\/\/miramar.tur.ar\/index.php\/wp-json\/wp\/v2\/pages\/5680\/revisions\/5748"}],"wp:attachment":[{"href":"https:\/\/miramar.tur.ar\/index.php\/wp-json\/wp\/v2\/media?parent=5680"}],"curies":[{"name":"wp","href":"https:\/\/api.w.org\/{rel}","templated":true}]}}