{"id":409,"date":"2021-04-19T12:29:46","date_gmt":"2021-04-19T12:29:46","guid":{"rendered":"https:\/\/miramar.tur.ar\/?page_id=409"},"modified":"2022-08-06T15:44:47","modified_gmt":"2022-08-06T15:44:47","slug":"historia","status":"publish","type":"page","link":"https:\/\/miramar.tur.ar\/index.php\/historia\/","title":{"rendered":"Historia"},"content":{"rendered":"<p>[et_pb_section fb_built=\u00bb1&#8243; admin_label=\u00bbCTA\u00bb _builder_version=\u00bb4.9.4&#8243; background_image=\u00bbhttps:\/\/miramar.tur.ar\/wp-content\/uploads\/2022\/08\/portada-historia-miramar.jpg\u00bb background_blend=\u00bbdarken\u00bb z_index=\u00bb10&#8243; locked=\u00bboff\u00bb][et_pb_row _builder_version=\u00bb4.6.5&#8243; background_color=\u00bbrgba(0,0,0,0)\u00bb min_height=\u00bb285px\u00bb custom_margin=\u00bb0px|auto||auto||\u00bb custom_padding=\u00bb80px|40px|80px|40px|true|true\u00bb box_shadow_style=\u00bbpreset3&#8243; box_shadow_horizontal=\u00bb5px\u00bb box_shadow_vertical=\u00bb25px\u00bb box_shadow_blur=\u00bb105px\u00bb box_shadow_spread=\u00bb-30px\u00bb box_shadow_color=\u00bbrgba(0,0,0,0.25)\u00bb locked=\u00bboff\u00bb][et_pb_column type=\u00bb4_4&#8243; _builder_version=\u00bb3.25&#8243; custom_padding=\u00bb|||\u00bb custom_padding__hover=\u00bb|||\u00bb][et_pb_text _builder_version=\u00bb4.6.5&#8243; text_font=\u00bbLato||||||||\u00bb text_font_size=\u00bb22px\u00bb text_line_height=\u00bb1.8em\u00bb header_font=\u00bb||||||||\u00bb header_2_font=\u00bbAsap Condensed|700|||||||\u00bb header_2_font_size=\u00bb64px\u00bb header_2_line_height=\u00bb1.2em\u00bb text_orientation=\u00bbcenter\u00bb width_tablet=\u00bb600px\u00bb width_phone=\u00bb400px\u00bb width_last_edited=\u00bboff|phone\u00bb max_width=\u00bb700px\u00bb max_width_tablet=\u00bb\u00bb max_width_phone=\u00bb\u00bb max_width_last_edited=\u00bbon|desktop\u00bb module_alignment=\u00bbcenter\u00bb custom_margin=\u00bb||15px\u00bb text_font_size_tablet=\u00bb\u00bb text_font_size_phone=\u00bb15px\u00bb text_font_size_last_edited=\u00bbon|desktop\u00bb header_2_font_size_tablet=\u00bb44px\u00bb header_2_font_size_phone=\u00bb28px\u00bb header_2_font_size_last_edited=\u00bbon|phone\u00bb locked=\u00bboff\u00bb]<\/p>\n<h2><span color=\"#ffffff\" style=\"color: #ffffff;\">HISTORIA<\/span><\/h2>\n<h2><\/h2>\n<p>[\/et_pb_text][\/et_pb_column][\/et_pb_row][\/et_pb_section][et_pb_section fb_built=\u00bb1&#8243; _builder_version=\u00bb4.6.5&#8243; custom_padding=\u00bb|||\u00bb][et_pb_row column_structure=\u00bb1_2,1_2&#8243; _builder_version=\u00bb4.6.5&#8243; _module_preset=\u00bbdefault\u00bb][et_pb_column type=\u00bb1_2&#8243; _builder_version=\u00bb4.6.5&#8243; _module_preset=\u00bbdefault\u00bb][et_pb_text _builder_version=\u00bb4.6.5&#8243; _module_preset=\u00bbdefault\u00bb]<\/p>\n<p>Hacia la d\u00e9cada de 1880, la zona en que se encuentra asentada hoy Miramar estaba ocupada principalmente por algunas estancias, ubicadas dentro del Partido de General\u00a0Pueyrred\u00f3n, una de ellas conocida como \u00bb El Saboyardo\u00bb, propiedad de Fortunato de la Plaza, que ocupaba la franja costera entre los arroyos \u00abEl Durazno\u00bb y \u201cLa Totora\u00bb, distantes 8 Km. uno del otro.<br \/>Promediando 1887, Jos\u00e9 Mar\u00eda Dupuy logra convencer a su cu\u00f1ado Fortunato de la Plaza de lo provechoso que ser\u00eda fundar un pueblo balneario en los terrenos que le pertenec\u00edan. El mismo Dupuy fue el encargado entonces de realizar todos los tr\u00e1mites necesarios para llevar a feliz t\u00e9rmino la idea.<br \/>Junto con el Ing. Otamendi y el agrimensor E. Moy, trazaron los planos de lo que ser\u00eda el futuro pueblo inspir\u00e1ndose en la traza de La ciudad de La Plata. A fines de 1887 se procede a elegir el nombre, y despu\u00e9s de considerar varias alternativas se opta por MIRA-MAR, al igual que el Miramar de Austria, donde residiera el emperador Maximiliano (Imperio Austro H\u00fangaro), uno de los balnearios m\u00e1s importantes del mundo en aquella \u00e9poca.<br \/>El 20 de septiembre de 1888 el Gobierno de la Provincia de Buenos Aires aprueba los planos presentados y dicta el Decreto de Fundaci\u00f3n; as\u00ed es como\u00a0Miramar empieza a crecer, y al paso de la venta de los lotes le sigue la construcci\u00f3n de casas y locales, donde se iban instalando peque\u00f1os<\/p>\n<p>[\/et_pb_text][\/et_pb_column][et_pb_column type=\u00bb1_2&#8243; _builder_version=\u00bb4.6.5&#8243; _module_preset=\u00bbdefault\u00bb][et_pb_text _builder_version=\u00bb4.6.5&#8243; _module_preset=\u00bbdefault\u00bb]<\/p>\n<p>\u00a0 comercios y se fundaban diversas Sociedades de Socorros Mutuos, como la Asociaci\u00f3n Mutual \u201cJoven Italia\u201d (la primera de Miramar), creada el 27 de Abril de 1889.<br \/>En 1889 se inicia la construcci\u00f3n de la Iglesia, y se inaugura el primer hotel: \u201cHotel Argentino\u00bb. En 1890 se crea el Juzgado Administrativo. Se iniciaban adem\u00e1s en aquella \u00e9poca las primeras gestiones para la construcci\u00f3n de un ramal de ferrocarril, pero uno de los factores fundamentales para el progreso fue la creaci\u00f3n del Partido de General Alvarado el 29 de septiembre de 1891.<br \/>Contempor\u00e1nea a esta fecha, se instala la primera Comisar\u00eda. En 1893 Miramar tiene su primer M\u00e9dico, y en 1894 se inaugura la Escuela N\u00ba 1 \u201cGeneral San Mart\u00edn\u201d, ubicada originalmente en las calles 26 y 29; en 1895 se habilita el Tel\u00e9grafo, y a partir de 1905 la Telefon\u00eda. En 1909 se inaugur\u00f3 el primer peri\u00f3dico: \u201cLa Voz del Desierto\u201d.<br \/>El 9 de febrero de 1911 lleg\u00f3 a Miramar el primer ferrocarril, principal medio de comunicaci\u00f3n de la \u00e9poca, inaugur\u00e1ndose la Estaci\u00f3n \u201cMira \u2013 Mar\u201d el 24 de Febrero del mismo a\u00f1o. En 1912 se pone en marcha la Usina El\u00e9ctrica.<\/p>\n<p>[\/et_pb_text][\/et_pb_column][\/et_pb_row][et_pb_row column_structure=\u00bb1_2,1_2&#8243; _builder_version=\u00bb4.6.5&#8243; _module_preset=\u00bbdefault\u00bb custom_padding=\u00bb105px|||||\u00bb][et_pb_column type=\u00bb1_2&#8243; _builder_version=\u00bb4.6.5&#8243; _module_preset=\u00bbdefault\u00bb][et_pb_text _builder_version=\u00bb4.9.4&#8243; _module_preset=\u00bbdefault\u00bb hover_enabled=\u00bb0&#8243; sticky_enabled=\u00bb0&#8243;]<\/p>\n<p>A partir de las primeras d\u00e9cadas del Siglo XX, se realizaron en Miramar una serie de obras de gran trascendencia, no s\u00f3lo por lo que representaron en aquellos d\u00edas, sino por su proyecci\u00f3n hasta hoy. Entre las mas importantes, cabe destacar: El Muelle de Pescadores (construido en 1910, reconstruido en 1917,1999 y 2012), de avanzada para la \u00e9poca; La Rambla Costanera (1905), ubicada entre las calles 25 y 27, originalmente de madera, que fuera destruida por un temporal en 1910, y reconstruida en hormig\u00f3n en la d\u00e9cada de 1920, perdurando as\u00ed hasta 1955, cuando se la reformara hasta la<br \/>transformaci\u00f3n del frente mar\u00edtimo en la d\u00e9cada de 1980, donde fuera construido el actual Paseo Costanero, integrando la antigua Rambla; El Vivero Dun\u00edcola, creado en 1923, dependiendo originalmente del Ministerio de Asuntos Agrarios de la Provincia de Buenos Aires. El 31 de Octubre de 1934 se le dio el nombre de \u201cFlorentino Ameghino\u201d, en homenaje al gran naturalista argentino que visitara estas costas, pasando a ser Vivero Municipal a partir de 1969; El Golf Club, inaugurado el 1\u00ba de Enero de 1930, junto con el \u201cDormy House\u201d (alojamientos), por \u201cLa Fraternidad\u201d (Sindicato de Empleados del Ferrocarril), y el Casino de Miramar, que comenzara sus actividades como casino privado a partir del a\u00f1o 1938, nacionaliz\u00e1ndose en 1944. Est\u00e1<br \/>ubicado en el local del Club General Alvarado (calle 21 e\/ 26 y 28).<\/p>\n<p><em>PARA MAS INFORMACION PODES VISITAR EL SITIO WEL DEL MUSEO<\/em><a href=\"https:\/\/www.museodemiramar.com.ar\" target=\"_blank\" rel=\"noopener\" title=\"Museo Miramar\"> (CLICK AQUI)<\/a><\/p>\n<p>&nbsp;<\/p>\n<p>[\/et_pb_text][\/et_pb_column][et_pb_column type=\u00bb1_2&#8243; _builder_version=\u00bb4.6.5&#8243; _module_preset=\u00bbdefault\u00bb][et_pb_image src=\u00bbhttps:\/\/miramar.tur.ar\/wp-content\/uploads\/2021\/04\/miramar-3-1.jpg\u00bb title_text=\u00bbmiramar 3&#8243; _builder_version=\u00bb4.6.5&#8243; _module_preset=\u00bbdefault\u00bb custom_padding=\u00bb0px|||||\u00bb][\/et_pb_image][\/et_pb_column][\/et_pb_row][\/et_pb_section][et_pb_section fb_built=\u00bb1&#8243; admin_label=\u00bbGallery\u00bb _builder_version=\u00bb3.22&#8243; custom_padding=\u00bb54px|0px|54px|0px|false|false\u00bb][et_pb_row admin_label=\u00bbGallery Row\u00bb _builder_version=\u00bb3.25&#8243; custom_margin=\u00bb|||\u00bb custom_padding=\u00bb|||\u00bb border_radii=\u00bbon|3px|3px|3px|3px\u00bb][et_pb_column type=\u00bb4_4&#8243; _builder_version=\u00bb3.25&#8243; custom_padding=\u00bb|||\u00bb custom_padding__hover=\u00bb|||\u00bb][et_pb_text admin_label=\u00bbTitle\u00bb _builder_version=\u00bb4.6.5&#8243; text_font=\u00bbNoto Sans||||||||\u00bb text_font_size=\u00bb17px\u00bb text_line_height=\u00bb2em\u00bb link_font=\u00bb||||||||\u00bb ul_font=\u00bb||||||||\u00bb ol_font=\u00bb||||||||\u00bb quote_font=\u00bb||||||||\u00bb header_font=\u00bb||||||||\u00bb header_text_align=\u00bbcenter\u00bb header_2_font=\u00bbAsap|700|||||||\u00bb header_2_font_size=\u00bb44px\u00bb header_2_line_height=\u00bb1.5em\u00bb header_3_font=\u00bb||||||||\u00bb text_orientation=\u00bbcenter\u00bb max_width=\u00bb800px\u00bb module_alignment=\u00bbcenter\u00bb header_2_font_size_tablet=\u00bb\u00bb header_2_font_size_phone=\u00bb34px\u00bb header_2_font_size_last_edited=\u00bbon|phone\u00bb]<\/p>\n<h2>Fotos antiguas<\/h2>\n<p>Les dejamos algunas fotos de la ciudad&#8230;<\/p>\n<p>[\/et_pb_text][\/et_pb_column][\/et_pb_row][et_pb_row column_structure=\u00bb1_4,1_4,1_4,1_4&#8243; use_custom_gutter=\u00bbon\u00bb gutter_width=\u00bb1&#8243; module_class=\u00bb et_pb_row_fullwidth\u00bb _builder_version=\u00bb3.25&#8243; width=\u00bb100%\u00bb width_tablet=\u00bb100%\u00bb width_phone=\u00bb\u00bb width_last_edited=\u00bbon|desktop\u00bb max_width=\u00bb100%\u00bb max_width_tablet=\u00bb100%\u00bb max_width_phone=\u00bb\u00bb max_width_last_edited=\u00bbon|desktop\u00bb custom_padding=\u00bb0|0px|0px|0px|false|false\u00bb make_fullwidth=\u00bbon\u00bb][et_pb_column type=\u00bb1_4&#8243; _builder_version=\u00bb3.25&#8243; custom_padding=\u00bb|||\u00bb custom_padding__hover=\u00bb|||\u00bb][et_pb_image src=\u00bbhttps:\/\/miramar.tur.ar\/wp-content\/uploads\/2021\/04\/foto-1.jpg\u00bb title_text=\u00bbfoto 1&#8243; show_in_lightbox=\u00bbon\u00bb use_overlay=\u00bbon\u00bb overlay_icon_color=\u00bb#0a95aa\u00bb force_fullwidth=\u00bbon\u00bb align_tablet=\u00bbcenter\u00bb align_phone=\u00bb\u00bb align_last_edited=\u00bbon|desktop\u00bb _builder_version=\u00bb4.6.5&#8243; animation_style=\u00bbzoom\u00bb animation_delay=\u00bb100ms\u00bb animation_intensity_zoom=\u00bb6%\u00bb][\/et_pb_image][\/et_pb_column][et_pb_column type=\u00bb1_4&#8243; _builder_version=\u00bb3.25&#8243; custom_padding=\u00bb|||\u00bb custom_padding__hover=\u00bb|||\u00bb][et_pb_image src=\u00bbhttps:\/\/miramar.tur.ar\/wp-content\/uploads\/2021\/04\/foto-2.jpg\u00bb title_text=\u00bbfoto 2&#8243; show_in_lightbox=\u00bbon\u00bb use_overlay=\u00bbon\u00bb overlay_icon_color=\u00bb#0a95aa\u00bb force_fullwidth=\u00bbon\u00bb align_tablet=\u00bbcenter\u00bb align_phone=\u00bb\u00bb align_last_edited=\u00bbon|desktop\u00bb _builder_version=\u00bb4.6.5&#8243; animation_style=\u00bbzoom\u00bb animation_intensity_zoom=\u00bb6%\u00bb locked=\u00bboff\u00bb][\/et_pb_image][\/et_pb_column][et_pb_column type=\u00bb1_4&#8243; _builder_version=\u00bb3.25&#8243; custom_padding=\u00bb|||\u00bb custom_padding__hover=\u00bb|||\u00bb][et_pb_image src=\u00bbhttps:\/\/miramar.tur.ar\/wp-content\/uploads\/2021\/04\/muelle.jpg\u00bb title_text=\u00bbmuelle\u00bb show_in_lightbox=\u00bbon\u00bb use_overlay=\u00bbon\u00bb overlay_icon_color=\u00bb#0a95aa\u00bb force_fullwidth=\u00bbon\u00bb align_tablet=\u00bbcenter\u00bb align_phone=\u00bb\u00bb align_last_edited=\u00bbon|desktop\u00bb _builder_version=\u00bb4.6.5&#8243; animation_style=\u00bbzoom\u00bb animation_delay=\u00bb200ms\u00bb animation_intensity_zoom=\u00bb6%\u00bb locked=\u00bboff\u00bb][\/et_pb_image][\/et_pb_column][et_pb_column type=\u00bb1_4&#8243; _builder_version=\u00bb3.25&#8243; custom_padding=\u00bb|||\u00bb custom_padding__hover=\u00bb|||\u00bb][et_pb_image src=\u00bbhttps:\/\/miramar.tur.ar\/wp-content\/uploads\/2021\/04\/foto-3.jpg\u00bb title_text=\u00bbfoto 3&#8243; show_in_lightbox=\u00bbon\u00bb use_overlay=\u00bbon\u00bb overlay_icon_color=\u00bb#0a95aa\u00bb force_fullwidth=\u00bbon\u00bb align_tablet=\u00bbcenter\u00bb align_phone=\u00bb\u00bb align_last_edited=\u00bbon|desktop\u00bb _builder_version=\u00bb4.6.5&#8243; animation_style=\u00bbzoom\u00bb animation_delay=\u00bb50ms\u00bb animation_intensity_zoom=\u00bb6%\u00bb locked=\u00bboff\u00bb][\/et_pb_image][\/et_pb_column][\/et_pb_row][et_pb_row column_structure=\u00bb1_4,1_4,1_4,1_4&#8243; use_custom_gutter=\u00bbon\u00bb gutter_width=\u00bb1&#8243; module_class=\u00bb et_pb_row_fullwidth\u00bb _builder_version=\u00bb3.25&#8243; width=\u00bb100%\u00bb width_tablet=\u00bb100%\u00bb width_phone=\u00bb\u00bb width_last_edited=\u00bbon|desktop\u00bb max_width=\u00bb100%\u00bb max_width_tablet=\u00bb100%\u00bb max_width_phone=\u00bb\u00bb max_width_last_edited=\u00bbon|desktop\u00bb custom_padding=\u00bb0|0px|0px|0px|false|false\u00bb make_fullwidth=\u00bbon\u00bb][et_pb_column type=\u00bb1_4&#8243; _builder_version=\u00bb3.25&#8243; custom_padding=\u00bb|||\u00bb custom_padding__hover=\u00bb|||\u00bb][et_pb_image src=\u00bbhttps:\/\/miramar.tur.ar\/wp-content\/uploads\/2021\/04\/foto-4.jpg\u00bb title_text=\u00bbfoto 4&#8243; show_in_lightbox=\u00bbon\u00bb use_overlay=\u00bbon\u00bb overlay_icon_color=\u00bb#0a95aa\u00bb force_fullwidth=\u00bbon\u00bb align_tablet=\u00bbcenter\u00bb align_phone=\u00bb\u00bb align_last_edited=\u00bbon|desktop\u00bb _builder_version=\u00bb4.6.5&#8243; animation_style=\u00bbzoom\u00bb animation_delay=\u00bb175ms\u00bb animation_intensity_zoom=\u00bb6%\u00bb][\/et_pb_image][\/et_pb_column][et_pb_column type=\u00bb1_4&#8243; _builder_version=\u00bb3.25&#8243; custom_padding=\u00bb|||\u00bb custom_padding__hover=\u00bb|||\u00bb][et_pb_image src=\u00bbhttps:\/\/miramar.tur.ar\/wp-content\/uploads\/2021\/04\/foto-5.jpg\u00bb title_text=\u00bbfoto 5&#8243; show_in_lightbox=\u00bbon\u00bb use_overlay=\u00bbon\u00bb overlay_icon_color=\u00bb#0a95aa\u00bb force_fullwidth=\u00bbon\u00bb align_tablet=\u00bbcenter\u00bb align_phone=\u00bb\u00bb align_last_edited=\u00bbon|desktop\u00bb _builder_version=\u00bb4.6.5&#8243; animation_style=\u00bbzoom\u00bb animation_delay=\u00bb100ms\u00bb animation_intensity_zoom=\u00bb6%\u00bb locked=\u00bboff\u00bb][\/et_pb_image][\/et_pb_column][et_pb_column type=\u00bb1_4&#8243; _builder_version=\u00bb3.25&#8243; custom_padding=\u00bb|||\u00bb custom_padding__hover=\u00bb|||\u00bb][et_pb_image src=\u00bbhttps:\/\/miramar.tur.ar\/wp-content\/uploads\/2021\/04\/foto-6.jpg\u00bb title_text=\u00bbfoto 6&#8243; show_in_lightbox=\u00bbon\u00bb use_overlay=\u00bbon\u00bb overlay_icon_color=\u00bb#0a95aa\u00bb force_fullwidth=\u00bbon\u00bb align_tablet=\u00bbcenter\u00bb align_phone=\u00bb\u00bb align_last_edited=\u00bbon|desktop\u00bb _builder_version=\u00bb4.6.5&#8243; animation_style=\u00bbzoom\u00bb animation_delay=\u00bb150ms\u00bb animation_intensity_zoom=\u00bb6%\u00bb locked=\u00bboff\u00bb][\/et_pb_image][\/et_pb_column][et_pb_column type=\u00bb1_4&#8243; _builder_version=\u00bb3.25&#8243; custom_padding=\u00bb|||\u00bb custom_padding__hover=\u00bb|||\u00bb][et_pb_image src=\u00bbhttps:\/\/miramar.tur.ar\/wp-content\/uploads\/2021\/04\/foto-7.jpg\u00bb title_text=\u00bbfoto 7&#8243; show_in_lightbox=\u00bbon\u00bb use_overlay=\u00bbon\u00bb overlay_icon_color=\u00bb#0a95aa\u00bb force_fullwidth=\u00bbon\u00bb align_tablet=\u00bbcenter\u00bb align_phone=\u00bb\u00bb align_last_edited=\u00bbon|desktop\u00bb _builder_version=\u00bb4.6.5&#8243; animation_style=\u00bbzoom\u00bb animation_delay=\u00bb25ms\u00bb animation_intensity_zoom=\u00bb6%\u00bb locked=\u00bboff\u00bb][\/et_pb_image][\/et_pb_column][\/et_pb_row][\/et_pb_section][et_pb_section fb_built=\u00bb1&#8243; disabled_on=\u00bboff|off|off\u00bb admin_label=\u00bbFollow Along\u00bb _builder_version=\u00bb4.6.5&#8243; use_background_color_gradient=\u00bbon\u00bb background_color_gradient_start=\u00bb#ffffff\u00bb background_color_gradient_end=\u00bbrgba(255,255,255,0)\u00bb background_color_gradient_end_position=\u00bb52%\u00bb background_color_gradient_overlays_image=\u00bbon\u00bb background_image=\u00bbhttps:\/\/miramar.tur.ar\/wp-content\/uploads\/2021\/04\/portada-bajo-scaled.jpg\u00bb background_position=\u00bbcenter_right\u00bb custom_padding=\u00bb||34vw|\u00bb][et_pb_row column_structure=\u00bb1_4,1_2,1_4&#8243; module_class=\u00bb et_pb_row_fullwidth\u00bb _builder_version=\u00bb3.25&#8243; width=\u00bb89%\u00bb width_tablet=\u00bb80%\u00bb width_phone=\u00bb\u00bb width_last_edited=\u00bbon|desktop\u00bb max_width=\u00bb89%\u00bb max_width_tablet=\u00bb80%\u00bb max_width_phone=\u00bb\u00bb max_width_last_edited=\u00bbon|desktop\u00bb custom_margin=\u00bb0px|||\u00bb custom_padding=\u00bb|||\u00bb make_fullwidth=\u00bbon\u00bb][et_pb_column type=\u00bb1_4&#8243; _builder_version=\u00bb3.25&#8243; custom_padding=\u00bb|||\u00bb custom_padding__hover=\u00bb|||\u00bb][\/et_pb_column][et_pb_column type=\u00bb1_2&#8243; _builder_version=\u00bb3.25&#8243; custom_padding=\u00bb|||\u00bb custom_padding__hover=\u00bb|||\u00bb][et_pb_signup mailchimp_list=\u00bbSlavaET|03dac884f0&#8243; first_name_field=\u00bboff\u00bb last_name_field=\u00bboff\u00bb title=\u00bbSuscribite para recibir mas Informacion\u00bb _builder_version=\u00bb4.6.5&#8243; form_field_background_color=\u00bb#ffffff\u00bb form_field_text_color=\u00bb#929292&#8243; form_field_focus_background_color=\u00bb#000000&#8243; header_font=\u00bbAsap|700|||||||\u00bb header_text_align=\u00bbcenter\u00bb header_font_size=\u00bb50px\u00bb header_line_height=\u00bb1.5em\u00bb body_font=\u00bbNoto Sans||||||||\u00bb body_font_size=\u00bb17px\u00bb body_line_height=\u00bb2em\u00bb result_message_font=\u00bbNoto Sans||||||||\u00bb result_message_font_size=\u00bb17px\u00bb use_background_color=\u00bboff\u00bb custom_button=\u00bbon\u00bb button_text_size=\u00bb17px\u00bb button_text_color=\u00bb#ffffff\u00bb button_bg_color=\u00bb#0a95aa\u00bb button_border_width=\u00bb10px\u00bb button_border_color=\u00bbrgba(0,0,0,0)\u00bb button_border_radius=\u00bb100px\u00bb button_font=\u00bbNoto Sans|700||on|||||\u00bb button_use_icon=\u00bboff\u00bb text_orientation=\u00bbcenter\u00bb background_layout=\u00bblight\u00bb module_alignment=\u00bbcenter\u00bb animation_style=\u00bbfade\u00bb header_font_size_tablet=\u00bb\u00bb header_font_size_phone=\u00bb40px\u00bb header_font_size_last_edited=\u00bbon|phone\u00bb border_radii_fields=\u00bbon|100px|100px|100px|100px\u00bb border_width_all_fields=\u00bb6px\u00bb border_color_all_fields=\u00bb#ffffff\u00bb box_shadow_style_fields=\u00bbpreset1&#8243; box_shadow_vertical_fields=\u00bb52px\u00bb box_shadow_blur_fields=\u00bb80px\u00bb box_shadow_color_fields=\u00bb3px\u00bb button_text_color_hover=\u00bb#ffffff\u00bb button_border_color_hover=\u00bb#ff9e59&#8243; button_border_radius_hover=\u00bb100px\u00bb button_bg_color_hover=\u00bb#ff9e59&#8243; focus_background_color=\u00bb#000000&#8243; button_text_size__hover_enabled=\u00bboff\u00bb button_one_text_size__hover_enabled=\u00bboff\u00bb button_two_text_size__hover_enabled=\u00bboff\u00bb button_text_color__hover_enabled=\u00bbon\u00bb button_text_color__hover=\u00bb#ffffff\u00bb button_one_text_color__hover_enabled=\u00bboff\u00bb button_two_text_color__hover_enabled=\u00bboff\u00bb button_border_width__hover_enabled=\u00bboff\u00bb button_one_border_width__hover_enabled=\u00bboff\u00bb button_two_border_width__hover_enabled=\u00bboff\u00bb button_border_color__hover_enabled=\u00bbon\u00bb button_border_color__hover=\u00bbrgba(0,0,0,0)\u00bb button_one_border_color__hover_enabled=\u00bboff\u00bb button_two_border_color__hover_enabled=\u00bboff\u00bb button_border_radius__hover_enabled=\u00bbon\u00bb button_border_radius__hover=\u00bb100px\u00bb button_one_border_radius__hover_enabled=\u00bboff\u00bb button_two_border_radius__hover_enabled=\u00bboff\u00bb button_letter_spacing__hover_enabled=\u00bboff\u00bb button_one_letter_spacing__hover_enabled=\u00bboff\u00bb button_two_letter_spacing__hover_enabled=\u00bboff\u00bb button_bg_color__hover_enabled=\u00bbon|hover\u00bb button_bg_color__hover=\u00bbrgba(10,149,170,0.72)\u00bb button_one_bg_color__hover_enabled=\u00bboff\u00bb button_two_bg_color__hover_enabled=\u00bboff\u00bb button_bg_enable_color__hover=\u00bbon\u00bb]Lorem ipsum dolor sit amet, consectetur adipiscing elit, sed do eiusmod tempor incididunt ut labore et dolore magna aliqua. Ut enim ad minim veniam.<br \/>\n[\/et_pb_signup][et_pb_social_media_follow _builder_version=\u00bb4.6.5&#8243; text_orientation=\u00bbcenter\u00bb background_layout=\u00bbdark\u00bb module_alignment=\u00bbright\u00bb custom_margin=\u00bb|||\u00bb animation_style=\u00bbslide\u00bb animation_direction=\u00bbtop\u00bb border_radii=\u00bbon|100%|100%|100%|100%\u00bb][et_pb_social_media_follow_network social_network=\u00bbfacebook\u00bb url=\u00bbhttp:\/\/www.facebook.com\/MiramarARG\u00bb _builder_version=\u00bb4.6.5&#8243; background_color=\u00bbrgba(0,0,0,0.1)\u00bb custom_margin=\u00bb|10px||10px||true\u00bb custom_padding=\u00bb10px|10px|10px|10px|true|true\u00bb follow_button=\u00bboff\u00bb url_new_window=\u00bbon\u00bb]facebook[\/et_pb_social_media_follow_network][et_pb_social_media_follow_network social_network=\u00bbtwitter\u00bb _builder_version=\u00bb3.2.1&#8243; background_color=\u00bbrgba(0,0,0,0.1)\u00bb custom_margin=\u00bb|10px||10px||true\u00bb custom_padding=\u00bb10px|10px|10px|10px|true|true\u00bb follow_button=\u00bboff\u00bb url_new_window=\u00bbon\u00bb]twitter[\/et_pb_social_media_follow_network][et_pb_social_media_follow_network social_network=\u00bbinstagram\u00bb url=\u00bbhttp:\/\/www.instagram.com\/miramararg\u00bb _builder_version=\u00bb4.6.5&#8243; background_color=\u00bbrgba(0,0,0,0.1)\u00bb custom_margin=\u00bb|10px||10px||true\u00bb custom_padding=\u00bb10px|10px|10px|10px|true|true\u00bb follow_button=\u00bboff\u00bb url_new_window=\u00bbon\u00bb]instagram[\/et_pb_social_media_follow_network][\/et_pb_social_media_follow][\/et_pb_column][et_pb_column type=\u00bb1_4&#8243; _builder_version=\u00bb3.25&#8243; custom_padding=\u00bb|||\u00bb custom_padding__hover=\u00bb|||\u00bb][\/et_pb_column][\/et_pb_row][\/et_pb_section]<\/p>\n","protected":false},"excerpt":{"rendered":"<p>[et_pb_section fb_built=\u00bb1&#8243; admin_label=\u00bbCTA\u00bb _builder_version=\u00bb4.9.4&#8243; background_image=\u00bbhttps:\/\/miramar.tur.ar\/wp-content\/uploads\/2022\/08\/portada-historia-miramar.jpg\u00bb background_blend=\u00bbdarken\u00bb z_index=\u00bb10&#8243; locked=\u00bboff\u00bb][et_pb_row _builder_version=\u00bb4.6.5&#8243; background_color=\u00bbrgba(0,0,0,0)\u00bb min_height=\u00bb285px\u00bb custom_margin=\u00bb0px|auto||auto||\u00bb custom_padding=\u00bb80px|40px|80px|40px|true|true\u00bb box_shadow_style=\u00bbpreset3&#8243; box_shadow_horizontal=\u00bb5px\u00bb box_shadow_vertical=\u00bb25px\u00bb box_shadow_blur=\u00bb105px\u00bb box_shadow_spread=\u00bb-30px\u00bb box_shadow_color=\u00bbrgba(0,0,0,0.25)\u00bb locked=\u00bboff\u00bb][et_pb_column type=\u00bb4_4&#8243; _builder_version=\u00bb3.25&#8243; custom_padding=\u00bb|||\u00bb custom_padding__hover=\u00bb|||\u00bb][et_pb_text _builder_version=\u00bb4.6.5&#8243; text_font=\u00bbLato||||||||\u00bb text_font_size=\u00bb22px\u00bb text_line_height=\u00bb1.8em\u00bb header_font=\u00bb||||||||\u00bb header_2_font=\u00bbAsap Condensed|700|||||||\u00bb header_2_font_size=\u00bb64px\u00bb header_2_line_height=\u00bb1.2em\u00bb text_orientation=\u00bbcenter\u00bb width_tablet=\u00bb600px\u00bb width_phone=\u00bb400px\u00bb width_last_edited=\u00bboff|phone\u00bb max_width=\u00bb700px\u00bb max_width_tablet=\u00bb\u00bb max_width_phone=\u00bb\u00bb max_width_last_edited=\u00bbon|desktop\u00bb module_alignment=\u00bbcenter\u00bb custom_margin=\u00bb||15px\u00bb text_font_size_tablet=\u00bb\u00bb text_font_size_phone=\u00bb15px\u00bb text_font_size_last_edited=\u00bbon|desktop\u00bb header_2_font_size_tablet=\u00bb44px\u00bb header_2_font_size_phone=\u00bb28px\u00bb header_2_font_size_last_edited=\u00bbon|phone\u00bb locked=\u00bboff\u00bb] HISTORIA [\/et_pb_text][\/et_pb_column][\/et_pb_row][\/et_pb_section][et_pb_section fb_built=\u00bb1&#8243; _builder_version=\u00bb4.6.5&#8243; custom_padding=\u00bb|||\u00bb][et_pb_row [&hellip;]<\/p>\n","protected":false},"author":2,"featured_media":0,"parent":0,"menu_order":0,"comment_status":"closed","ping_status":"closed","template":"","meta":{"_et_pb_use_builder":"on","_et_pb_old_content":"","_et_gb_content_width":"","footnotes":""},"class_list":["post-409","page","type-page","status-publish","hentry"],"_links":{"self":[{"href":"https:\/\/miramar.tur.ar\/index.php\/wp-json\/wp\/v2\/pages\/409","targetHints":{"allow":["GET"]}}],"collection":[{"href":"https:\/\/miramar.tur.ar\/index.php\/wp-json\/wp\/v2\/pages"}],"about":[{"href":"https:\/\/miramar.tur.ar\/index.php\/wp-json\/wp\/v2\/types\/page"}],"author":[{"embeddable":true,"href":"https:\/\/miramar.tur.ar\/index.php\/wp-json\/wp\/v2\/users\/2"}],"replies":[{"embeddable":true,"href":"https:\/\/miramar.tur.ar\/index.php\/wp-json\/wp\/v2\/comments?post=409"}],"version-history":[{"count":10,"href":"https:\/\/miramar.tur.ar\/index.php\/wp-json\/wp\/v2\/pages\/409\/revisions"}],"predecessor-version":[{"id":1756,"href":"https:\/\/miramar.tur.ar\/index.php\/wp-json\/wp\/v2\/pages\/409\/revisions\/1756"}],"wp:attachment":[{"href":"https:\/\/miramar.tur.ar\/index.php\/wp-json\/wp\/v2\/media?parent=409"}],"curies":[{"name":"wp","href":"https:\/\/api.w.org\/{rel}","templated":true}]}}