{"id":334,"date":"2021-04-07T23:50:24","date_gmt":"2021-04-07T23:50:24","guid":{"rendered":"https:\/\/miramar.tur.ar\/?page_id=334"},"modified":"2023-03-02T12:24:15","modified_gmt":"2023-03-02T12:24:15","slug":"10-lugares","status":"publish","type":"page","link":"https:\/\/miramar.tur.ar\/index.php\/10-lugares\/","title":{"rendered":"10 lugares"},"content":{"rendered":"<p>[et_pb_section fb_built=\u00bb1&#8243; fullwidth=\u00bbon\u00bb _builder_version=\u00bb4.9.4&#8243; animation_style=\u00bbslide\u00bb animation_direction=\u00bbtop\u00bb animation_intensity_slide=\u00bb2%\u00bb animation_starting_opacity=\u00bb100%\u00bb][et_pb_fullwidth_header content_max_width=\u00bb800px\u00bb _builder_version=\u00bb4.9.4&#8243; title_level=\u00bbh2&#8243; title_font=\u00bbAsap Condensed||||||||\u00bb title_font_size=\u00bb60px\u00bb title_line_height=\u00bb1.2em\u00bb content_font=\u00bb||||||||\u00bb content_font_size=\u00bb20px\u00bb content_line_height=\u00bb1.8em\u00bb background_color=\u00bbrgba(255, 255, 255, 0)\u00bb use_background_color_gradient=\u00bbon\u00bb background_color_gradient_start=\u00bbrgba(0,0,0,0.75)\u00bb background_color_gradient_end=\u00bbrgba(0,0,0,0)\u00bb background_color_gradient_direction=\u00bb90deg\u00bb background_color_gradient_overlays_image=\u00bbon\u00bb background_image=\u00bbhttps:\/\/miramar.tur.ar\/wp-content\/uploads\/2022\/08\/foto-10-lugares.jpg\u00bb custom_button_one=\u00bbon\u00bb button_one_text_size=\u00bb18px\u00bb button_one_bg_color=\u00bb#02d002&#8243; button_one_border_width=\u00bb8px\u00bb button_one_border_color=\u00bb#02d002&#8243; button_one_border_radius=\u00bb0px\u00bb button_one_letter_spacing=\u00bb1px\u00bb button_one_font=\u00bbLato|700|||||||\u00bb button_one_use_icon=\u00bboff\u00bb custom_button_two=\u00bbon\u00bb button_two_text_size=\u00bb18px\u00bb button_two_text_color=\u00bb#353740&#8243; button_two_bg_color=\u00bb#ffffff\u00bb button_two_border_width=\u00bb8px\u00bb button_two_border_color=\u00bb#ffffff\u00bb button_two_border_radius=\u00bb0px\u00bb button_two_letter_spacing=\u00bb1px\u00bb button_two_font=\u00bbLato|700|||||||\u00bb button_two_use_icon=\u00bboff\u00bb custom_margin=\u00bb|||\u00bb custom_padding=\u00bb8%||8%|\u00bb button_one_letter_spacing_hover=\u00bb1px\u00bb button_two_letter_spacing_hover=\u00bb1px\u00bb locked=\u00bboff\u00bb button_one_text_size__hover_enabled=\u00bboff\u00bb button_two_text_size__hover_enabled=\u00bboff\u00bb button_one_text_color__hover_enabled=\u00bboff\u00bb button_two_text_color__hover_enabled=\u00bboff\u00bb button_one_border_width__hover_enabled=\u00bboff\u00bb button_two_border_width__hover_enabled=\u00bboff\u00bb button_one_border_color__hover_enabled=\u00bboff\u00bb button_two_border_color__hover_enabled=\u00bboff\u00bb button_one_border_radius__hover_enabled=\u00bboff\u00bb button_two_border_radius__hover_enabled=\u00bboff\u00bb button_one_letter_spacing__hover_enabled=\u00bbon\u00bb button_one_letter_spacing__hover=\u00bb1px\u00bb button_two_letter_spacing__hover_enabled=\u00bbon\u00bb button_two_letter_spacing__hover=\u00bb1px\u00bb button_one_bg_color__hover_enabled=\u00bboff\u00bb button_two_bg_color__hover_enabled=\u00bboff\u00bb][\/et_pb_fullwidth_header][\/et_pb_section][et_pb_section fb_built=\u00bb1&#8243; admin_label=\u00bbOur Story Section\u00bb _builder_version=\u00bb3.22&#8243; custom_padding=\u00bb100px||6px|||\u00bb][et_pb_row column_structure=\u00bb1_2,1_2&#8243; admin_label=\u00bbOur Story Area\u00bb _builder_version=\u00bb3.25&#8243;][et_pb_column type=\u00bb1_2&#8243; _builder_version=\u00bb3.25&#8243; custom_padding=\u00bb|||\u00bb custom_padding__hover=\u00bb|||\u00bb][et_pb_image src=\u00bbhttps:\/\/miramar.tur.ar\/wp-content\/uploads\/2021\/03\/playa-1.jpg\u00bb title_text=\u00bbplaya-1&#8243; align_tablet=\u00bbcenter\u00bb align_phone=\u00bb\u00bb align_last_edited=\u00bbon|desktop\u00bb _builder_version=\u00bb4.6.5&#8243;][\/et_pb_image][\/et_pb_column][et_pb_column type=\u00bb1_2&#8243; _builder_version=\u00bb3.25&#8243; custom_padding=\u00bb|||\u00bb custom_padding__hover=\u00bb|||\u00bb][et_pb_text admin_label=\u00bbTitle\u00bb _builder_version=\u00bb4.6.5&#8243; text_font=\u00bb||||||||\u00bb header_font=\u00bb||||||||\u00bb header_2_font=\u00bbLato||||||||\u00bb header_2_font_size=\u00bb36px\u00bb header_2_line_height=\u00bb1.5em\u00bb module_alignment=\u00bbcenter\u00bb custom_margin=\u00bb||15px|\u00bb custom_padding=\u00bb|||\u00bb animation_direction=\u00bbleft\u00bb inline_fonts=\u00bbAsap Condensed\u00bb]<\/p>\n<h2><span style=\"font-size: x-large;\"><strong><span style=\"font-family: 'Asap Condensed';\">1.- Playa.<\/span><\/strong><\/span><\/h2>\n<p>[\/et_pb_text][et_pb_text _builder_version=\u00bb4.9.4&#8243; text_font=\u00bb||||||||\u00bb text_font_size=\u00bb16px\u00bb text_line_height=\u00bb1.8em\u00bb animation_direction=\u00bbleft\u00bb]<\/p>\n<p>Las extensas playas de nuestro destino se caracterizan por ser el<br \/>producto estrella, congregando en temporada estival a miles de turistas y visitantes.<\/p>\n<p>[\/et_pb_text][\/et_pb_column][\/et_pb_row][et_pb_row column_structure=\u00bb1_2,1_2&#8243; admin_label=\u00bbOur Story Area\u00bb _builder_version=\u00bb3.25&#8243; custom_padding=\u00bb95px|||||\u00bb][et_pb_column type=\u00bb1_2&#8243; _builder_version=\u00bb3.25&#8243; custom_padding=\u00bb|||\u00bb custom_padding__hover=\u00bb|||\u00bb][et_pb_text admin_label=\u00bbTitle\u00bb _builder_version=\u00bb4.6.5&#8243; text_font=\u00bb||||||||\u00bb header_font=\u00bb||||||||\u00bb header_2_font=\u00bbLato||||||||\u00bb header_2_font_size=\u00bb36px\u00bb header_2_line_height=\u00bb1.5em\u00bb module_alignment=\u00bbcenter\u00bb custom_margin=\u00bb||15px|\u00bb custom_padding=\u00bb|||\u00bb animation_direction=\u00bbleft\u00bb inline_fonts=\u00bbAsap Condensed\u00bb]<\/p>\n<h2><span style=\"font-size: x-large;\"><strong><span style=\"font-family: 'Asap Condensed';\">2.- Bosque Vivero Dunicola Florentino Ameghino.\u00a0<\/span><\/strong><\/span><\/h2>\n<p>[\/et_pb_text][et_pb_text _builder_version=\u00bb4.9.4&#8243; text_font=\u00bb||||||||\u00bb text_font_size=\u00bb16px\u00bb text_line_height=\u00bb1.8em\u00bb animation_direction=\u00bbleft\u00bb]<\/p>\n<p><span>Este espacio agreste y natural se caracteriza por integrar el bosque, los acantilados, las dunas y los m\u00e9danos. Se constituye en una opci\u00f3n\u00a0ideal para disfrutar en familia, m\u00faltiples alternativas de esparcimiento relativas al turismo activo, deportivo y gastron\u00f3mico<\/span><\/p>\n<p>[\/et_pb_text][\/et_pb_column][et_pb_column type=\u00bb1_2&#8243; _builder_version=\u00bb3.25&#8243; custom_padding=\u00bb|||\u00bb custom_padding__hover=\u00bb|||\u00bb][et_pb_image src=\u00bbhttps:\/\/miramar.tur.ar\/wp-content\/uploads\/2021\/06\/WhatsApp-Image-2021-06-09-at-13.33.07.jpeg\u00bb title_text=\u00bbWhatsApp Image 2021-06-09 at 13.33.07&#8243; align_tablet=\u00bbcenter\u00bb align_phone=\u00bb\u00bb align_last_edited=\u00bbon|desktop\u00bb _builder_version=\u00bb4.9.4&#8243;][\/et_pb_image][\/et_pb_column][\/et_pb_row][et_pb_row column_structure=\u00bb1_2,1_2&#8243; admin_label=\u00bbOur Story Area\u00bb _builder_version=\u00bb3.25&#8243; custom_padding=\u00bb90px|||||\u00bb][et_pb_column type=\u00bb1_2&#8243; _builder_version=\u00bb3.25&#8243; custom_padding=\u00bb|||\u00bb custom_padding__hover=\u00bb|||\u00bb][et_pb_text admin_label=\u00bbTitle\u00bb _builder_version=\u00bb4.9.4&#8243; text_font=\u00bb||||||||\u00bb header_font=\u00bb||||||||\u00bb header_2_font=\u00bbLato||||||||\u00bb header_2_font_size=\u00bb36px\u00bb header_2_line_height=\u00bb1.5em\u00bb module_alignment=\u00bbcenter\u00bb custom_margin=\u00bb||15px|\u00bb custom_padding=\u00bb|||\u00bb animation_direction=\u00bbleft\u00bb inline_fonts=\u00bbAsap Condensed\u00bb]<\/p>\n<h2><span style=\"font-size: x-large;\"><strong><span style=\"font-family: 'Asap Condensed';\">3.- Bosque Energ\u00e9tico.<\/span><\/strong><\/span><\/h2>\n<p>[\/et_pb_text][et_pb_text _builder_version=\u00bb4.9.4&#8243; text_font=\u00bb||||||||\u00bb text_font_size=\u00bb16px\u00bb text_line_height=\u00bb1.8em\u00bb animation_direction=\u00bbleft\u00bb]<\/p>\n<p><span>\u00a0<\/span><span><span style=\"color: #000000;\">Este punto especial del bosque, al que muchos visitantes le atribuyen propiedades energ\u00e9ticas y otros extrasensoriales, genera entre sus visitantes un mito en torno a sus enigm\u00e1ticas vivencias.<\/span><\/span><\/p>\n<p>[\/et_pb_text][\/et_pb_column][et_pb_column type=\u00bb1_2&#8243; _builder_version=\u00bb3.25&#8243; custom_padding=\u00bb|||\u00bb custom_padding__hover=\u00bb|||\u00bb][et_pb_blurb image=\u00bbhttps:\/\/miramar.tur.ar\/wp-content\/uploads\/2021\/06\/bosque-energetico3.jpg\u00bb _builder_version=\u00bb4.9.4&#8243; header_font=\u00bbAsap Condensed|700|||||||\u00bb header_font_size=\u00bb22px\u00bb header_line_height=\u00bb1.5em\u00bb body_font=\u00bb||||||||\u00bb body_font_size=\u00bb16px\u00bb body_line_height=\u00bb1.8em\u00bb animation=\u00bboff\u00bb locked=\u00bboff\u00bb][\/et_pb_blurb][\/et_pb_column][\/et_pb_row][et_pb_row column_structure=\u00bb1_2,1_2&#8243; admin_label=\u00bbOur Story Area\u00bb _builder_version=\u00bb3.25&#8243; custom_padding=\u00bb90px|||||\u00bb][et_pb_column type=\u00bb1_2&#8243; _builder_version=\u00bb3.25&#8243; custom_padding=\u00bb|||\u00bb custom_padding__hover=\u00bb|||\u00bb][et_pb_text admin_label=\u00bbTitle\u00bb _builder_version=\u00bb4.9.4&#8243; text_font=\u00bb||||||||\u00bb header_font=\u00bb||||||||\u00bb header_2_font=\u00bbLato||||||||\u00bb header_2_font_size=\u00bb36px\u00bb header_2_line_height=\u00bb1.5em\u00bb module_alignment=\u00bbcenter\u00bb custom_margin=\u00bb||15px|\u00bb custom_padding=\u00bb|||\u00bb animation_direction=\u00bbleft\u00bb inline_fonts=\u00bbAsap Condensed\u00bb]<\/p>\n<h2><span style=\"font-size: x-large;\"><strong><span style=\"font-family: 'Asap Condensed';\">4.- Parque de la Bienal de Arte Esteban Svast.<\/span><\/strong><\/span><\/h2>\n<p>[\/et_pb_text][et_pb_text _builder_version=\u00bb4.9.4&#8243; text_font=\u00bb||||||||\u00bb text_font_size=\u00bb16px\u00bb text_line_height=\u00bb1.8em\u00bb animation_direction=\u00bbleft\u00bb]<\/p>\n<p>Esta ubicado en el ingreso a la ciudad por RP11 y se integra a un entorno paisaj\u00edstico singular, \u00a0Este espacio constituye una verdadera \u00abGaler\u00eda de Arte a Cielo Abierto\u00bb\u00a0 y all\u00ed se encuentran emplazados m\u00e1s de 90 murales y 12 esculturas, trabajados con\u00a0 diferentes materiales y diversas t\u00e9cnicas por artistas con reconocida trayectoria a\u00a0 nivel internacional\u00a0 en el desarrollo de los 5 encuentros realizados desde el a\u00f1o 2013. Esta magnitud, posicion\u00f3 a Miramar en la regi\u00f3n, siendo declarada en el a\u00f1o 2021\u00a0 como Capital provincial del Arte a Cielo Abierto.<\/p>\n<p>[\/et_pb_text][\/et_pb_column][et_pb_column type=\u00bb1_2&#8243; _builder_version=\u00bb3.25&#8243; custom_padding=\u00bb|||\u00bb custom_padding__hover=\u00bb|||\u00bb][et_pb_blurb image=\u00bbhttps:\/\/miramar.tur.ar\/wp-content\/uploads\/2021\/04\/miramar-3.jpg\u00bb _builder_version=\u00bb4.9.4&#8243; header_font=\u00bbAsap Condensed|700|||||||\u00bb header_font_size=\u00bb22px\u00bb header_line_height=\u00bb1.5em\u00bb body_font=\u00bb||||||||\u00bb body_font_size=\u00bb16px\u00bb body_line_height=\u00bb1.8em\u00bb animation=\u00bboff\u00bb locked=\u00bboff\u00bb][\/et_pb_blurb][\/et_pb_column][\/et_pb_row][et_pb_row column_structure=\u00bb1_2,1_2&#8243; admin_label=\u00bbOur Story Area\u00bb _builder_version=\u00bb3.25&#8243; custom_padding=\u00bb90px|||||\u00bb][et_pb_column type=\u00bb1_2&#8243; _builder_version=\u00bb3.25&#8243; custom_padding=\u00bb|||\u00bb custom_padding__hover=\u00bb|||\u00bb][et_pb_text admin_label=\u00bbTitle\u00bb _builder_version=\u00bb4.9.4&#8243; text_font=\u00bb||||||||\u00bb header_font=\u00bb||||||||\u00bb header_2_font=\u00bbLato||||||||\u00bb header_2_font_size=\u00bb36px\u00bb header_2_line_height=\u00bb1.5em\u00bb module_alignment=\u00bbcenter\u00bb custom_margin=\u00bb||15px|\u00bb custom_padding=\u00bb|||\u00bb animation_direction=\u00bbleft\u00bb inline_fonts=\u00bbAsap Condensed\u00bb]<\/p>\n<h2><span style=\"font-size: x-large;\"><strong><span style=\"font-family: 'Asap Condensed';\">5.- Paseo Costanero.<\/span><\/strong><\/span><\/h2>\n<p>[\/et_pb_text][et_pb_text _builder_version=\u00bb4.9.4&#8243; text_font=\u00bb||||||||\u00bb text_font_size=\u00bb16px\u00bb text_line_height=\u00bb1.8em\u00bb animation_direction=\u00bbleft\u00bb]<\/p>\n<p>Ubicado frente al mar, este paseo acompa\u00f1a el entorno natural y es ideal para realizar caminatas o bien transitar con tranquilidad por la bicisenda.<\/p>\n<p>[\/et_pb_text][\/et_pb_column][et_pb_column type=\u00bb1_2&#8243; _builder_version=\u00bb3.25&#8243; custom_padding=\u00bb|||\u00bb custom_padding__hover=\u00bb|||\u00bb][et_pb_image src=\u00bbhttps:\/\/miramar.tur.ar\/wp-content\/uploads\/2021\/04\/costa-scaled.jpg\u00bb title_text=\u00bbcosta\u00bb align_tablet=\u00bbcenter\u00bb align_phone=\u00bb\u00bb align_last_edited=\u00bbon|desktop\u00bb _builder_version=\u00bb4.9.4&#8243;][\/et_pb_image][\/et_pb_column][\/et_pb_row][\/et_pb_section][et_pb_section fb_built=\u00bb1&#8243; admin_label=\u00bbOur Mission Section\u00bb _builder_version=\u00bb3.22&#8243; background_color=\u00bb#f7f7f7&#8243; custom_padding=\u00bb100px||39px|||\u00bb][et_pb_row column_structure=\u00bb1_2,1_2&#8243; admin_label=\u00bbOur Story Area\u00bb _builder_version=\u00bb3.25&#8243; custom_padding=\u00bb12px||1px|||\u00bb][et_pb_column type=\u00bb1_2&#8243; _builder_version=\u00bb3.25&#8243; custom_padding=\u00bb|||\u00bb custom_padding__hover=\u00bb|||\u00bb][et_pb_text admin_label=\u00bbTitle\u00bb _builder_version=\u00bb4.6.5&#8243; text_font=\u00bb||||||||\u00bb header_font=\u00bb||||||||\u00bb header_2_font=\u00bbLato||||||||\u00bb header_2_font_size=\u00bb36px\u00bb header_2_line_height=\u00bb1.5em\u00bb module_alignment=\u00bbcenter\u00bb custom_margin=\u00bb||15px|\u00bb custom_padding=\u00bb|||\u00bb animation_direction=\u00bbleft\u00bb inline_fonts=\u00bbAsap Condensed\u00bb]<\/p>\n<h2><span style=\"font-size: x-large;\"><strong><span style=\"font-family: 'Asap Condensed';\">6.- Peatonal.<\/span><\/strong><\/span><\/h2>\n<p>[\/et_pb_text][et_pb_text _builder_version=\u00bb3.27.4&#8243; text_font=\u00bb||||||||\u00bb text_font_size=\u00bb16px\u00bb text_line_height=\u00bb1.8em\u00bb animation_direction=\u00bbleft\u00bb]<\/p>\n<p><span><span style=\"color: #000000;\">S<\/span><\/span><span><span style=\"color: #000000;\">e extiende por la calle 21 desde la Av. 12 hasta la calle 28. Aqu\u00ed se emplazan las galer\u00edas, los paseos comerciales y diversas propuestas tanto gastron\u00f3micas como recreativas, que lo convierten en un recorrido imperdible<\/span><\/span><\/p>\n<p>[\/et_pb_text][\/et_pb_column][et_pb_column type=\u00bb1_2&#8243; _builder_version=\u00bb3.25&#8243; custom_padding=\u00bb|||\u00bb custom_padding__hover=\u00bb|||\u00bb][et_pb_blurb image=\u00bbhttps:\/\/miramar.tur.ar\/wp-content\/uploads\/2021\/04\/foto-miramar.jpg\u00bb _builder_version=\u00bb4.9.4&#8243; header_font=\u00bbAsap Condensed|700|||||||\u00bb header_font_size=\u00bb22px\u00bb header_line_height=\u00bb1.5em\u00bb body_font=\u00bb||||||||\u00bb body_font_size=\u00bb16px\u00bb body_line_height=\u00bb1.8em\u00bb animation=\u00bboff\u00bb][\/et_pb_blurb][\/et_pb_column][\/et_pb_row][et_pb_row column_structure=\u00bb1_2,1_2&#8243; admin_label=\u00bbOur Story Area\u00bb _builder_version=\u00bb3.25&#8243; custom_padding=\u00bb90px|||||\u00bb][et_pb_column type=\u00bb1_2&#8243; _builder_version=\u00bb3.25&#8243; custom_padding=\u00bb|||\u00bb custom_padding__hover=\u00bb|||\u00bb][et_pb_blurb image=\u00bbhttps:\/\/miramar.tur.ar\/wp-content\/uploads\/2021\/06\/MIRAMAR-Parque-de-los-Patricios-1.jpg\u00bb _builder_version=\u00bb4.9.4&#8243; header_font=\u00bbAsap Condensed|700|||||||\u00bb header_font_size=\u00bb22px\u00bb header_line_height=\u00bb1.5em\u00bb body_font=\u00bb||||||||\u00bb body_font_size=\u00bb16px\u00bb body_line_height=\u00bb1.8em\u00bb animation=\u00bboff\u00bb locked=\u00bboff\u00bb][\/et_pb_blurb][\/et_pb_column][et_pb_column type=\u00bb1_2&#8243; _builder_version=\u00bb3.25&#8243; custom_padding=\u00bb|||\u00bb custom_padding__hover=\u00bb|||\u00bb][et_pb_text admin_label=\u00bbTitle\u00bb _builder_version=\u00bb4.9.4&#8243; text_font=\u00bb||||||||\u00bb header_font=\u00bb||||||||\u00bb header_2_font=\u00bbLato||||||||\u00bb header_2_font_size=\u00bb36px\u00bb header_2_line_height=\u00bb1.5em\u00bb module_alignment=\u00bbcenter\u00bb custom_margin=\u00bb||15px|\u00bb custom_padding=\u00bb|||\u00bb animation_direction=\u00bbleft\u00bb inline_fonts=\u00bbAsap Condensed\u00bb]<\/p>\n<h2><span style=\"font-size: x-large;\"><strong><span style=\"font-family: 'Asap Condensed';\">7.- Parque Patricios &#8211; Paseo El Durazno.<\/span><\/strong><\/span><\/h2>\n<p>[\/et_pb_text][et_pb_text _builder_version=\u00bb4.9.4&#8243; text_font=\u00bb||||||||\u00bb text_font_size=\u00bb16px\u00bb text_line_height=\u00bb1.8em\u00bb animation_direction=\u00bbleft\u00bb]<\/p>\n<p><span>Ubicado en la Avenida 9 entre las calles 18 y 26, se configura como un espacio natural utilizado para el paseo, descanso y esparcimiento:\u00a0 Posee un lago formado por un peque\u00f1o dique como soporte de diversas actividades recreativas.<\/span><\/p>\n<p>[\/et_pb_text][\/et_pb_column][\/et_pb_row][\/et_pb_section][et_pb_section fb_built=\u00bb1&#8243; admin_label=\u00bbOur Mission Section\u00bb _builder_version=\u00bb4.9.4&#8243; background_enable_color=\u00bboff\u00bb custom_padding=\u00bb100px||24px|||\u00bb][et_pb_row column_structure=\u00bb1_2,1_2&#8243; admin_label=\u00bbOur Story Area\u00bb _builder_version=\u00bb3.25&#8243; custom_padding=\u00bb7px|||||\u00bb][et_pb_column type=\u00bb1_2&#8243; _builder_version=\u00bb3.25&#8243; custom_padding=\u00bb|||\u00bb custom_padding__hover=\u00bb|||\u00bb][et_pb_text admin_label=\u00bbTitle\u00bb _builder_version=\u00bb4.9.4&#8243; text_font=\u00bb||||||||\u00bb header_font=\u00bb||||||||\u00bb header_2_font=\u00bbLato||||||||\u00bb header_2_font_size=\u00bb36px\u00bb module_alignment=\u00bbcenter\u00bb custom_margin=\u00bb||15px|\u00bb custom_padding=\u00bb|||\u00bb animation_direction=\u00bbleft\u00bb inline_fonts=\u00bbAsap Condensed\u00bb]<\/p>\n<h2><span style=\"font-size: x-large;\"><strong><span style=\"font-family: 'Asap Condensed';\">8.- Museo de Ciencias Naturales<br \/>de Miramar Punta Hermengo.<\/span><\/strong><\/span><\/h2>\n<p>[\/et_pb_text][et_pb_text _builder_version=\u00bb4.9.4&#8243; text_font=\u00bb||||||||\u00bb text_font_size=\u00bb16px\u00bb text_line_height=\u00bb1.8em\u00bb animation_direction=\u00bbleft\u00bb hover_enabled=\u00bb0&#8243; sticky_enabled=\u00bb0&#8243;]<\/p>\n<p><span>Se puede acceder, por Av. 26 siguiendo hacia el sur, desde el centro de la ciudad a 2,2 Km aproximadamente.I<\/span><span>naugurado el 20 de septiembre de 2019, se constituye en un espacio donde se encuentra registro de la antigua fauna que habitaba esta zona<\/span>.<br \/><a href=\"https:\/\/www.facebook.com\/museocienciasnaturalesmiramar\/\" target=\"_blank\" rel=\"noopener\">Ver mas.<\/a><\/p>\n<p>[\/et_pb_text][\/et_pb_column][et_pb_column type=\u00bb1_2&#8243; _builder_version=\u00bb3.25&#8243; custom_padding=\u00bb|||\u00bb custom_padding__hover=\u00bb|||\u00bb][et_pb_blurb image=\u00bbhttps:\/\/miramar.tur.ar\/wp-content\/uploads\/2022\/05\/fosiles-de-la-region.jpg\u00bb _builder_version=\u00bb4.9.4&#8243; header_font=\u00bbAsap Condensed|700|||||||\u00bb header_font_size=\u00bb22px\u00bb header_line_height=\u00bb1.5em\u00bb body_font=\u00bb||||||||\u00bb body_font_size=\u00bb16px\u00bb body_line_height=\u00bb1.8em\u00bb animation=\u00bboff\u00bb][\/et_pb_blurb][\/et_pb_column][\/et_pb_row][\/et_pb_section][et_pb_section fb_built=\u00bb1&#8243; admin_label=\u00bbOur Farmers Section\u00bb _builder_version=\u00bb3.22&#8243; custom_padding=\u00bb26px||62px|||\u00bb][et_pb_row column_structure=\u00bb1_2,1_2&#8243; admin_label=\u00bbOur Farmers Area\u00bb _builder_version=\u00bb3.25&#8243;][et_pb_column type=\u00bb1_2&#8243; _builder_version=\u00bb3.25&#8243; custom_padding=\u00bb|||\u00bb custom_padding__hover=\u00bb|||\u00bb][et_pb_blurb title=\u00bb9.- Ferias Productivas.\u00bb image=\u00bbhttps:\/\/miramar.tur.ar\/wp-content\/uploads\/2021\/04\/miramar-2.jpg\u00bb _builder_version=\u00bb4.9.4&#8243; header_font=\u00bbAsap Condensed|700|||||||\u00bb header_font_size=\u00bb22px\u00bb header_line_height=\u00bb1.5em\u00bb body_font=\u00bb||||||||\u00bb body_font_size=\u00bb16px\u00bb body_line_height=\u00bb1.8em\u00bb animation=\u00bboff\u00bb locked=\u00bboff\u00bb]<\/p>\n<p>Miramar cuenta durante todo el a\u00f1o, con ferias productivas y de emprendedores, donde los productores locales se ensamblan para ofrecer de manera conjunta los bienes que elaboran, creando sinergia entre todos.<\/p>\n<p>[\/et_pb_blurb][\/et_pb_column][et_pb_column type=\u00bb1_2&#8243; _builder_version=\u00bb3.25&#8243; custom_padding=\u00bb|||\u00bb custom_padding__hover=\u00bb|||\u00bb][et_pb_blurb title=\u00bb10.- Muelle de Pescadores.\u00bb image=\u00bbhttps:\/\/miramar.tur.ar\/wp-content\/uploads\/2021\/06\/muelle.jpg\u00bb _builder_version=\u00bb4.9.4&#8243; header_font=\u00bbAsap Condensed|700|||||||\u00bb header_font_size=\u00bb22px\u00bb header_line_height=\u00bb1.5em\u00bb body_font=\u00bb||||||||\u00bb body_font_size=\u00bb16px\u00bb body_line_height=\u00bb1.8em\u00bb animation=\u00bboff\u00bb locked=\u00bboff\u00bb]<\/p>\n<p><span>Esta incre\u00edble obra de infraestructura arquitect\u00f3nica, se convierte en un paso obligado para los aficionados a la pesca y al surf, siendo un sitio con una historia de renombre, donde a lo largo del tiempo se ha cambiado su est\u00e9tica y dimensi\u00f3n.<\/span><\/p>\n<p>[\/et_pb_blurb][\/et_pb_column][\/et_pb_row][et_pb_row column_structure=\u00bb1_3,1_3,1_3&#8243; admin_label=\u00bbOur Farmers Area\u00bb _builder_version=\u00bb3.25&#8243;][et_pb_column type=\u00bb1_3&#8243; _builder_version=\u00bb3.25&#8243; custom_padding=\u00bb|||\u00bb custom_padding__hover=\u00bb|||\u00bb][\/et_pb_column][et_pb_column type=\u00bb1_3&#8243; _builder_version=\u00bb3.25&#8243; custom_padding=\u00bb|||\u00bb custom_padding__hover=\u00bb|||\u00bb][\/et_pb_column][et_pb_column type=\u00bb1_3&#8243; _builder_version=\u00bb3.25&#8243; custom_padding=\u00bb|||\u00bb custom_padding__hover=\u00bb|||\u00bb][\/et_pb_column][\/et_pb_row][\/et_pb_section]<\/p>\n","protected":false},"excerpt":{"rendered":"<p>[et_pb_section fb_built=\u00bb1&#8243; fullwidth=\u00bbon\u00bb _builder_version=\u00bb4.9.4&#8243; animation_style=\u00bbslide\u00bb animation_direction=\u00bbtop\u00bb animation_intensity_slide=\u00bb2%\u00bb animation_starting_opacity=\u00bb100%\u00bb][et_pb_fullwidth_header content_max_width=\u00bb800px\u00bb _builder_version=\u00bb4.9.4&#8243; title_level=\u00bbh2&#8243; title_font=\u00bbAsap Condensed||||||||\u00bb title_font_size=\u00bb60px\u00bb title_line_height=\u00bb1.2em\u00bb content_font=\u00bb||||||||\u00bb content_font_size=\u00bb20px\u00bb content_line_height=\u00bb1.8em\u00bb background_color=\u00bbrgba(255, 255, 255, 0)\u00bb use_background_color_gradient=\u00bbon\u00bb background_color_gradient_start=\u00bbrgba(0,0,0,0.75)\u00bb background_color_gradient_end=\u00bbrgba(0,0,0,0)\u00bb background_color_gradient_direction=\u00bb90deg\u00bb background_color_gradient_overlays_image=\u00bbon\u00bb background_image=\u00bbhttps:\/\/miramar.tur.ar\/wp-content\/uploads\/2022\/08\/foto-10-lugares.jpg\u00bb custom_button_one=\u00bbon\u00bb button_one_text_size=\u00bb18px\u00bb button_one_bg_color=\u00bb#02d002&#8243; button_one_border_width=\u00bb8px\u00bb button_one_border_color=\u00bb#02d002&#8243; button_one_border_radius=\u00bb0px\u00bb button_one_letter_spacing=\u00bb1px\u00bb button_one_font=\u00bbLato|700|||||||\u00bb button_one_use_icon=\u00bboff\u00bb custom_button_two=\u00bbon\u00bb button_two_text_size=\u00bb18px\u00bb button_two_text_color=\u00bb#353740&#8243; button_two_bg_color=\u00bb#ffffff\u00bb button_two_border_width=\u00bb8px\u00bb button_two_border_color=\u00bb#ffffff\u00bb button_two_border_radius=\u00bb0px\u00bb button_two_letter_spacing=\u00bb1px\u00bb button_two_font=\u00bbLato|700|||||||\u00bb button_two_use_icon=\u00bboff\u00bb custom_margin=\u00bb|||\u00bb custom_padding=\u00bb8%||8%|\u00bb button_one_letter_spacing_hover=\u00bb1px\u00bb button_two_letter_spacing_hover=\u00bb1px\u00bb locked=\u00bboff\u00bb button_one_text_size__hover_enabled=\u00bboff\u00bb button_two_text_size__hover_enabled=\u00bboff\u00bb button_one_text_color__hover_enabled=\u00bboff\u00bb [&hellip;]<\/p>\n","protected":false},"author":2,"featured_media":0,"parent":0,"menu_order":0,"comment_status":"closed","ping_status":"closed","template":"","meta":{"_et_pb_use_builder":"on","_et_pb_old_content":"","_et_gb_content_width":"","footnotes":""},"class_list":["post-334","page","type-page","status-publish","hentry"],"_links":{"self":[{"href":"https:\/\/miramar.tur.ar\/index.php\/wp-json\/wp\/v2\/pages\/334","targetHints":{"allow":["GET"]}}],"collection":[{"href":"https:\/\/miramar.tur.ar\/index.php\/wp-json\/wp\/v2\/pages"}],"about":[{"href":"https:\/\/miramar.tur.ar\/index.php\/wp-json\/wp\/v2\/types\/page"}],"author":[{"embeddable":true,"href":"https:\/\/miramar.tur.ar\/index.php\/wp-json\/wp\/v2\/users\/2"}],"replies":[{"embeddable":true,"href":"https:\/\/miramar.tur.ar\/index.php\/wp-json\/wp\/v2\/comments?post=334"}],"version-history":[{"count":39,"href":"https:\/\/miramar.tur.ar\/index.php\/wp-json\/wp\/v2\/pages\/334\/revisions"}],"predecessor-version":[{"id":2677,"href":"https:\/\/miramar.tur.ar\/index.php\/wp-json\/wp\/v2\/pages\/334\/revisions\/2677"}],"wp:attachment":[{"href":"https:\/\/miramar.tur.ar\/index.php\/wp-json\/wp\/v2\/media?parent=334"}],"curies":[{"name":"wp","href":"https:\/\/api.w.org\/{rel}","templated":true}]}}