{"id":2554,"date":"2023-02-16T14:15:53","date_gmt":"2023-02-16T14:15:53","guid":{"rendered":"https:\/\/miramar.tur.ar\/?page_id=2554"},"modified":"2023-02-16T14:23:50","modified_gmt":"2023-02-16T14:23:50","slug":"miramar-productivo","status":"publish","type":"page","link":"https:\/\/miramar.tur.ar\/index.php\/miramar-productivo\/","title":{"rendered":"Miramar- Productivo"},"content":{"rendered":"<p>[et_pb_section fb_built=\u00bb1&#8243; fullwidth=\u00bbon\u00bb admin_label=\u00bbHeader\u00bb _builder_version=\u00bb3.22&#8243; background_color=\u00bb#b7b9c7&#8243; custom_padding=\u00bb0px|0|0px|0px|false|false\u00bb locked=\u00bboff\u00bb][et_pb_fullwidth_header title=\u00bbPRODUCTIVO\u00bb text_orientation=\u00bbcenter\u00bb header_fullscreen=\u00bbon\u00bb background_overlay_color=\u00bbrgba(83,90,128,0.3)\u00bb content_max_width=\u00bb90%\u00bb _builder_version=\u00bb4.9.4&#8243; title_font=\u00bbAsap Condensed|700|||||||\u00bb title_text_align=\u00bbcenter\u00bb title_font_size=\u00bb70px\u00bb title_line_height=\u00bb1.1em\u00bb content_font=\u00bbNoto Sans||||||||\u00bb content_font_size=\u00bb18px\u00bb content_line_height=\u00bb2em\u00bb subhead_font=\u00bbNoto Sans||||||||\u00bb subhead_text_align=\u00bbcenter\u00bb subhead_font_size=\u00bb30px\u00bb subhead_line_height=\u00bb2em\u00bb background_color=\u00bbrgba(255,255,255,0)\u00bb background_image=\u00bbhttps:\/\/miramar.tur.ar\/wp-content\/uploads\/2023\/02\/Feria-Verde.jpg\u00bb parallax=\u00bbon\u00bb parallax_method=\u00bbon\u00bb custom_button_one=\u00bbon\u00bb button_one_text_size=\u00bb17px\u00bb button_one_text_color=\u00bb#ffffff\u00bb button_one_bg_color=\u00bb#ff6b5a\u00bb button_one_border_width=\u00bb7px\u00bb button_one_border_color=\u00bb#ff6b5a\u00bb button_one_border_radius=\u00bb100px\u00bb button_one_font=\u00bbNoto Sans|700||on|||||\u00bb button_one_use_icon=\u00bboff\u00bb custom_margin=\u00bb|||\u00bb custom_padding=\u00bb110px||110px||true\u00bb custom_padding_tablet=\u00bb100px|||\u00bb custom_padding_phone=\u00bb65px||65px||true|\u00bb custom_padding_last_edited=\u00bbon|phone\u00bb animation_direction=\u00bbtop\u00bb hover_enabled=\u00bb0&#8243; title_font_size_tablet=\u00bb40px\u00bb title_font_size_phone=\u00bb\u00bb title_font_size_last_edited=\u00bbon|tablet\u00bb subhead_font_size_tablet=\u00bb\u00bb subhead_font_size_phone=\u00bb20px\u00bb subhead_font_size_last_edited=\u00bbon|desktop\u00bb subhead_line_height_tablet=\u00bb\u00bb subhead_line_height_phone=\u00bb1.5em\u00bb subhead_line_height_last_edited=\u00bbon|phone\u00bb button_one_text_color_hover=\u00bb#ffffff\u00bb button_one_border_color_hover=\u00bb#ff9e59&#8243; button_one_border_radius_hover=\u00bb100px\u00bb button_one_bg_color_hover=\u00bb#ff9e59&#8243; button_one_text_size__hover_enabled=\u00bboff\u00bb button_two_text_size__hover_enabled=\u00bboff\u00bb button_one_text_color__hover_enabled=\u00bbon\u00bb button_one_text_color__hover=\u00bb#ffffff\u00bb button_two_text_color__hover_enabled=\u00bboff\u00bb button_one_border_width__hover_enabled=\u00bboff\u00bb button_two_border_width__hover_enabled=\u00bboff\u00bb button_one_border_color__hover_enabled=\u00bbon\u00bb button_one_border_color__hover=\u00bb#ff9e59&#8243; button_two_border_color__hover_enabled=\u00bboff\u00bb button_one_border_radius__hover_enabled=\u00bbon\u00bb button_one_border_radius__hover=\u00bb100px\u00bb button_two_border_radius__hover_enabled=\u00bboff\u00bb button_one_letter_spacing__hover_enabled=\u00bboff\u00bb button_two_letter_spacing__hover_enabled=\u00bboff\u00bb button_one_bg_color__hover_enabled=\u00bbon\u00bb button_one_bg_color__hover=\u00bb#ff9e59&#8243; button_two_bg_color__hover_enabled=\u00bboff\u00bb sticky_enabled=\u00bb0&#8243; title_text=\u00bbFeria-Verde\u00bb][\/et_pb_fullwidth_header][\/et_pb_section][et_pb_section fb_built=\u00bb1&#8243; admin_label=\u00bbTour CTA &#038; Information Section\u00bb _builder_version=\u00bb3.22&#8243; custom_padding=\u00bb100px|0px|5px|0px|false|false\u00bb][et_pb_row column_structure=\u00bb1_2,1_2&#8243; admin_label=\u00bbTour CTA &#038; Information Row\u00bb _builder_version=\u00bb3.25&#8243;][et_pb_column type=\u00bb1_2&#8243; _builder_version=\u00bb3.25&#8243; custom_padding=\u00bb|||\u00bb custom_padding__hover=\u00bb|||\u00bb][et_pb_cta title=\u00bbFerias Locales:\u00bb button_url=\u00bb#TOP\u00bb _builder_version=\u00bb4.6.5&#8243; header_font=\u00bbAsap Condensed|700|||||||\u00bb header_font_size=\u00bb44px\u00bb header_line_height=\u00bb1.5em\u00bb body_font=\u00bbNoto Sans||||||||\u00bb body_text_align=\u00bbright\u00bb body_font_size=\u00bb17px\u00bb body_line_height=\u00bb2em\u00bb use_background_color=\u00bboff\u00bb custom_button=\u00bbon\u00bb button_text_size=\u00bb17px\u00bb button_text_color=\u00bb#ffffff\u00bb button_bg_color=\u00bb#ff6b5a\u00bb button_border_width=\u00bb10px\u00bb button_border_color=\u00bb#ff6b5a\u00bb button_border_radius=\u00bb100px\u00bb button_font=\u00bbNoto Sans|700||on|||||\u00bb button_use_icon=\u00bboff\u00bb button_alignment=\u00bbright\u00bb text_orientation=\u00bbright\u00bb background_layout=\u00bblight\u00bb max_width=\u00bb480px\u00bb max_width_tablet=\u00bb\u00bb max_width_phone=\u00bb\u00bb max_width_last_edited=\u00bbon|tablet\u00bb module_alignment=\u00bbleft\u00bb custom_padding=\u00bb||0px|||\u00bb header_font_size_tablet=\u00bb\u00bb header_font_size_phone=\u00bb34px\u00bb header_font_size_last_edited=\u00bbon|phone\u00bb button_text_color_hover=\u00bb#ffffff\u00bb button_border_color_hover=\u00bb#ff9e59&#8243; button_bg_color_hover=\u00bb#ff9e59&#8243; button_text_size__hover_enabled=\u00bboff\u00bb button_one_text_size__hover_enabled=\u00bboff\u00bb button_two_text_size__hover_enabled=\u00bboff\u00bb button_text_color__hover_enabled=\u00bbon\u00bb button_text_color__hover=\u00bb#ffffff\u00bb button_one_text_color__hover_enabled=\u00bboff\u00bb button_two_text_color__hover_enabled=\u00bboff\u00bb button_border_width__hover_enabled=\u00bboff\u00bb button_one_border_width__hover_enabled=\u00bboff\u00bb button_two_border_width__hover_enabled=\u00bboff\u00bb button_border_color__hover_enabled=\u00bbon\u00bb button_border_color__hover=\u00bb#ff9e59&#8243; button_one_border_color__hover_enabled=\u00bboff\u00bb button_two_border_color__hover_enabled=\u00bboff\u00bb button_border_radius__hover_enabled=\u00bboff\u00bb button_one_border_radius__hover_enabled=\u00bboff\u00bb button_two_border_radius__hover_enabled=\u00bboff\u00bb button_letter_spacing__hover_enabled=\u00bboff\u00bb button_one_letter_spacing__hover_enabled=\u00bboff\u00bb button_two_letter_spacing__hover_enabled=\u00bboff\u00bb button_bg_color__hover_enabled=\u00bbon\u00bb button_bg_color__hover=\u00bb#ff9e59&#8243; button_one_bg_color__hover_enabled=\u00bboff\u00bb button_two_bg_color__hover_enabled=\u00bboff\u00bb][\/et_pb_cta][\/et_pb_column][et_pb_column type=\u00bb1_2&#8243; _builder_version=\u00bb3.25&#8243; custom_padding=\u00bb|||\u00bb custom_padding__hover=\u00bb|||\u00bb][et_pb_text _builder_version=\u00bb4.9.4&#8243; text_font=\u00bbNoto Sans||||||||\u00bb text_font_size=\u00bb17px\u00bb text_line_height=\u00bb2em\u00bb link_font=\u00bb||||||||\u00bb ul_font=\u00bb||||||||\u00bb ol_font=\u00bb||||||||\u00bb quote_font=\u00bb||||||||\u00bb header_font=\u00bb||||||||\u00bb header_2_font=\u00bb||||||||\u00bb header_5_font=\u00bbNoto Sans|700|||||||\u00bb header_5_text_color=\u00bb#ff6b5a\u00bb header_5_font_size=\u00bb20px\u00bb header_5_line_height=\u00bb2em\u00bb custom_margin=\u00bb-5px|||||\u00bb]<\/p>\n<p style=\"text-align: justify;\">\u201cMiramar, cuenta durante todo el a\u00f1o, con ferias y unidades alimenticias donde los productores locales se ensamblan para ofrecer de manera conjunta los bienes que elaboran, creando<br \/>sinergia entre todos ellos. Muchas familias se esfuerzan d\u00eda a d\u00eda para consolidar sus producciones y fomentar un marco inclusivo dentro de la econom\u00eda social del partido de General Alvarado, siendo el Turismo Productivo una de las tendencias<br \/>m\u00e1s recientes dentro de la actividad tur\u00edstica actual. Nuestros feriantes son:<\/p>\n<p style=\"text-align: justify;\">\n<p style=\"text-align: justify;\">\n<p>[\/et_pb_text][\/et_pb_column][\/et_pb_row][\/et_pb_section][et_pb_section fb_built=\u00bb1&#8243; admin_label=\u00bbBar Counters Section\u00bb _builder_version=\u00bb4.9.4&#8243; use_background_color_gradient=\u00bbon\u00bb background_color_gradient_start=\u00bbrgba(255,255,255,0)\u00bb background_color_gradient_end=\u00bb#ffffff\u00bb background_color_gradient_direction=\u00bb1deg\u00bb background_color_gradient_start_position=\u00bb60%\u00bb background_color_gradient_overlays_image=\u00bbon\u00bb background_image=\u00bbhttps:\/\/miramar.tur.ar\/wp-content\/uploads\/2023\/02\/fs-e1478997773996.jpg\u00bb background_position=\u00bbcenter_right\u00bb custom_padding=\u00bb0px|0px|24vw|0px||\u00bb hover_enabled=\u00bb0&#8243; title_text=\u00bbfs-e1478997773996&#8243; sticky_enabled=\u00bb0&#8243;][\/et_pb_section][et_pb_section fb_built=\u00bb1&#8243; admin_label=\u00bbUseful Travel Trips\u00bb _builder_version=\u00bb3.22&#8243; custom_padding=\u00bb0px|0px|0px|0px|true|false\u00bb][et_pb_row _builder_version=\u00bb3.25&#8243; custom_padding=\u00bb|||\u00bb column_structure=\u00bb1_2,1_2&#8243;][et_pb_column type=\u00bb1_2&#8243; _builder_version=\u00bb3.25&#8243; custom_padding=\u00bb|||\u00bb custom_padding__hover=\u00bb|||\u00bb][et_pb_text _builder_version=\u00bb4.9.4&#8243; text_font=\u00bbNoto Sans||on||||||\u00bb text_font_size=\u00bb17px\u00bb text_line_height=\u00bb2em\u00bb header_font=\u00bb||||||||\u00bb max_width=\u00bb800px\u00bb max_width_tablet=\u00bb\u00bb max_width_phone=\u00bb\u00bb max_width_last_edited=\u00bbon|phone\u00bb module_alignment=\u00bbcenter\u00bb custom_padding=\u00bb||0px|||\u00bb custom_margin=\u00bb23px|||||\u00bb]<\/p>\n<p style=\"text-align: justify;\">\n<p><span style=\"font-size: x-large;\"><strong>Feria Verde:<\/strong><\/span> Ubicada en Av. 40 y 37, es un espacio dedicado a la promoci\u00f3n y comercializaci\u00f3n de productos naturales de la agroecolog\u00eda familiar orientado al consumo consciente en armon\u00eda con el ambiente, fomentando el intercambio de semillas. Podr\u00e1s encontrar plantas ornamentales, frutales, verduras de estaci\u00f3n, conservas, mermeladas, miel, polen, cosm\u00e9tica natural, infusiones medicinales, panificados integrales con masa madre, hamburguesas de legumbres y galletas.<\/p>\n<p>[\/et_pb_text][et_pb_divider _builder_version=\u00bb4.9.4&#8243; _module_preset=\u00bbdefault\u00bb custom_margin=\u00bb11px||1px|||\u00bb][\/et_pb_divider][et_pb_text _builder_version=\u00bb4.9.4&#8243; text_font=\u00bbNoto Sans||on||||||\u00bb text_font_size=\u00bb17px\u00bb text_line_height=\u00bb2em\u00bb header_font=\u00bb||||||||\u00bb max_width=\u00bb800px\u00bb max_width_tablet=\u00bb\u00bb max_width_phone=\u00bb\u00bb max_width_last_edited=\u00bbon|phone\u00bb module_alignment=\u00bbcenter\u00bb custom_padding=\u00bb||0px|||\u00bb]<\/p>\n<p style=\"text-align: justify;\">\n<p><span style=\"font-size: x-large;\"><strong>Feria de Artesanos:<\/strong> <\/span>Ubicada sobre la Plaza de Las Artes sobre calle 21 entre 24 y 26.<br \/>Ofrecen productos en cuero, cer\u00e1mica, madera, pastas moldeables, vidrio y metal en art\u00edculos como mates, cuchillos, t\u00edteres, adornos de interiores, duendes, juegos did\u00e1cticos, caleidoscopios, joyer\u00eda, vitreaux, herrer\u00eda, tejidos, sahumerios e instrumentos musicales.<\/p>\n<p>[\/et_pb_text][et_pb_divider _builder_version=\u00bb4.9.4&#8243; _module_preset=\u00bbdefault\u00bb custom_margin=\u00bb11px||1px|||\u00bb][\/et_pb_divider][et_pb_text _builder_version=\u00bb4.9.4&#8243; text_font=\u00bbNoto Sans||on||||||\u00bb text_font_size=\u00bb17px\u00bb text_line_height=\u00bb2em\u00bb header_font=\u00bb||||||||\u00bb max_width=\u00bb800px\u00bb max_width_tablet=\u00bb\u00bb max_width_phone=\u00bb\u00bb max_width_last_edited=\u00bbon|phone\u00bb module_alignment=\u00bbcenter\u00bb custom_padding=\u00bb||0px|||\u00bb]<\/p>\n<p style=\"text-align: justify;\"><span style=\"font-size: x-large;\"><strong>Feria del Bosque Energ\u00e9tico:<\/strong><\/span> Ubicada en el ingreso al Bosque energ\u00e9tico. Los feriantes elaboran productos que refieren a este atractivo de singulares caracter\u00edsticas, destinados<br \/>a los visitantes (turistas y excursionistas) y a los amantes de la m\u00edstica.<\/p>\n<p>[\/et_pb_text][\/et_pb_column][et_pb_column _builder_version=\u00bb4.9.4&#8243; _module_preset=\u00bbdefault\u00bb type=\u00bb1_2&#8243;][et_pb_text _builder_version=\u00bb4.9.4&#8243; text_font=\u00bbNoto Sans||on||||||\u00bb text_font_size=\u00bb17px\u00bb text_line_height=\u00bb2em\u00bb header_font=\u00bb||||||||\u00bb max_width=\u00bb800px\u00bb max_width_tablet=\u00bb\u00bb max_width_phone=\u00bb\u00bb max_width_last_edited=\u00bbon|phone\u00bb module_alignment=\u00bbcenter\u00bb custom_padding=\u00bb23px||0px|||\u00bb]<\/p>\n<p style=\"text-align: justify;\">\n<p><span style=\"font-size: x-large;\"><strong>Peque\u00f1as Unidades Productivas de alimentos (Pupa):<\/strong> <\/span>Ubicada en la Plaza de las Artes, sobre Av. 26 entre 21 y 23. Ofrecen una valiosa elaboraci\u00f3n de alimentos 100% artesanales, sin conservantes como panificados, conservas dulces y saladas, licores, chocolates y mermeladas.<\/p>\n<p>[\/et_pb_text][et_pb_divider _builder_version=\u00bb4.9.4&#8243; _module_preset=\u00bbdefault\u00bb custom_margin=\u00bb11px||1px|||\u00bb][\/et_pb_divider][et_pb_text _builder_version=\u00bb4.9.4&#8243; text_font=\u00bbNoto Sans||on||||||\u00bb text_font_size=\u00bb17px\u00bb text_line_height=\u00bb2em\u00bb header_font=\u00bb||||||||\u00bb max_width=\u00bb800px\u00bb max_width_tablet=\u00bb\u00bb max_width_phone=\u00bb\u00bb max_width_last_edited=\u00bbon|phone\u00bb module_alignment=\u00bbcenter\u00bb custom_padding=\u00bb||0px|||\u00bb]<\/p>\n<p style=\"text-align: justify;\">\n<p><span style=\"font-size: x-large;\"><strong>Feria de la Econom\u00eda Social:<\/strong> <\/span>Emplazada sobre Av. 23 entre Av. 26 y calle 28. Se dedica a la venta de productos artesanales como alfajores, chocolates, conservas, mermeladas, tejidos, carteras, bolsos, cactus, kokedamas, entre otros.<\/p>\n<p>[\/et_pb_text][et_pb_divider _builder_version=\u00bb4.9.4&#8243; _module_preset=\u00bbdefault\u00bb custom_margin=\u00bb11px||1px|||\u00bb][\/et_pb_divider][et_pb_text _builder_version=\u00bb4.9.4&#8243; text_font=\u00bbNoto Sans||on||||||\u00bb text_font_size=\u00bb17px\u00bb text_line_height=\u00bb2em\u00bb header_font=\u00bb||||||||\u00bb max_width=\u00bb800px\u00bb max_width_tablet=\u00bb\u00bb max_width_phone=\u00bb\u00bb max_width_last_edited=\u00bbon|phone\u00bb module_alignment=\u00bbcenter\u00bb custom_padding=\u00bb||0px|||\u00bb]<\/p>\n<p style=\"text-align: justify;\">\n<p><span style=\"font-size: x-large;\"><strong>Emprendedores de General Alvarado:<br \/><\/strong><\/span> Ubicados sobre Av. 26 entre calle 23 y 23.<br \/>Ofrece variedad de productos de marroquiner\u00eda, licores y dulces, lencer\u00eda, mosaiquismo, alpargatas, l\u00e1mparas, cuadros, velas, herrer\u00eda, plater\u00eda, juguetes, recuerdos n\u00e1uticos, artesan\u00edas en miel, mandalas y atrapa sue\u00f1os, entre otros.<\/p>\n<p>[\/et_pb_text][et_pb_divider _builder_version=\u00bb4.9.4&#8243; _module_preset=\u00bbdefault\u00bb custom_margin=\u00bb11px||1px|||\u00bb][\/et_pb_divider][\/et_pb_column][\/et_pb_row][\/et_pb_section][et_pb_section fb_built=\u00bb1&#8243; admin_label=\u00bbUseful Travel Trips\u00bb _builder_version=\u00bb3.22&#8243; custom_padding=\u00bb0px|0px|0px|0px|true|false\u00bb][et_pb_row _builder_version=\u00bb3.25&#8243; custom_padding=\u00bb|||\u00bb][et_pb_column type=\u00bb4_4&#8243; _builder_version=\u00bb3.25&#8243; custom_padding=\u00bb|||\u00bb custom_padding__hover=\u00bb|||\u00bb][et_pb_divider _builder_version=\u00bb4.9.4&#8243; _module_preset=\u00bbdefault\u00bb custom_margin=\u00bb11px||1px|||\u00bb][\/et_pb_divider][et_pb_text _builder_version=\u00bb4.9.4&#8243; text_font=\u00bbNoto Sans||on||||||\u00bb text_font_size=\u00bb17px\u00bb text_line_height=\u00bb2em\u00bb header_font=\u00bb||||||||\u00bb max_width=\u00bb800px\u00bb max_width_tablet=\u00bb\u00bb max_width_phone=\u00bb\u00bb max_width_last_edited=\u00bbon|phone\u00bb module_alignment=\u00bbcenter\u00bb custom_padding=\u00bb||0px|||\u00bb]<\/p>\n<p style=\"text-align: justify;\">\n<p><em>Condiciones de Accesibilidad: Accesibilidad f\u00edsica: <\/em>Entorno y acceso sin barreas en el espacio lo que facilita y permite ser visitado por una persona en sillas de ruedas. Esto se debe a que las ferias se emplazan al aire libre, permitiendo una circulaci\u00f3n a nivel, posibilitando la autonom\u00eda de la persona con discapacidad Accesibilidad visual: No se disponen de par\u00e1metros adaptados a este tipo de discapacidad. Accesibilidad auditiva: La totalidad del personal posee barbijos transparentes para facilitar la lectura labial.<\/p>\n<p>[\/et_pb_text][\/et_pb_column][\/et_pb_row][\/et_pb_section]<\/p>\n","protected":false},"excerpt":{"rendered":"<p>[et_pb_section fb_built=\u00bb1&#8243; fullwidth=\u00bbon\u00bb admin_label=\u00bbHeader\u00bb _builder_version=\u00bb3.22&#8243; background_color=\u00bb#b7b9c7&#8243; custom_padding=\u00bb0px|0|0px|0px|false|false\u00bb locked=\u00bboff\u00bb][et_pb_fullwidth_header title=\u00bbPRODUCTIVO\u00bb text_orientation=\u00bbcenter\u00bb header_fullscreen=\u00bbon\u00bb background_overlay_color=\u00bbrgba(83,90,128,0.3)\u00bb content_max_width=\u00bb90%\u00bb _builder_version=\u00bb4.9.4&#8243; title_font=\u00bbAsap Condensed|700|||||||\u00bb title_text_align=\u00bbcenter\u00bb title_font_size=\u00bb70px\u00bb title_line_height=\u00bb1.1em\u00bb content_font=\u00bbNoto Sans||||||||\u00bb content_font_size=\u00bb18px\u00bb content_line_height=\u00bb2em\u00bb subhead_font=\u00bbNoto Sans||||||||\u00bb subhead_text_align=\u00bbcenter\u00bb subhead_font_size=\u00bb30px\u00bb subhead_line_height=\u00bb2em\u00bb background_color=\u00bbrgba(255,255,255,0)\u00bb background_image=\u00bbhttps:\/\/miramar.tur.ar\/wp-content\/uploads\/2023\/02\/Feria-Verde.jpg\u00bb parallax=\u00bbon\u00bb parallax_method=\u00bbon\u00bb custom_button_one=\u00bbon\u00bb button_one_text_size=\u00bb17px\u00bb button_one_text_color=\u00bb#ffffff\u00bb button_one_bg_color=\u00bb#ff6b5a\u00bb button_one_border_width=\u00bb7px\u00bb button_one_border_color=\u00bb#ff6b5a\u00bb button_one_border_radius=\u00bb100px\u00bb button_one_font=\u00bbNoto Sans|700||on|||||\u00bb button_one_use_icon=\u00bboff\u00bb custom_margin=\u00bb|||\u00bb custom_padding=\u00bb110px||110px||true\u00bb custom_padding_tablet=\u00bb100px|||\u00bb custom_padding_phone=\u00bb65px||65px||true|\u00bb custom_padding_last_edited=\u00bbon|phone\u00bb animation_direction=\u00bbtop\u00bb hover_enabled=\u00bb0&#8243; title_font_size_tablet=\u00bb40px\u00bb title_font_size_phone=\u00bb\u00bb title_font_size_last_edited=\u00bbon|tablet\u00bb subhead_font_size_tablet=\u00bb\u00bb subhead_font_size_phone=\u00bb20px\u00bb subhead_font_size_last_edited=\u00bbon|desktop\u00bb [&hellip;]<\/p>\n","protected":false},"author":2,"featured_media":0,"parent":0,"menu_order":0,"comment_status":"closed","ping_status":"closed","template":"","meta":{"_et_pb_use_builder":"on","_et_pb_old_content":"","_et_gb_content_width":"","footnotes":""},"class_list":["post-2554","page","type-page","status-publish","hentry"],"_links":{"self":[{"href":"https:\/\/miramar.tur.ar\/index.php\/wp-json\/wp\/v2\/pages\/2554","targetHints":{"allow":["GET"]}}],"collection":[{"href":"https:\/\/miramar.tur.ar\/index.php\/wp-json\/wp\/v2\/pages"}],"about":[{"href":"https:\/\/miramar.tur.ar\/index.php\/wp-json\/wp\/v2\/types\/page"}],"author":[{"embeddable":true,"href":"https:\/\/miramar.tur.ar\/index.php\/wp-json\/wp\/v2\/users\/2"}],"replies":[{"embeddable":true,"href":"https:\/\/miramar.tur.ar\/index.php\/wp-json\/wp\/v2\/comments?post=2554"}],"version-history":[{"count":5,"href":"https:\/\/miramar.tur.ar\/index.php\/wp-json\/wp\/v2\/pages\/2554\/revisions"}],"predecessor-version":[{"id":2565,"href":"https:\/\/miramar.tur.ar\/index.php\/wp-json\/wp\/v2\/pages\/2554\/revisions\/2565"}],"wp:attachment":[{"href":"https:\/\/miramar.tur.ar\/index.php\/wp-json\/wp\/v2\/media?parent=2554"}],"curies":[{"name":"wp","href":"https:\/\/api.w.org\/{rel}","templated":true}]}}