{"id":2350,"date":"2023-01-27T11:34:02","date_gmt":"2023-01-27T11:34:02","guid":{"rendered":"https:\/\/miramar.tur.ar\/?page_id=2350"},"modified":"2023-03-08T15:34:43","modified_gmt":"2023-03-08T15:34:43","slug":"miramar-paseos-y-excursiones","status":"publish","type":"page","link":"https:\/\/miramar.tur.ar\/index.php\/miramar-paseos-y-excursiones\/","title":{"rendered":"Miramar &#8211; Paseos y excursiones"},"content":{"rendered":"<p>[et_pb_section fb_built=\u00bb1&#8243; fullwidth=\u00bbon\u00bb admin_label=\u00bbHeader\u00bb _builder_version=\u00bb3.22&#8243; background_color=\u00bb#b7b9c7&#8243; custom_padding=\u00bb0px|0|0px|0px|false|false\u00bb locked=\u00bboff\u00bb][et_pb_fullwidth_header title=\u00bbPASEOS  Y  EXCURSIONES\u00bb text_orientation=\u00bbcenter\u00bb header_fullscreen=\u00bbon\u00bb background_overlay_color=\u00bbrgba(83,90,128,0.3)\u00bb content_max_width=\u00bb90%\u00bb _builder_version=\u00bb4.9.4&#8243; title_font=\u00bbAsap Condensed|700|||||||\u00bb title_text_align=\u00bbcenter\u00bb title_font_size=\u00bb70px\u00bb title_line_height=\u00bb1.1em\u00bb content_font=\u00bbNoto Sans||||||||\u00bb content_font_size=\u00bb18px\u00bb content_line_height=\u00bb2em\u00bb subhead_font=\u00bbNoto Sans||||||||\u00bb subhead_text_align=\u00bbcenter\u00bb subhead_font_size=\u00bb30px\u00bb subhead_line_height=\u00bb2em\u00bb background_color=\u00bbrgba(255,255,255,0)\u00bb background_image=\u00bbhttps:\/\/miramar.tur.ar\/wp-content\/uploads\/2023\/01\/foodtruck.jpg\u00bb custom_button_one=\u00bbon\u00bb button_one_text_size=\u00bb17px\u00bb button_one_text_color=\u00bb#ffffff\u00bb button_one_bg_color=\u00bb#ff6b5a\u00bb button_one_border_width=\u00bb7px\u00bb button_one_border_color=\u00bb#ff6b5a\u00bb button_one_border_radius=\u00bb100px\u00bb button_one_font=\u00bbNoto Sans|700||on|||||\u00bb button_one_use_icon=\u00bboff\u00bb custom_margin=\u00bb|||\u00bb custom_padding=\u00bb110px||110px||true\u00bb custom_padding_tablet=\u00bb100px|||\u00bb custom_padding_phone=\u00bb65px||65px||true|\u00bb custom_padding_last_edited=\u00bbon|phone\u00bb animation_direction=\u00bbtop\u00bb title_font_size_tablet=\u00bb40px\u00bb title_font_size_phone=\u00bb\u00bb title_font_size_last_edited=\u00bbon|tablet\u00bb subhead_font_size_tablet=\u00bb\u00bb subhead_font_size_phone=\u00bb20px\u00bb subhead_font_size_last_edited=\u00bbon|desktop\u00bb subhead_line_height_tablet=\u00bb\u00bb subhead_line_height_phone=\u00bb1.5em\u00bb subhead_line_height_last_edited=\u00bbon|phone\u00bb button_one_text_color_hover=\u00bb#ffffff\u00bb button_one_border_color_hover=\u00bb#ff9e59&#8243; button_one_border_radius_hover=\u00bb100px\u00bb button_one_bg_color_hover=\u00bb#ff9e59&#8243; button_one_text_size__hover_enabled=\u00bboff\u00bb button_two_text_size__hover_enabled=\u00bboff\u00bb button_one_text_color__hover_enabled=\u00bbon\u00bb button_one_text_color__hover=\u00bb#ffffff\u00bb button_two_text_color__hover_enabled=\u00bboff\u00bb button_one_border_width__hover_enabled=\u00bboff\u00bb button_two_border_width__hover_enabled=\u00bboff\u00bb button_one_border_color__hover_enabled=\u00bbon\u00bb button_one_border_color__hover=\u00bb#ff9e59&#8243; button_two_border_color__hover_enabled=\u00bboff\u00bb button_one_border_radius__hover_enabled=\u00bbon\u00bb button_one_border_radius__hover=\u00bb100px\u00bb button_two_border_radius__hover_enabled=\u00bboff\u00bb button_one_letter_spacing__hover_enabled=\u00bboff\u00bb button_two_letter_spacing__hover_enabled=\u00bboff\u00bb button_one_bg_color__hover_enabled=\u00bbon\u00bb button_one_bg_color__hover=\u00bb#ff9e59&#8243; button_two_bg_color__hover_enabled=\u00bboff\u00bb][\/et_pb_fullwidth_header][\/et_pb_section][et_pb_section fb_built=\u00bb1&#8243; admin_label=\u00bbTour CTA &#038; Information Section\u00bb _builder_version=\u00bb3.22&#8243; custom_padding=\u00bb100px|0px|5px|0px|false|false\u00bb][et_pb_row admin_label=\u00bbTour CTA &#038; Information Row\u00bb _builder_version=\u00bb3.25&#8243;][et_pb_column type=\u00bb4_4&#8243; _builder_version=\u00bb3.25&#8243; custom_padding=\u00bb|||\u00bb custom_padding__hover=\u00bb|||\u00bb][et_pb_text _builder_version=\u00bb4.9.4&#8243; text_font=\u00bbNoto Sans||||||||\u00bb text_font_size=\u00bb17px\u00bb text_line_height=\u00bb2em\u00bb link_font=\u00bb||||||||\u00bb ul_font=\u00bb||||||||\u00bb ol_font=\u00bb||||||||\u00bb quote_font=\u00bb||||||||\u00bb header_font=\u00bb||||||||\u00bb header_2_font=\u00bb||||||||\u00bb header_5_font=\u00bbNoto Sans|700|||||||\u00bb header_5_text_color=\u00bb#ff6b5a\u00bb header_5_font_size=\u00bb20px\u00bb header_5_line_height=\u00bb2em\u00bb custom_margin=\u00bb-5px|||||\u00bb]<\/p>\n<p style=\"text-align: center;\"><em>Nuestro destino ofrece la oportunidad de recorrer atractivos paseos que fueron dise\u00f1ados con la finalidad de visualizar y deleitarse con el paisaje, siendo soporte de m\u00faltiples actividades deportivas en contacto con el medio natural<\/em><\/p>\n<p style=\"text-align: justify;\">\n<p style=\"text-align: justify;\">\n<p>[\/et_pb_text][\/et_pb_column][\/et_pb_row][et_pb_row column_structure=\u00bb1_2,1_2&#8243; admin_label=\u00bbTour CTA &#038; Information Row\u00bb _builder_version=\u00bb3.25&#8243;][et_pb_column type=\u00bb1_2&#8243; _builder_version=\u00bb3.25&#8243; custom_padding=\u00bb|||\u00bb custom_padding__hover=\u00bb|||\u00bb][et_pb_cta title=\u00bbPatio de Food Trucks:\u00bb button_url=\u00bb#TOP\u00bb _builder_version=\u00bb4.6.5&#8243; header_font=\u00bbAsap Condensed|700|||||||\u00bb header_font_size=\u00bb44px\u00bb header_line_height=\u00bb1.5em\u00bb body_font=\u00bbNoto Sans||||||||\u00bb body_text_align=\u00bbright\u00bb body_font_size=\u00bb17px\u00bb body_line_height=\u00bb2em\u00bb use_background_color=\u00bboff\u00bb custom_button=\u00bbon\u00bb button_text_size=\u00bb17px\u00bb button_text_color=\u00bb#ffffff\u00bb button_bg_color=\u00bb#ff6b5a\u00bb button_border_width=\u00bb10px\u00bb button_border_color=\u00bb#ff6b5a\u00bb button_border_radius=\u00bb100px\u00bb button_font=\u00bbNoto Sans|700||on|||||\u00bb button_use_icon=\u00bboff\u00bb button_alignment=\u00bbright\u00bb text_orientation=\u00bbright\u00bb background_layout=\u00bblight\u00bb max_width=\u00bb480px\u00bb max_width_tablet=\u00bb\u00bb max_width_phone=\u00bb\u00bb max_width_last_edited=\u00bbon|tablet\u00bb module_alignment=\u00bbleft\u00bb custom_padding=\u00bb||0px|||\u00bb header_font_size_tablet=\u00bb\u00bb header_font_size_phone=\u00bb34px\u00bb header_font_size_last_edited=\u00bbon|phone\u00bb button_text_color_hover=\u00bb#ffffff\u00bb button_border_color_hover=\u00bb#ff9e59&#8243; button_bg_color_hover=\u00bb#ff9e59&#8243; button_text_size__hover_enabled=\u00bboff\u00bb button_one_text_size__hover_enabled=\u00bboff\u00bb button_two_text_size__hover_enabled=\u00bboff\u00bb button_text_color__hover_enabled=\u00bbon\u00bb button_text_color__hover=\u00bb#ffffff\u00bb button_one_text_color__hover_enabled=\u00bboff\u00bb button_two_text_color__hover_enabled=\u00bboff\u00bb button_border_width__hover_enabled=\u00bboff\u00bb button_one_border_width__hover_enabled=\u00bboff\u00bb button_two_border_width__hover_enabled=\u00bboff\u00bb button_border_color__hover_enabled=\u00bbon\u00bb button_border_color__hover=\u00bb#ff9e59&#8243; button_one_border_color__hover_enabled=\u00bboff\u00bb button_two_border_color__hover_enabled=\u00bboff\u00bb button_border_radius__hover_enabled=\u00bboff\u00bb button_one_border_radius__hover_enabled=\u00bboff\u00bb button_two_border_radius__hover_enabled=\u00bboff\u00bb button_letter_spacing__hover_enabled=\u00bboff\u00bb button_one_letter_spacing__hover_enabled=\u00bboff\u00bb button_two_letter_spacing__hover_enabled=\u00bboff\u00bb button_bg_color__hover_enabled=\u00bbon\u00bb button_bg_color__hover=\u00bb#ff9e59&#8243; button_one_bg_color__hover_enabled=\u00bboff\u00bb button_two_bg_color__hover_enabled=\u00bboff\u00bb][\/et_pb_cta][\/et_pb_column][et_pb_column type=\u00bb1_2&#8243; _builder_version=\u00bb3.25&#8243; custom_padding=\u00bb|||\u00bb custom_padding__hover=\u00bb|||\u00bb][\/et_pb_column][\/et_pb_row][et_pb_row column_structure=\u00bb1_2,1_2&#8243; admin_label=\u00bbTour CTA &#038; Information Row\u00bb _builder_version=\u00bb3.25&#8243;][et_pb_column type=\u00bb1_2&#8243; _builder_version=\u00bb3.25&#8243; custom_padding=\u00bb|||\u00bb custom_padding__hover=\u00bb|||\u00bb][\/et_pb_column][et_pb_column type=\u00bb1_2&#8243; _builder_version=\u00bb3.25&#8243; custom_padding=\u00bb|||\u00bb custom_padding__hover=\u00bb|||\u00bb][et_pb_text _builder_version=\u00bb4.9.4&#8243; text_font=\u00bbNoto Sans||||||||\u00bb text_font_size=\u00bb17px\u00bb text_line_height=\u00bb2em\u00bb link_font=\u00bb||||||||\u00bb ul_font=\u00bb||||||||\u00bb ol_font=\u00bb||||||||\u00bb quote_font=\u00bb||||||||\u00bb header_font=\u00bb||||||||\u00bb header_2_font=\u00bb||||||||\u00bb header_5_font=\u00bbNoto Sans|700|||||||\u00bb header_5_text_color=\u00bb#ff6b5a\u00bb header_5_font_size=\u00bb20px\u00bb header_5_line_height=\u00bb2em\u00bb custom_margin=\u00bb-5px|||||\u00bb]<\/p>\n<p>Emplazado en el predio lindero al Anfiteatro Municipal, en las inmediaciones al Parque Cultural a Cielo Abierto (Bienal de Arte).<br \/>Descripci\u00f3n: Patio gastron\u00f3mico donde podr\u00e1s encontrar diversas propuestas culinarias, entre ellas, comida vegetariana, vegana, parrilla, panchos, hamburguesas, bondiola, waffles dulces y salados, pizzas, postres, licuados, exprimidos caf\u00e9, cerveza artesanal y comida apta para cel\u00edacos.es un lugar ideal para disfrutar en familia junto a espect\u00e1culos art\u00edsticos de importancia durante temporada estival.<\/p>\n<p style=\"text-align: justify;\">\n<p style=\"text-align: justify;\">\n<p>[\/et_pb_text][\/et_pb_column][\/et_pb_row][\/et_pb_section][et_pb_section fb_built=\u00bb1&#8243; admin_label=\u00bbUseful Travel Trips\u00bb _builder_version=\u00bb3.22&#8243; custom_padding=\u00bb0px|0px|0px|0px|true|false\u00bb][et_pb_row _builder_version=\u00bb3.25&#8243; custom_padding=\u00bb|||\u00bb][et_pb_column type=\u00bb4_4&#8243; _builder_version=\u00bb3.25&#8243; custom_padding=\u00bb|||\u00bb custom_padding__hover=\u00bb|||\u00bb][et_pb_text _builder_version=\u00bb4.9.4&#8243; text_font=\u00bbNoto Sans||on||||||\u00bb text_font_size=\u00bb17px\u00bb text_line_height=\u00bb2em\u00bb header_font=\u00bb||||||||\u00bb max_width=\u00bb800px\u00bb max_width_tablet=\u00bb\u00bb max_width_phone=\u00bb\u00bb max_width_last_edited=\u00bbon|phone\u00bb module_alignment=\u00bbcenter\u00bb custom_padding=\u00bb||0px|||\u00bb]<\/p>\n<p style=\"text-align: justify;\">\n<p style=\"text-align: justify;\">Condiciones de Accesibilidad: Accesibilidad f\u00edsica: Entorno inmediato poco accesible ya que presenta<br \/>terreno poco firme (pasto). No obstante, alrededor de los murales hay caminer\u00edas de cemento que<br \/>permite transitar el entorno aleda\u00f1o. Accesibilidad visual: Los puestos no disponen de material en<br \/>Braille ni letra aumentada. Accesibilidad auditiva: Sitio accesible. Otras accesibilidades: Disponen de<br \/>opciones alimenticias para personas veganas y cel\u00edacas.<\/p>\n<p>[\/et_pb_text][\/et_pb_column][\/et_pb_row][\/et_pb_section][et_pb_section fb_built=\u00bb1&#8243; admin_label=\u00bbUseful Travel Trips\u00bb _builder_version=\u00bb3.22&#8243; custom_padding=\u00bb0px|0px|0px|0px|true|false\u00bb][et_pb_row _builder_version=\u00bb3.25&#8243; custom_padding=\u00bb|||\u00bb][et_pb_column type=\u00bb4_4&#8243; _builder_version=\u00bb3.25&#8243; custom_padding=\u00bb|||\u00bb custom_padding__hover=\u00bb|||\u00bb][et_pb_divider _builder_version=\u00bb4.9.4&#8243; _module_preset=\u00bbdefault\u00bb custom_margin=\u00bb11px|||||\u00bb][\/et_pb_divider][\/et_pb_column][\/et_pb_row][et_pb_row column_structure=\u00bb1_2,1_2&#8243; _builder_version=\u00bb3.25&#8243; custom_padding=\u00bb|||\u00bb][et_pb_column type=\u00bb1_2&#8243; _builder_version=\u00bb3.25&#8243; custom_padding=\u00bb|||\u00bb custom_padding__hover=\u00bb|||\u00bb][et_pb_text _builder_version=\u00bb4.9.4&#8243; text_font=\u00bbNoto Sans||||||||\u00bb text_font_size=\u00bb17px\u00bb text_line_height=\u00bb2em\u00bb link_font=\u00bb||||||||\u00bb ul_font=\u00bb||||||||\u00bb ol_font=\u00bb||||||||\u00bb quote_font=\u00bb||||||||\u00bb header_font=\u00bb||||||||\u00bb header_2_font=\u00bb||||||||\u00bb header_5_font=\u00bbNoto Sans|700|||||||\u00bb header_5_text_color=\u00bb#ff6b5a\u00bb header_5_font_size=\u00bb20px\u00bb header_5_line_height=\u00bb2em\u00bb custom_margin=\u00bb-5px||4px|||\u00bb]<\/p>\n<p><span><span style=\"font-size: x-large;\"><em> <strong>Paseo Costanero<\/strong><\/em><\/span><strong><span style=\"font-size: x-large;\"><em>:<\/em><\/span>\u00a0<br \/><\/strong>Se extiende desde Av. 9 hasta el Muelle de Pescadores. Este paseo acompa\u00f1a el entorno natural, pudiendo transitar con tranquilidad la bicisenda y ofrece condiciones favorables para la experiencia de los aficionados del turismo activo.<\/span><\/p>\n<p style=\"text-align: justify;\">\n<p style=\"text-align: justify;\">\n<p>[\/et_pb_text][et_pb_text _builder_version=\u00bb4.9.4&#8243; text_font=\u00bbNoto Sans||||||||\u00bb text_font_size=\u00bb17px\u00bb text_line_height=\u00bb2em\u00bb link_font=\u00bb||||||||\u00bb ul_font=\u00bb||||||||\u00bb ol_font=\u00bb||||||||\u00bb quote_font=\u00bb||||||||\u00bb header_font=\u00bb||||||||\u00bb header_2_font=\u00bb||||||||\u00bb header_5_font=\u00bbNoto Sans|700|||||||\u00bb header_5_text_color=\u00bb#ff6b5a\u00bb header_5_font_size=\u00bb20px\u00bb header_5_line_height=\u00bb2em\u00bb custom_margin=\u00bb-5px||3px|||\u00bb]<\/p>\n<p><em>Condiciones de Accesibilidad: Accesibilidad f\u00edsica: Entorno inmediato accesible puesto que el Paseo Costero se encuentra a nivel, siendo un gran recorrido sin barreras arquitect\u00f3nicas, con la existencia de rampas practicables (pendiente pronunciada). Accesibilidad visual: Falta la colocaci\u00f3n de elementos podotactiles y se\u00f1alizaci\u00f3n. Accesibilidad auditiva: Atractivo accesible.<\/em><\/p>\n<p style=\"text-align: justify;\">\n<p style=\"text-align: justify;\">\n<p>[\/et_pb_text][et_pb_image src=\u00bbhttps:\/\/miramar.tur.ar\/wp-content\/uploads\/2023\/03\/paseo-costanero.jpg\u00bb _builder_version=\u00bb4.9.4&#8243; _module_preset=\u00bbdefault\u00bb title_text=\u00bbDCIM101MEDIADJI_0162.JPG\u00bb hover_enabled=\u00bb0&#8243; sticky_enabled=\u00bb0&#8243;][\/et_pb_image][et_pb_divider _builder_version=\u00bb4.9.4&#8243; _module_preset=\u00bbdefault\u00bb custom_margin=\u00bb11px|||||\u00bb][\/et_pb_divider][et_pb_text _builder_version=\u00bb4.9.4&#8243; text_font=\u00bbNoto Sans||||||||\u00bb text_font_size=\u00bb17px\u00bb text_line_height=\u00bb2em\u00bb link_font=\u00bb||||||||\u00bb ul_font=\u00bb||||||||\u00bb ol_font=\u00bb||||||||\u00bb quote_font=\u00bb||||||||\u00bb header_font=\u00bb||||||||\u00bb header_2_font=\u00bb||||||||\u00bb header_5_font=\u00bbNoto Sans|700|||||||\u00bb header_5_text_color=\u00bb#ff6b5a\u00bb header_5_font_size=\u00bb20px\u00bb header_5_line_height=\u00bb2em\u00bb custom_margin=\u00bb-5px||1px|||\u00bb]<\/p>\n<p><span><span style=\"font-size: x-large;\"><em><strong>Paseo Punta Hermengo<\/strong><\/em><\/span><strong><span style=\"font-size: x-large;\"><em>:<br \/><\/em><\/span>\u00a0<\/strong><\/span>Se emplaza desde el sector del Muelle de Pescadores hasta el ingreso al Vivero Florentino Ameghino. Este paseo se realiz\u00f3 con el fin de poner en valor un punto atractivo de la ciudad que se encontraba desvalorizado. El mismo es utilizado por residentes y turistas para realizar paseos recreativos, fitnnes y diversas actividades relacionadas al turismo activo.<\/p>\n<p><em>Condiciones de Accesibilidad:Accesibilidad f\u00edsica: Entorno inmediato accesible puesto que el Paseo Punta Hermengo, se encuentra totalmente a nivel, sin dificultad de tr\u00e1nsito para la persona con discapacidad. Accesibilidad visual: Falta la colocaci\u00f3n de elementos podot\u00e1ctiles, pero permite su uso por parte de la persona con discapacidad visual. Accesibilidad auditiva: Atractivo accesible.<\/em><\/p>\n<p style=\"text-align: justify;\">\n<p style=\"text-align: justify;\">\n<p>[\/et_pb_text][et_pb_image src=\u00bbhttps:\/\/miramar.tur.ar\/wp-content\/uploads\/2023\/03\/paseo-punta-hermengo.jpg\u00bb _builder_version=\u00bb4.9.4&#8243; _module_preset=\u00bbdefault\u00bb title_text=\u00bbDCIM101MEDIADJI_0162.JPG\u00bb hover_enabled=\u00bb0&#8243; sticky_enabled=\u00bb0&#8243;][\/et_pb_image][\/et_pb_column][et_pb_column type=\u00bb1_2&#8243; _builder_version=\u00bb3.25&#8243; custom_padding=\u00bb|||\u00bb custom_padding__hover=\u00bb|||\u00bb][et_pb_text _builder_version=\u00bb4.9.4&#8243; text_font=\u00bbNoto Sans||||||||\u00bb text_font_size=\u00bb17px\u00bb text_line_height=\u00bb2em\u00bb link_font=\u00bb||||||||\u00bb ul_font=\u00bb||||||||\u00bb ol_font=\u00bb||||||||\u00bb quote_font=\u00bb||||||||\u00bb header_font=\u00bb||||||||\u00bb header_2_font=\u00bb||||||||\u00bb header_5_font=\u00bbNoto Sans|700|||||||\u00bb header_5_text_color=\u00bb#ff6b5a\u00bb header_5_font_size=\u00bb20px\u00bb header_5_line_height=\u00bb2em\u00bb custom_margin=\u00bb-5px||2px|||\u00bb]<\/p>\n<p><span><span style=\"font-size: x-large;\"><em><strong>Paseo Peatonal<\/strong><\/em><\/span><strong><span style=\"font-size: x-large;\"><em>:<\/em><\/span>\u00a0<\/strong><\/span><br \/>Se emplaza<b><span>\u00a0<\/span><\/b>sobre el eje de la calle 21, desde la Av. Costanera y hasta la Av. 40. En dicha arteria se encuentra el centro comercial de la ciudad, muy concurrido por turistas y residentes durante todo el a\u00f1o, hallando aqu\u00ed todo tipo de comercios y ofertas de servicios. La calle 21 entre 12 y 24 es peatonal durante la temporada estival y Semana Santa de cada a\u00f1o, siendo de resaltar su dise\u00f1o, premiado por el Colegio de Arquitectos de la Provincia de Buenos Aires, integrando un recorrido agradable y distintivo.<\/p>\n<p><em>Condiciones de Accesibilidad: Accesibilidad f\u00edsica: Entorno inmediato accesible puesto que el Paseo Peatonal, se encuentra a nivel, sin dificultad de tr\u00e1nsito para la persona en silla de ruedas. Accesibilidad visual: Falta la colocaci\u00f3n de elementos podotactiles, pero permite su uso por parte de la persona con discapacidad visual. Accesibilidad auditiva: Atractivo accesible.<\/em><\/p>\n<p style=\"text-align: justify;\">\n<p style=\"text-align: justify;\">\n<p>[\/et_pb_text][et_pb_image src=\u00bbhttps:\/\/miramar.tur.ar\/wp-content\/uploads\/2023\/03\/PEATONAL.jpg\u00bb _builder_version=\u00bb4.9.4&#8243; _module_preset=\u00bbdefault\u00bb title_text=\u00bbDCIM101MEDIADJI_0162.JPG\u00bb hover_enabled=\u00bb0&#8243; sticky_enabled=\u00bb0&#8243;][\/et_pb_image][et_pb_divider _builder_version=\u00bb4.9.4&#8243; _module_preset=\u00bbdefault\u00bb custom_margin=\u00bb11px|||||\u00bb][\/et_pb_divider][et_pb_text _builder_version=\u00bb4.9.4&#8243; text_font=\u00bbNoto Sans||||||||\u00bb text_font_size=\u00bb17px\u00bb text_line_height=\u00bb2em\u00bb link_font=\u00bb||||||||\u00bb ul_font=\u00bb||||||||\u00bb ol_font=\u00bb||||||||\u00bb quote_font=\u00bb||||||||\u00bb header_font=\u00bb||||||||\u00bb header_2_font=\u00bb||||||||\u00bb header_5_font=\u00bbNoto Sans|700|||||||\u00bb header_5_text_color=\u00bb#ff6b5a\u00bb header_5_font_size=\u00bb20px\u00bb header_5_line_height=\u00bb2em\u00bb custom_margin=\u00bb-5px||4px|||\u00bb]<\/p>\n<p><span><span style=\"font-size: x-large;\"><em><strong>Paseo del Durazno<\/strong><\/em><\/span><strong><span style=\"font-size: x-large;\"><em>:<\/em><\/span>\u00a0<br \/><\/strong>Se ubica dentro del predio del Parque Los Patricios.<b>\u00a0<\/b>Surcando la orilla del arroyo, invita a transitarlo y disfrutar de un circuito saludable que nace en la costa y se extiende hasta la Av. 40. En el recorrido se emplazan m\u00e1quinas para hacer ejercicio al aire libre, para los amantes de la actividad f\u00edsica.<\/span><\/p>\n<p><em>Condiciones de Accesibilidad:Accesibilidad f\u00edsica: Entorno inmediato accesible puesto que posee caminer\u00edas de cemento que constituyen un paseo a nivel con las medidas reglamentarias. Accesibilidad visual: Falta la colocaci\u00f3n de elementos podot\u00e1ctiles. Accesibilidad auditiva: Atractivo accesible<\/em><\/p>\n<p style=\"text-align: justify;\">\n<p style=\"text-align: justify;\">\n<p>[\/et_pb_text][\/et_pb_column][\/et_pb_row][\/et_pb_section]<\/p>\n","protected":false},"excerpt":{"rendered":"<p>[et_pb_section fb_built=\u00bb1&#8243; fullwidth=\u00bbon\u00bb admin_label=\u00bbHeader\u00bb _builder_version=\u00bb3.22&#8243; background_color=\u00bb#b7b9c7&#8243; custom_padding=\u00bb0px|0|0px|0px|false|false\u00bb locked=\u00bboff\u00bb][et_pb_fullwidth_header title=\u00bbPASEOS Y EXCURSIONES\u00bb text_orientation=\u00bbcenter\u00bb header_fullscreen=\u00bbon\u00bb background_overlay_color=\u00bbrgba(83,90,128,0.3)\u00bb content_max_width=\u00bb90%\u00bb _builder_version=\u00bb4.9.4&#8243; title_font=\u00bbAsap Condensed|700|||||||\u00bb title_text_align=\u00bbcenter\u00bb title_font_size=\u00bb70px\u00bb title_line_height=\u00bb1.1em\u00bb content_font=\u00bbNoto Sans||||||||\u00bb content_font_size=\u00bb18px\u00bb content_line_height=\u00bb2em\u00bb subhead_font=\u00bbNoto Sans||||||||\u00bb subhead_text_align=\u00bbcenter\u00bb subhead_font_size=\u00bb30px\u00bb subhead_line_height=\u00bb2em\u00bb background_color=\u00bbrgba(255,255,255,0)\u00bb background_image=\u00bbhttps:\/\/miramar.tur.ar\/wp-content\/uploads\/2023\/01\/foodtruck.jpg\u00bb custom_button_one=\u00bbon\u00bb button_one_text_size=\u00bb17px\u00bb button_one_text_color=\u00bb#ffffff\u00bb button_one_bg_color=\u00bb#ff6b5a\u00bb button_one_border_width=\u00bb7px\u00bb button_one_border_color=\u00bb#ff6b5a\u00bb button_one_border_radius=\u00bb100px\u00bb button_one_font=\u00bbNoto Sans|700||on|||||\u00bb button_one_use_icon=\u00bboff\u00bb custom_margin=\u00bb|||\u00bb custom_padding=\u00bb110px||110px||true\u00bb custom_padding_tablet=\u00bb100px|||\u00bb custom_padding_phone=\u00bb65px||65px||true|\u00bb custom_padding_last_edited=\u00bbon|phone\u00bb animation_direction=\u00bbtop\u00bb title_font_size_tablet=\u00bb40px\u00bb title_font_size_phone=\u00bb\u00bb title_font_size_last_edited=\u00bbon|tablet\u00bb subhead_font_size_tablet=\u00bb\u00bb subhead_font_size_phone=\u00bb20px\u00bb subhead_font_size_last_edited=\u00bbon|desktop\u00bb subhead_line_height_tablet=\u00bb\u00bb [&hellip;]<\/p>\n","protected":false},"author":2,"featured_media":0,"parent":0,"menu_order":0,"comment_status":"closed","ping_status":"closed","template":"","meta":{"_et_pb_use_builder":"on","_et_pb_old_content":"","_et_gb_content_width":"","footnotes":""},"class_list":["post-2350","page","type-page","status-publish","hentry"],"_links":{"self":[{"href":"https:\/\/miramar.tur.ar\/index.php\/wp-json\/wp\/v2\/pages\/2350","targetHints":{"allow":["GET"]}}],"collection":[{"href":"https:\/\/miramar.tur.ar\/index.php\/wp-json\/wp\/v2\/pages"}],"about":[{"href":"https:\/\/miramar.tur.ar\/index.php\/wp-json\/wp\/v2\/types\/page"}],"author":[{"embeddable":true,"href":"https:\/\/miramar.tur.ar\/index.php\/wp-json\/wp\/v2\/users\/2"}],"replies":[{"embeddable":true,"href":"https:\/\/miramar.tur.ar\/index.php\/wp-json\/wp\/v2\/comments?post=2350"}],"version-history":[{"count":7,"href":"https:\/\/miramar.tur.ar\/index.php\/wp-json\/wp\/v2\/pages\/2350\/revisions"}],"predecessor-version":[{"id":2766,"href":"https:\/\/miramar.tur.ar\/index.php\/wp-json\/wp\/v2\/pages\/2350\/revisions\/2766"}],"wp:attachment":[{"href":"https:\/\/miramar.tur.ar\/index.php\/wp-json\/wp\/v2\/media?parent=2350"}],"curies":[{"name":"wp","href":"https:\/\/api.w.org\/{rel}","templated":true}]}}