{"id":141,"date":"2021-02-07T02:29:58","date_gmt":"2021-02-07T02:29:58","guid":{"rendered":"https:\/\/miramar.tur.ar\/?page_id=141"},"modified":"2021-02-07T02:37:16","modified_gmt":"2021-02-07T02:37:16","slug":"clima","status":"publish","type":"page","link":"https:\/\/miramar.tur.ar\/index.php\/clima\/","title":{"rendered":"Clima"},"content":{"rendered":"<p>[et_pb_section fb_built=\u00bb1&#8243; admin_label=\u00bbTours\u00bb _builder_version=\u00bb3.24&#8243;][et_pb_row column_structure=\u00bb2_5,3_5&#8243; _builder_version=\u00bb3.25&#8243;][et_pb_column type=\u00bb2_5&#8243; _builder_version=\u00bb3.25&#8243; custom_padding=\u00bb|||\u00bb custom_padding__hover=\u00bb|||\u00bb][et_pb_text _builder_version=\u00bb3.27.4&#8243; text_font=\u00bb||||||||\u00bb header_font=\u00bb||||||||\u00bb header_2_font=\u00bbPT Serif|700|||||||\u00bb header_2_font_size=\u00bb60px\u00bb header_2_line_height=\u00bb1.2em\u00bb max_width=\u00bb600px\u00bb custom_margin=\u00bb||15px\u00bb header_2_font_size_tablet=\u00bb42px\u00bb header_2_font_size_phone=\u00bb30px\u00bb header_2_font_size_last_edited=\u00bbon|phone\u00bb]<\/p>\n<h2>Clima<\/h2>\n<p>[\/et_pb_text][et_pb_divider color=\u00bb#000000&#8243; divider_weight=\u00bb5px\u00bb _builder_version=\u00bb3.23.3&#8243; width=\u00bb150px\u00bb][\/et_pb_divider][et_pb_text _builder_version=\u00bb4.6.5&#8243; text_font=\u00bbLato||||||||\u00bb text_font_size=\u00bb18px\u00bb text_line_height=\u00bb1.8em\u00bb text_font_size_tablet=\u00bb\u00bb text_font_size_phone=\u00bb15px\u00bb text_font_size_last_edited=\u00bbon|desktop\u00bb]<\/p>\n<p><em>Estad\u00edsticas y datos hist\u00f3ricos de las variantes meteorol\u00f3gicas de la ciudad.<\/em><\/p>\n<p>[\/et_pb_text][et_pb_text _builder_version=\u00bb4.6.5&#8243; text_font=\u00bbLato||||||||\u00bb text_font_size=\u00bb18px\u00bb text_line_height=\u00bb1.8em\u00bb custom_margin=\u00bb|-43px||||\u00bb text_font_size_tablet=\u00bb\u00bb text_font_size_phone=\u00bb15px\u00bb text_font_size_last_edited=\u00bbon|desktop\u00bb]<\/p>\n<p><strong>\u00a013,6\u00ba <span style=\"font-size: small;\">(Temperatura anual promedio)<\/span><\/strong><br \/>Considerando los rasgos clim\u00e1ticos de la zona, se ubica dentro de los climas \u201ctemplados con influencia oce\u00e1nica, con un continuo intercambio de masas de aire entre la interfase\u00a0tierra- mar.<br \/>Esto se asocia a una temperatura atmosf\u00e9rica anual media de 13,6\u00ba C ( m\u00ednimas absolutas alrededor de 0\u00baC y m\u00e1ximas absolutas en torno a 33\u00baC)<\/p>\n<p>\u00a0<strong>21,2\u00ba <span style=\"font-size: small;\">(Temperatura m\u00e1xima del mar en verano)<\/span><\/strong><br \/>La sanidad del agua de mar var\u00eda entre 33% y 35%, la temperatura superficial m\u00ednima promedio del mar es de 9,5\u00ba C en invierno, mientras que la m\u00e1xima promedio en verano es de 21,2\u00baC.<\/p>\n<p><strong>Temperatura del aire<\/strong><br \/>Miramar y la zona de influencia est\u00e1 comprendida dentro de los \u201cclimas de latitudes medias\u201d, respecto de la temperatura del aire.<\/p>\n<p>&nbsp;<\/p>\n<p>&nbsp;<\/p>\n<p>&nbsp;<\/p>\n<p>[\/et_pb_text][\/et_pb_column][et_pb_column type=\u00bb3_5&#8243; _builder_version=\u00bb3.25&#8243; custom_padding=\u00bb|||\u00bb custom_padding__hover=\u00bb|||\u00bb][et_pb_image src=\u00bbhttps:\/\/miramar.tur.ar\/wp-content\/uploads\/2021\/02\/localidades.jpg\u00bb title_text=\u00bblocalidades\u00bb _builder_version=\u00bb4.6.5&#8243; transform_translate=\u00bb10vw|0px\u00bb transform_translate_linked=\u00bboff\u00bb custom_margin=\u00bb-115px|||||\u00bb custom_margin_tablet=\u00bb20px||\u00bb custom_margin_phone=\u00bb\u00bb custom_margin_last_edited=\u00bbon|desktop\u00bb border_width_all=\u00bb30px\u00bb border_color_all=\u00bb#ffffff\u00bb box_shadow_style=\u00bbpreset3&#8243; box_shadow_horizontal=\u00bb5px\u00bb box_shadow_vertical=\u00bb25px\u00bb box_shadow_blur=\u00bb105px\u00bb box_shadow_spread=\u00bb-30px\u00bb box_shadow_color=\u00bbrgba(0,0,0,0.25)\u00bb][\/et_pb_image][et_pb_image src=\u00bbhttps:\/\/miramar.tur.ar\/wp-content\/uploads\/2021\/02\/3.jpg\u00bb title_text=\u00bb3&#8243; _builder_version=\u00bb4.6.5&#8243; max_width=\u00bb386px\u00bb custom_margin=\u00bb-375px||160px|||\u00bb custom_padding=\u00bb|||||\u00bb border_width_all=\u00bb7px\u00bb border_color_all=\u00bb#ffffff\u00bb box_shadow_style=\u00bbpreset3&#8243; box_shadow_vertical=\u00bb56px\u00bb box_shadow_blur=\u00bb65px\u00bb box_shadow_spread=\u00bb-15px\u00bb box_shadow_color=\u00bbrgba(0,0,0,0.4)\u00bb][\/et_pb_image][\/et_pb_column][\/et_pb_row][\/et_pb_section]<\/p>\n","protected":false},"excerpt":{"rendered":"<p>[et_pb_section fb_built=\u00bb1&#8243; admin_label=\u00bbTours\u00bb _builder_version=\u00bb3.24&#8243;][et_pb_row column_structure=\u00bb2_5,3_5&#8243; _builder_version=\u00bb3.25&#8243;][et_pb_column type=\u00bb2_5&#8243; _builder_version=\u00bb3.25&#8243; custom_padding=\u00bb|||\u00bb custom_padding__hover=\u00bb|||\u00bb][et_pb_text _builder_version=\u00bb3.27.4&#8243; text_font=\u00bb||||||||\u00bb header_font=\u00bb||||||||\u00bb header_2_font=\u00bbPT Serif|700|||||||\u00bb header_2_font_size=\u00bb60px\u00bb header_2_line_height=\u00bb1.2em\u00bb max_width=\u00bb600px\u00bb custom_margin=\u00bb||15px\u00bb header_2_font_size_tablet=\u00bb42px\u00bb header_2_font_size_phone=\u00bb30px\u00bb header_2_font_size_last_edited=\u00bbon|phone\u00bb] Clima [\/et_pb_text][et_pb_divider color=\u00bb#000000&#8243; divider_weight=\u00bb5px\u00bb _builder_version=\u00bb3.23.3&#8243; width=\u00bb150px\u00bb][\/et_pb_divider][et_pb_text _builder_version=\u00bb4.6.5&#8243; text_font=\u00bbLato||||||||\u00bb text_font_size=\u00bb18px\u00bb text_line_height=\u00bb1.8em\u00bb text_font_size_tablet=\u00bb\u00bb text_font_size_phone=\u00bb15px\u00bb text_font_size_last_edited=\u00bbon|desktop\u00bb] Estad\u00edsticas y datos hist\u00f3ricos de las variantes meteorol\u00f3gicas de la ciudad. [\/et_pb_text][et_pb_text _builder_version=\u00bb4.6.5&#8243; text_font=\u00bbLato||||||||\u00bb text_font_size=\u00bb18px\u00bb text_line_height=\u00bb1.8em\u00bb custom_margin=\u00bb|-43px||||\u00bb text_font_size_tablet=\u00bb\u00bb text_font_size_phone=\u00bb15px\u00bb text_font_size_last_edited=\u00bbon|desktop\u00bb] [&hellip;]<\/p>\n","protected":false},"author":2,"featured_media":0,"parent":0,"menu_order":0,"comment_status":"closed","ping_status":"closed","template":"","meta":{"_et_pb_use_builder":"on","_et_pb_old_content":"","_et_gb_content_width":"","footnotes":""},"class_list":["post-141","page","type-page","status-publish","hentry"],"_links":{"self":[{"href":"https:\/\/miramar.tur.ar\/index.php\/wp-json\/wp\/v2\/pages\/141","targetHints":{"allow":["GET"]}}],"collection":[{"href":"https:\/\/miramar.tur.ar\/index.php\/wp-json\/wp\/v2\/pages"}],"about":[{"href":"https:\/\/miramar.tur.ar\/index.php\/wp-json\/wp\/v2\/types\/page"}],"author":[{"embeddable":true,"href":"https:\/\/miramar.tur.ar\/index.php\/wp-json\/wp\/v2\/users\/2"}],"replies":[{"embeddable":true,"href":"https:\/\/miramar.tur.ar\/index.php\/wp-json\/wp\/v2\/comments?post=141"}],"version-history":[{"count":5,"href":"https:\/\/miramar.tur.ar\/index.php\/wp-json\/wp\/v2\/pages\/141\/revisions"}],"predecessor-version":[{"id":164,"href":"https:\/\/miramar.tur.ar\/index.php\/wp-json\/wp\/v2\/pages\/141\/revisions\/164"}],"wp:attachment":[{"href":"https:\/\/miramar.tur.ar\/index.php\/wp-json\/wp\/v2\/media?parent=141"}],"curies":[{"name":"wp","href":"https:\/\/api.w.org\/{rel}","templated":true}]}}