{"id":131,"date":"2021-02-07T01:55:33","date_gmt":"2021-02-07T01:55:33","guid":{"rendered":"https:\/\/miramar.tur.ar\/?page_id=131"},"modified":"2023-03-02T13:50:24","modified_gmt":"2023-03-02T13:50:24","slug":"caracteristicas","status":"publish","type":"page","link":"https:\/\/miramar.tur.ar\/index.php\/caracteristicas\/","title":{"rendered":"Caracteristicas"},"content":{"rendered":"<p>[et_pb_section fb_built=\u00bb1&#8243; admin_label=\u00bbCTA\u00bb _builder_version=\u00bb4.9.4&#8243; background_image=\u00bbhttps:\/\/miramar.tur.ar\/wp-content\/uploads\/2022\/08\/como-llegar.jpg\u00bb background_blend=\u00bbdarken\u00bb z_index=\u00bb10&#8243; global_module=\u00bb416&#8243; saved_tabs=\u00bball\u00bb locked=\u00bboff\u00bb][et_pb_row _builder_version=\u00bb4.6.5&#8243; background_color=\u00bbrgba(0,0,0,0)\u00bb min_height=\u00bb285px\u00bb custom_margin=\u00bb0px|auto||auto||\u00bb custom_padding=\u00bb80px|40px|80px|40px|true|true\u00bb box_shadow_style=\u00bbpreset3&#8243; box_shadow_horizontal=\u00bb5px\u00bb box_shadow_vertical=\u00bb25px\u00bb box_shadow_blur=\u00bb105px\u00bb box_shadow_spread=\u00bb-30px\u00bb box_shadow_color=\u00bbrgba(0,0,0,0.25)\u00bb locked=\u00bboff\u00bb][et_pb_column type=\u00bb4_4&#8243; _builder_version=\u00bb3.25&#8243; custom_padding=\u00bb|||\u00bb custom_padding__hover=\u00bb|||\u00bb][et_pb_text _builder_version=\u00bb4.6.5&#8243; text_font=\u00bbLato||||||||\u00bb text_font_size=\u00bb22px\u00bb text_line_height=\u00bb1.8em\u00bb header_font=\u00bb||||||||\u00bb header_2_font=\u00bbAsap Condensed|700|||||||\u00bb header_2_font_size=\u00bb64px\u00bb header_2_line_height=\u00bb1.2em\u00bb text_orientation=\u00bbcenter\u00bb width_tablet=\u00bb600px\u00bb width_phone=\u00bb400px\u00bb width_last_edited=\u00bboff|phone\u00bb max_width=\u00bb700px\u00bb max_width_tablet=\u00bb\u00bb max_width_phone=\u00bb\u00bb max_width_last_edited=\u00bbon|desktop\u00bb module_alignment=\u00bbcenter\u00bb custom_margin=\u00bb||15px\u00bb text_font_size_tablet=\u00bb\u00bb text_font_size_phone=\u00bb15px\u00bb text_font_size_last_edited=\u00bbon|desktop\u00bb header_2_font_size_tablet=\u00bb44px\u00bb header_2_font_size_phone=\u00bb28px\u00bb header_2_font_size_last_edited=\u00bbon|phone\u00bb locked=\u00bboff\u00bb]<\/p>\n<h2><span color=\"#ffffff\" style=\"color: #ffffff;\">CARACTERISTICAS<\/span><\/h2>\n<h2><\/h2>\n<p>[\/et_pb_text][\/et_pb_column][\/et_pb_row][\/et_pb_section][et_pb_section fb_built=\u00bb1&#8243; admin_label=\u00bbDetails\u00bb _builder_version=\u00bb3.24&#8243; locked=\u00bboff\u00bb][et_pb_row column_structure=\u00bb1_2,1_2&#8243; _builder_version=\u00bb3.25&#8243; custom_margin=\u00bb-60px|auto||auto||\u00bb][et_pb_column type=\u00bb1_2&#8243; _builder_version=\u00bb3.25&#8243; custom_padding=\u00bb|||\u00bb custom_padding__hover=\u00bb|||\u00bb][et_pb_text _builder_version=\u00bb4.6.5&#8243; text_font=\u00bb||||||||\u00bb header_font=\u00bb||||||||\u00bb header_2_font=\u00bbAsap Condensed|700|||||||\u00bb header_2_font_size=\u00bb60px\u00bb header_2_line_height=\u00bb1.2em\u00bb max_width=\u00bb600px\u00bb custom_margin=\u00bb86px||15px|||\u00bb custom_padding=\u00bb||18px|||\u00bb header_2_font_size_tablet=\u00bb42px\u00bb header_2_font_size_phone=\u00bb30px\u00bb header_2_font_size_last_edited=\u00bbon|tablet\u00bb locked=\u00bboff\u00bb]<\/p>\n<h2>Miramar<\/h2>\n<p>[\/et_pb_text][et_pb_accordion open_toggle_text_color=\u00bb#2a2a2a\u00bb open_toggle_background_color=\u00bbrgba(0,0,0,0)\u00bb closed_toggle_background_color=\u00bbrgba(0,0,0,0)\u00bb icon_color=\u00bb#0a95aa\u00bb use_icon_font_size=\u00bbon\u00bb icon_font_size=\u00bb18px\u00bb _builder_version=\u00bb4.6.5&#8243; toggle_text_color=\u00bb#2a2a2a\u00bb toggle_font=\u00bbAsap Condensed|600|||||||\u00bb toggle_font_size=\u00bb18px\u00bb toggle_line_height=\u00bb1.6em\u00bb min_height=\u00bb488px\u00bb custom_margin=\u00bb-15px|5px||||\u00bb custom_padding=\u00bb||\u00bb toggle_font_size_tablet=\u00bb\u00bb toggle_font_size_phone=\u00bb15px\u00bb toggle_font_size_last_edited=\u00bbon|desktop\u00bb border_width_all=\u00bb0px\u00bb border_width_bottom=\u00bb1px\u00bb border_color_bottom=\u00bb#e6e6e6&#8243;][et_pb_accordion_item title=\u00bbPartido\u00bb open=\u00bbon\u00bb _builder_version=\u00bb4.6.5&#8243; custom_margin=\u00bb||0px\u00bb]<\/p>\n<p>General Alvarado<\/p>\n<p>[\/et_pb_accordion_item][et_pb_accordion_item title=\u00bbLocalidades del Partido\u00bb _builder_version=\u00bb4.6.5&#8243; custom_margin=\u00bb||0px\u00bb open=\u00bboff\u00bb]<\/p>\n<p>Otamendi, Mar del Sud, Mechongue, Centinela del Mar<\/p>\n<p>[\/et_pb_accordion_item][et_pb_accordion_item title=\u00bbCiudad Cabecera \u00bb _builder_version=\u00bb4.6.5&#8243; custom_margin=\u00bb||0px\u00bb open=\u00bboff\u00bb]<\/p>\n<p>Miramar<\/p>\n<p>[\/et_pb_accordion_item][et_pb_accordion_item title=\u00bbActividad Econ\u00f3mica Principal\u00bb _builder_version=\u00bb4.6.5&#8243; custom_margin=\u00bb||0px\u00bb open=\u00bboff\u00bb]<\/p>\n<p>Turismo<\/p>\n<p>[\/et_pb_accordion_item][et_pb_accordion_item title=\u00bbCantidad de Habitantes\u00bb _builder_version=\u00bb4.6.5&#8243; custom_margin=\u00bb||0px\u00bb open=\u00bboff\u00bb]<\/p>\n<p>30.100 (Censo Indec 2010)<\/p>\n<p>[\/et_pb_accordion_item][et_pb_accordion_item title=\u00bbSuperficie Total\u00bb _builder_version=\u00bb4.6.5&#8243; custom_margin=\u00bb||0px\u00bb open=\u00bboff\u00bb]<\/p>\n<p>1677kms2<\/p>\n<p>[\/et_pb_accordion_item][et_pb_accordion_item title=\u00bbC\u00f3digo Postal\u00bb _builder_version=\u00bb4.6.5&#8243; custom_margin=\u00bb||0px\u00bb open=\u00bboff\u00bb]<\/p>\n<p>7607<\/p>\n<p>[\/et_pb_accordion_item][\/et_pb_accordion][et_pb_text _builder_version=\u00bb4.6.5&#8243; text_font=\u00bbAsap|500|||||||\u00bb text_font_size=\u00bb16px\u00bb text_line_height=\u00bb1.8em\u00bb custom_margin=\u00bb13px|||||\u00bb text_font_size_tablet=\u00bb\u00bb text_font_size_phone=\u00bb15px\u00bb text_font_size_last_edited=\u00bbon|desktop\u00bb locked=\u00bboff\u00bb]<\/p>\n<p>En cuanto a la flora, en la zona se encuentran pastizales utilizados\u00a0principalmente para ganader\u00eda y vegetaci\u00f3n le\u00f1osa implantada con la finalidad de\u00a0generar lugares de esparcimiento y\/o sitios de residencia. En la zona rural se cuenta con vegetaci\u00f3n implantada con fines productivos, como trigo, ma\u00edz, girasol, papa y soja. Para los tejidos urbanos, en muchos casos se tomaron elecciones no muy acertadas como pl\u00e1tanos y olmos ya que por su crecimiento ocasionan da\u00f1os a la\u00a0<span style=\"font-size: 16px;\">infraestructura de servicios. Por \u00faltimo en el sector costero encontramos numerosas especies introducidas con el fin de fijar las dunas y frenar en cierto sentido su avance sobre la ciudad.<\/span><\/p>\n<p>La fauna de la regi\u00f3n se caracteriza por la presencia de especies asociadas a pastizales, lagunas, arroyos, ba\u00f1ados y ambientes abiertos en general.\u00a0<\/p>\n<p>[\/et_pb_text][\/et_pb_column][et_pb_column type=\u00bb1_2&#8243; _builder_version=\u00bb3.25&#8243; custom_padding=\u00bb|||\u00bb custom_padding__hover=\u00bb|||\u00bb][et_pb_image src=\u00bbhttps:\/\/miramar.tur.ar\/wp-content\/uploads\/2022\/08\/foto-muelle.jpg\u00bb title_text=\u00bbfoto muelle\u00bb _builder_version=\u00bb4.9.4&#8243; _module_preset=\u00bbdefault\u00bb custom_margin=\u00bb106px|||||\u00bb][\/et_pb_image][et_pb_text _builder_version=\u00bb4.9.4&#8243; text_font=\u00bbAsap|500|||||||\u00bb text_font_size=\u00bb16px\u00bb text_line_height=\u00bb1.8em\u00bb min_height=\u00bb349px\u00bb custom_margin=\u00bb48px|||||\u00bb text_font_size_tablet=\u00bb\u00bb text_font_size_phone=\u00bb15px\u00bb text_font_size_last_edited=\u00bbon|desktop\u00bb locked=\u00bboff\u00bb]<\/p>\n<p>Sin embargo, la ganader\u00eda, la caza, la actividad forestal, la agricultura, las urbanizaciones y otras actividades del hombre, han modificado netamente la flora y la fauna nativas.<br \/>Alguna de estas actividades han tenido un impacto tan negativo que han llegado a provocar la extinci\u00f3n local y\/o regional de especies como el puma, el venado de las pampas, el \u00f1and\u00fa, y las copetonas. En las lagunas se cuenta con representantes de todos los grupos de vertebrados. Es una de las unidades de mayor diversidad de fauna del distrito, hall\u00e1ndose gran cantidad de especies de peces, anfibios, reptiles, mam\u00edferos y gran variedad de aves. Generalmente en las playas predominan las aves marinas y en el mar los lobos marinos y gran variedad de peces. Es un ambiente con elevado nivel de impacto debido al desarrollo urbano y tur\u00edstico.<\/p>\n<p>[\/et_pb_text][\/et_pb_column][\/et_pb_row][\/et_pb_section][et_pb_section fb_built=\u00bb1&#8243; admin_label=\u00bbDetails\u00bb _builder_version=\u00bb3.24&#8243; custom_padding=\u00bb0px|||||\u00bb locked=\u00bboff\u00bb][et_pb_row column_structure=\u00bb1_2,1_2&#8243; _builder_version=\u00bb3.25&#8243;][et_pb_column type=\u00bb1_2&#8243; _builder_version=\u00bb3.25&#8243; custom_padding=\u00bb|||\u00bb custom_padding__hover=\u00bb|||\u00bb][et_pb_text _builder_version=\u00bb4.6.5&#8243; text_font=\u00bb||||||||\u00bb header_font=\u00bb||||||||\u00bb header_2_font=\u00bbAsap Condensed|700|||||||\u00bb header_2_font_size=\u00bb60px\u00bb header_2_line_height=\u00bb1.2em\u00bb max_width=\u00bb600px\u00bb custom_margin=\u00bb||15px\u00bb header_2_font_size_tablet=\u00bb42px\u00bb header_2_font_size_phone=\u00bb30px\u00bb header_2_font_size_last_edited=\u00bbon|tablet\u00bb locked=\u00bboff\u00bb]<\/p>\n<h2>Clima<\/h2>\n<p>[\/et_pb_text][et_pb_text _builder_version=\u00bb4.6.5&#8243; text_font=\u00bbAsap|500|||||||\u00bb text_font_size=\u00bb16px\u00bb text_line_height=\u00bb1.8em\u00bb text_font_size_tablet=\u00bb\u00bb text_font_size_phone=\u00bb15px\u00bb text_font_size_last_edited=\u00bbon|desktop\u00bb locked=\u00bboff\u00bb]<\/p>\n<p><em>Estad\u00edsticas y datos hist\u00f3ricos de las variantes meteorol\u00f3gicas de la ciudad.<\/em><\/p>\n<p><strong>13,6\u00ba (Temperatura anual promedio)<\/strong><br \/>Considerando los rasgos clim\u00e1ticos de la zona, se ubica dentro de los climas \u201ctemplados con influencia oce\u00e1nica, con un continuo intercambio de masas de aire entre la interfase tierra- mar.<br \/>Esto se asocia a una temperatura atmosf\u00e9rica anual media de 13,6\u00ba C ( m\u00ednimas absolutas alrededor de 0\u00baC y m\u00e1ximas absolutas en torno a 33\u00baC)<\/p>\n<p><strong>21,2\u00ba (Temperatura m\u00e1xima del mar en verano)<\/strong><br \/>La sanidad del agua de mar var\u00eda entre 33% y 35%, la temperatura superficial m\u00ednima promedio del mar es de 9,5\u00ba C en invierno, mientras que la m\u00e1xima promedio en verano es de 21,2\u00baC.<\/p>\n<p><strong>14H 52 Seg (Fotoperiodo de m\u00e1xima duraci\u00f3n del a\u00f1o)<\/strong><br \/>El clima del distrito corresponde al denominado \u201csubh\u00famedo- h\u00famedo mesotermal con poca o nula deficiencia de agua.<\/p>\n<p><strong>853,5 Mil\u00edmetros (Promedio anual de precipitaciones)<\/strong><br \/>Las precipitaciones son m\u00e1s o menos regulares y alcanzan un promedio anual de 853,5mm)<\/p>\n<p><strong>Temperatura del aire<\/strong><br \/>Miramar y la zona de influencia est\u00e1 comprendida dentro de los \u201cclimas de latitudes medias\u201d, respecto de la temperatura del aire.<\/p>\n<p>[\/et_pb_text][\/et_pb_column][et_pb_column type=\u00bb1_2&#8243; _builder_version=\u00bb3.25&#8243; custom_padding=\u00bb|||\u00bb custom_padding__hover=\u00bb|||\u00bb][et_pb_image src=\u00bbhttps:\/\/miramar.tur.ar\/wp-content\/uploads\/2021\/04\/fotos-mar.jpg\u00bb title_text=\u00bbfotos mar\u00bb _builder_version=\u00bb4.6.5&#8243; _module_preset=\u00bbdefault\u00bb custom_margin=\u00bb106px|||||\u00bb][\/et_pb_image][\/et_pb_column][\/et_pb_row][\/et_pb_section][et_pb_section fb_built=\u00bb1&#8243; admin_label=\u00bbFooter\u00bb _builder_version=\u00bb4.6.5&#8243; use_background_color_gradient=\u00bbon\u00bb background_color_gradient_start=\u00bb#ffffff\u00bb background_color_gradient_end=\u00bbrgba(36,46,66,0)\u00bb background_color_gradient_end_position=\u00bb75%\u00bb background_color_gradient_overlays_image=\u00bbon\u00bb background_image=\u00bbhttps:\/\/miramar.tur.ar\/wp-content\/uploads\/2021\/02\/7.jpg\u00bb custom_padding=\u00bb||20vw\u00bb locked=\u00bboff\u00bb][et_pb_row _builder_version=\u00bb3.25&#8243; locked=\u00bboff\u00bb][et_pb_column type=\u00bb4_4&#8243; _builder_version=\u00bb3.25&#8243; custom_padding=\u00bb|||\u00bb custom_padding__hover=\u00bb|||\u00bb][et_pb_text _builder_version=\u00bb4.6.5&#8243; text_font=\u00bb||||||||\u00bb header_font=\u00bb||||||||\u00bb header_2_font=\u00bbAsap|700|||||||\u00bb header_2_font_size=\u00bb60px\u00bb header_2_line_height=\u00bb1.2em\u00bb text_orientation=\u00bbcenter\u00bb max_width=\u00bb600px\u00bb module_alignment=\u00bbcenter\u00bb custom_margin=\u00bb||15px\u00bb header_2_font_size_tablet=\u00bb42px\u00bb header_2_font_size_phone=\u00bb30px\u00bb header_2_font_size_last_edited=\u00bbon|tablet\u00bb locked=\u00bboff\u00bb]<\/p>\n<h2>\u00a0Suscribite para recibir mas info<\/h2>\n<p>[\/et_pb_text][et_pb_signup mailchimp_list=\u00bbelegantthemestest|1ea2bbd026&#8243; layout=\u00bbtop_bottom\u00bb first_name_field=\u00bboff\u00bb last_name_field=\u00bboff\u00bb _builder_version=\u00bb3.24&#8243; form_field_background_color=\u00bbrgba(36,46,66,0.05)\u00bb form_field_font=\u00bb||||||||\u00bb use_background_color=\u00bboff\u00bb custom_button=\u00bbon\u00bb button_text_size=\u00bb14px\u00bb button_bg_color=\u00bb#ff3314&#8243; button_border_width=\u00bb10px\u00bb button_border_color=\u00bbrgba(0,0,0,0)\u00bb button_border_radius=\u00bb0px\u00bb button_letter_spacing=\u00bb4px\u00bb button_font=\u00bbLato|700||on|||||\u00bb button_icon=\u00bb%%3%%\u00bb max_width=\u00bb600px\u00bb module_alignment=\u00bbcenter\u00bb custom_padding=\u00bb0px|||||\u00bb border_radii_fields=\u00bbon|0px|0px|0px|0px\u00bb][\/et_pb_signup][et_pb_social_media_follow icon_color=\u00bb#2a2a2a\u00bb _builder_version=\u00bb3.24&#8243; text_orientation=\u00bbcenter\u00bb border_radii=\u00bbon|50px|50px|50px|50px\u00bb border_width_all=\u00bb10px\u00bb border_color_all=\u00bbrgba(0,0,0,0)\u00bb icon_color__hover=\u00bb#000000&#8243;][et_pb_social_media_follow_network social_network=\u00bbfacebook\u00bb icon_color=\u00bb#2a2a2a\u00bb _builder_version=\u00bb3.24&#8243; background_color=\u00bb#ffffff\u00bb follow_button=\u00bboff\u00bb url_new_window=\u00bbon\u00bb]facebook[\/et_pb_social_media_follow_network][et_pb_social_media_follow_network social_network=\u00bbtwitter\u00bb icon_color=\u00bb#2a2a2a\u00bb _builder_version=\u00bb3.23.3&#8243; background_color=\u00bb#ffffff\u00bb follow_button=\u00bboff\u00bb url_new_window=\u00bbon\u00bb]twitter[\/et_pb_social_media_follow_network][et_pb_social_media_follow_network social_network=\u00bbinstagram\u00bb icon_color=\u00bb#2a2a2a\u00bb _builder_version=\u00bb3.23.3&#8243; background_color=\u00bb#ffffff\u00bb follow_button=\u00bboff\u00bb url_new_window=\u00bbon\u00bb]instagram[\/et_pb_social_media_follow_network][\/et_pb_social_media_follow][\/et_pb_column][\/et_pb_row][et_pb_row _builder_version=\u00bb3.25&#8243; width=\u00bb100%\u00bb max_width=\u00bbnone\u00bb locked=\u00bboff\u00bb][et_pb_column type=\u00bb4_4&#8243; _builder_version=\u00bb3.25&#8243; custom_padding=\u00bb|||\u00bb custom_padding__hover=\u00bb|||\u00bb][et_pb_image src=\u00bbhttps:\/\/miramar.tur.ar\/wp-content\/uploads\/2020\/10\/sight-seeing-49.png\u00bb show_bottom_space=\u00bboff\u00bb force_fullwidth=\u00bbon\u00bb _builder_version=\u00bb3.24&#8243; custom_margin=\u00bb||\u00bb][\/et_pb_image][\/et_pb_column][\/et_pb_row][\/et_pb_section]<\/p>\n","protected":false},"excerpt":{"rendered":"<p>[et_pb_section fb_built=\u00bb1&#8243; admin_label=\u00bbCTA\u00bb _builder_version=\u00bb4.9.4&#8243; background_image=\u00bbhttps:\/\/miramar.tur.ar\/wp-content\/uploads\/2022\/08\/como-llegar.jpg\u00bb background_blend=\u00bbdarken\u00bb z_index=\u00bb10&#8243; global_module=\u00bb416&#8243; saved_tabs=\u00bball\u00bb locked=\u00bboff\u00bb][et_pb_row _builder_version=\u00bb4.6.5&#8243; background_color=\u00bbrgba(0,0,0,0)\u00bb min_height=\u00bb285px\u00bb custom_margin=\u00bb0px|auto||auto||\u00bb custom_padding=\u00bb80px|40px|80px|40px|true|true\u00bb box_shadow_style=\u00bbpreset3&#8243; box_shadow_horizontal=\u00bb5px\u00bb box_shadow_vertical=\u00bb25px\u00bb box_shadow_blur=\u00bb105px\u00bb box_shadow_spread=\u00bb-30px\u00bb box_shadow_color=\u00bbrgba(0,0,0,0.25)\u00bb locked=\u00bboff\u00bb][et_pb_column type=\u00bb4_4&#8243; _builder_version=\u00bb3.25&#8243; custom_padding=\u00bb|||\u00bb custom_padding__hover=\u00bb|||\u00bb][et_pb_text _builder_version=\u00bb4.6.5&#8243; text_font=\u00bbLato||||||||\u00bb text_font_size=\u00bb22px\u00bb text_line_height=\u00bb1.8em\u00bb header_font=\u00bb||||||||\u00bb header_2_font=\u00bbAsap Condensed|700|||||||\u00bb header_2_font_size=\u00bb64px\u00bb header_2_line_height=\u00bb1.2em\u00bb text_orientation=\u00bbcenter\u00bb width_tablet=\u00bb600px\u00bb width_phone=\u00bb400px\u00bb width_last_edited=\u00bboff|phone\u00bb max_width=\u00bb700px\u00bb max_width_tablet=\u00bb\u00bb max_width_phone=\u00bb\u00bb max_width_last_edited=\u00bbon|desktop\u00bb module_alignment=\u00bbcenter\u00bb custom_margin=\u00bb||15px\u00bb text_font_size_tablet=\u00bb\u00bb text_font_size_phone=\u00bb15px\u00bb text_font_size_last_edited=\u00bbon|desktop\u00bb header_2_font_size_tablet=\u00bb44px\u00bb header_2_font_size_phone=\u00bb28px\u00bb header_2_font_size_last_edited=\u00bbon|phone\u00bb locked=\u00bboff\u00bb] CARACTERISTICAS [\/et_pb_text][\/et_pb_column][\/et_pb_row][\/et_pb_section][et_pb_section fb_built=\u00bb1&#8243; [&hellip;]<\/p>\n","protected":false},"author":2,"featured_media":0,"parent":0,"menu_order":0,"comment_status":"closed","ping_status":"closed","template":"","meta":{"_et_pb_use_builder":"on","_et_pb_old_content":"","_et_gb_content_width":"","footnotes":""},"class_list":["post-131","page","type-page","status-publish","hentry"],"_links":{"self":[{"href":"https:\/\/miramar.tur.ar\/index.php\/wp-json\/wp\/v2\/pages\/131","targetHints":{"allow":["GET"]}}],"collection":[{"href":"https:\/\/miramar.tur.ar\/index.php\/wp-json\/wp\/v2\/pages"}],"about":[{"href":"https:\/\/miramar.tur.ar\/index.php\/wp-json\/wp\/v2\/types\/page"}],"author":[{"embeddable":true,"href":"https:\/\/miramar.tur.ar\/index.php\/wp-json\/wp\/v2\/users\/2"}],"replies":[{"embeddable":true,"href":"https:\/\/miramar.tur.ar\/index.php\/wp-json\/wp\/v2\/comments?post=131"}],"version-history":[{"count":19,"href":"https:\/\/miramar.tur.ar\/index.php\/wp-json\/wp\/v2\/pages\/131\/revisions"}],"predecessor-version":[{"id":2691,"href":"https:\/\/miramar.tur.ar\/index.php\/wp-json\/wp\/v2\/pages\/131\/revisions\/2691"}],"wp:attachment":[{"href":"https:\/\/miramar.tur.ar\/index.php\/wp-json\/wp\/v2\/media?parent=131"}],"curies":[{"name":"wp","href":"https:\/\/api.w.org\/{rel}","templated":true}]}}